{"id":4420,"date":"2023-11-15T13:24:40","date_gmt":"2023-11-15T11:24:40","guid":{"rendered":"https:\/\/jucarii-lemn-online.ro\/?post_type=product&#038;p=4420"},"modified":"2026-03-25T16:49:03","modified_gmt":"2026-03-25T14:49:03","slug":"magyar-ingenioplay-oroknaptar-csillagterkep","status":"publish","type":"product","link":"https:\/\/jucarii-lemn-online.ro\/en\/produs\/magyar-ingenioplay-oroknaptar-csillagterkep\/","title":{"rendered":"Magyar IngenioPlay \u00f6r\u00f6knapt\u00e1r + csillagt\u00e9rk\u00e9p"},"content":{"rendered":"<div class=\"x11i5rnm xat24cr x1mh8g0r x1vvkbs xtlvy1s x126k92a\">\n<div>IngenioPlay \u00f6r\u00f6knapt\u00e1r + csillagt\u00e9rk\u00e9p.<\/div>\n<div><\/div>\n<\/div>\n<div class=\"x11i5rnm xat24cr x1mh8g0r x1vvkbs xtlvy1s x126k92a\">\n<div>Tartoz\u00e9kai:<\/div>\n<div>-12 h\u00f3nap<\/div>\n<div>&#8211; 7 nap<\/div>\n<div>&#8211; sz\u00e1mok<\/div>\n<div>&#8211; \u00e9vszakokat jel\u00f6l\u0151 z\u00f6ld \u00e9s s\u00e1rga levelek, vir\u00e1gok \u00e9s h\u00f3pelyhek<\/div>\n<div>&#8211; 5 db csillagt\u00e9rk\u00e9p<\/div>\n<div>&#8211; id\u0151j\u00e1r\u00e1s jel\u00f6l\u0151k<\/div>\n<div>&#8211; hold\u00e1ll\u00e1s jel\u00f6l\u0151<\/div>\n<div>&#8211; t\u00e1lca<\/div>\n<div>&#8211; fa<\/div>\n<\/div>\n<p>V\u00e1szonzs\u00e1kocsk\u00e1ban sz\u00e1llitjuk.<\/p>\n<p><strong>IngenioPlay<\/strong> j\u00e1t\u00e9k.<\/p>\n","protected":false},"excerpt":{"rendered":"<div class=\"x11i5rnm xat24cr x1mh8g0r x1vvkbs xtlvy1s x126k92a\">\n<div>Tartoz\u00e9kai:<\/div>\n<div>-12 h\u00f3nap<\/div>\n<div>&#8211; 7 nap<\/div>\n<div>&#8211; sz\u00e1mok<\/div>\n<div>&#8211; \u00e9vszakokat jel\u00f6l\u0151 z\u00f6ld \u00e9s s\u00e1rga levelek, vir\u00e1gok \u00e9s h\u00f3pelyhek<\/div>\n<div>&#8211; 5 db csillagt\u00e9rk\u00e9p<\/div>\n<div>&#8211; id\u0151j\u00e1r\u00e1s jel\u00f6l\u0151k<\/div>\n<div>&#8211; hold\u00e1ll\u00e1s jel\u00f6l\u0151<\/div>\n<div>&#8211; t\u00e1lca<\/div>\n<div>&#8211; fa<\/div>\n<\/div>\n","protected":false},"featured_media":4421,"template":"","meta":[],"product_brand":[],"product_cat":[92,117],"product_tag":[217,216],"class_list":{"0":"post-4420","1":"product","2":"type-product","3":"status-publish","4":"has-post-thumbnail","6":"product_cat-ingenioplay","7":"product_cat-jucarii-woodentoys","8":"product_tag-csillagterkep","9":"product_tag-oroknaptar","11":"first","12":"instock","13":"shipping-taxable","14":"purchasable","15":"product-type-simple"},"yoast_head":"<!-- This site is optimized with the Yoast SEO plugin v24.5 - https:\/\/yoast.com\/wordpress\/plugins\/seo\/ -->\n<title>Magyar IngenioPlay \u00f6r\u00f6knapt\u00e1r + csillagt\u00e9rk\u00e9p - Juc\u0103rii din lemn fabricate \u00een Rom\u00e2nia!<\/title>\n<meta name=\"description\" content=\"IngenioPlay \u00f6r\u00f6knapt\u00e1r + csillagt\u00e9rk\u00e9p.Tartoz\u00e9kai:-12 h\u00f3nap- 7 nap- sz\u00e1mok- \u00e9vszakokat jel\u00f6l\u0151 z\u00f6ld \u00e9s s\u00e1rga levelek, vir\u00e1gok \u00e9s h\u00f3pelyhek- 5 db csillagt\u00e9rk\u00e9p- id\u0151j\u00e1r\u00e1s jel\u00f6l\u0151k- hold\u00e1ll\u00e1s jel\u00f6l\u0151- t\u00e1lca- faV\u00e1szonzs\u00e1kocsk\u00e1ban sz\u00e1llitjuk.IngenioPlay j\u00e1t\u00e9k\" \/>\n<meta name=\"robots\" content=\"index, follow, max-snippet:-1, max-image-preview:large, max-video-preview:-1\" \/>\n<link rel=\"canonical\" href=\"https:\/\/jucarii-lemn-online.ro\/produs\/magyar-ingenioplay-oroknaptar-csillagterkep\/\" \/>\n<meta property=\"og:locale\" content=\"en_US\" \/>\n<meta property=\"og:type\" content=\"article\" \/>\n<meta property=\"og:title\" content=\"Magyar IngenioPlay \u00f6r\u00f6knapt\u00e1r + csillagt\u00e9rk\u00e9p - Juc\u0103rii din lemn fabricate \u00een Rom\u00e2nia!\" \/>\n<meta property=\"og:description\" content=\"IngenioPlay \u00f6r\u00f6knapt\u00e1r + csillagt\u00e9rk\u00e9p.Tartoz\u00e9kai:-12 h\u00f3nap- 7 nap- sz\u00e1mok- \u00e9vszakokat jel\u00f6l\u0151 z\u00f6ld \u00e9s s\u00e1rga levelek, vir\u00e1gok \u00e9s h\u00f3pelyhek- 5 db csillagt\u00e9rk\u00e9p- id\u0151j\u00e1r\u00e1s jel\u00f6l\u0151k- hold\u00e1ll\u00e1s jel\u00f6l\u0151- t\u00e1lca- faV\u00e1szonzs\u00e1kocsk\u00e1ban sz\u00e1llitjuk.IngenioPlay j\u00e1t\u00e9k\" \/>\n<meta property=\"og:url\" content=\"https:\/\/jucarii-lemn-online.ro\/produs\/magyar-ingenioplay-oroknaptar-csillagterkep\/\" \/>\n<meta property=\"og:site_name\" content=\"Juc\u0103rii din lemn fabricate \u00een Rom\u00e2nia!\" \/>\n<meta property=\"article:modified_time\" content=\"2026-03-25T14:49:03+00:00\" \/>\n<meta property=\"og:image\" content=\"https:\/\/jucarii-lemn-online.ro\/wp-content\/uploads\/2023\/11\/orokna-scaled.jpg\" \/>\n\t<meta property=\"og:image:width\" content=\"2560\" \/>\n\t<meta property=\"og:image:height\" content=\"1919\" \/>\n\t<meta property=\"og:image:type\" content=\"image\/jpeg\" \/>\n<meta name=\"twitter:card\" content=\"summary_large_image\" \/>\n<meta name=\"twitter:label1\" content=\"Est. reading time\" \/>\n\t<meta name=\"twitter:data1\" content=\"1 minute\" \/>\n<script type=\"application\/ld+json\" class=\"yoast-schema-graph\">{\"@context\":\"https:\/\/schema.org\",\"@graph\":[{\"@type\":\"WebPage\",\"@id\":\"https:\/\/jucarii-lemn-online.ro\/produs\/magyar-ingenioplay-oroknaptar-csillagterkep\/\",\"url\":\"https:\/\/jucarii-lemn-online.ro\/produs\/magyar-ingenioplay-oroknaptar-csillagterkep\/\",\"name\":\"Magyar IngenioPlay \u00f6r\u00f6knapt\u00e1r + csillagt\u00e9rk\u00e9p - Juc\u0103rii din lemn fabricate \u00een Rom\u00e2nia!\",\"isPartOf\":{\"@id\":\"https:\/\/jucarii-lemn-online.ro\/#website\"},\"primaryImageOfPage\":{\"@id\":\"https:\/\/jucarii-lemn-online.ro\/produs\/magyar-ingenioplay-oroknaptar-csillagterkep\/#primaryimage\"},\"image\":{\"@id\":\"https:\/\/jucarii-lemn-online.ro\/produs\/magyar-ingenioplay-oroknaptar-csillagterkep\/#primaryimage\"},\"thumbnailUrl\":\"https:\/\/jucarii-lemn-online.ro\/wp-content\/uploads\/2023\/11\/orokna-scaled.jpg\",\"datePublished\":\"2023-11-15T11:24:40+00:00\",\"dateModified\":\"2026-03-25T14:49:03+00:00\",\"description\":\"IngenioPlay \u00f6r\u00f6knapt\u00e1r + csillagt\u00e9rk\u00e9p.Tartoz\u00e9kai:-12 h\u00f3nap- 7 nap- sz\u00e1mok- \u00e9vszakokat jel\u00f6l\u0151 z\u00f6ld \u00e9s s\u00e1rga levelek, vir\u00e1gok \u00e9s h\u00f3pelyhek- 5 db csillagt\u00e9rk\u00e9p- id\u0151j\u00e1r\u00e1s jel\u00f6l\u0151k- hold\u00e1ll\u00e1s jel\u00f6l\u0151- t\u00e1lca- faV\u00e1szonzs\u00e1kocsk\u00e1ban sz\u00e1llitjuk.IngenioPlay j\u00e1t\u00e9k\",\"breadcrumb\":{\"@id\":\"https:\/\/jucarii-lemn-online.ro\/produs\/magyar-ingenioplay-oroknaptar-csillagterkep\/#breadcrumb\"},\"inLanguage\":\"en-US\",\"potentialAction\":[{\"@type\":\"ReadAction\",\"target\":[\"https:\/\/jucarii-lemn-online.ro\/produs\/magyar-ingenioplay-oroknaptar-csillagterkep\/\"]}]},{\"@type\":\"ImageObject\",\"inLanguage\":\"en-US\",\"@id\":\"https:\/\/jucarii-lemn-online.ro\/produs\/magyar-ingenioplay-oroknaptar-csillagterkep\/#primaryimage\",\"url\":\"https:\/\/jucarii-lemn-online.ro\/wp-content\/uploads\/2023\/11\/orokna-scaled.jpg\",\"contentUrl\":\"https:\/\/jucarii-lemn-online.ro\/wp-content\/uploads\/2023\/11\/orokna-scaled.jpg\",\"width\":2560,\"height\":1919},{\"@type\":\"BreadcrumbList\",\"@id\":\"https:\/\/jucarii-lemn-online.ro\/produs\/magyar-ingenioplay-oroknaptar-csillagterkep\/#breadcrumb\",\"itemListElement\":[{\"@type\":\"ListItem\",\"position\":1,\"name\":\"Prima pagin\u0103\",\"item\":\"https:\/\/jucarii-lemn-online.ro\/en\/\"},{\"@type\":\"ListItem\",\"position\":2,\"name\":\"Shop\",\"item\":\"https:\/\/jucarii-lemn-online.ro\/en\/shop-2\/\"},{\"@type\":\"ListItem\",\"position\":3,\"name\":\"Magyar IngenioPlay \u00f6r\u00f6knapt\u00e1r + csillagt\u00e9rk\u00e9p\"}]},{\"@type\":\"WebSite\",\"@id\":\"https:\/\/jucarii-lemn-online.ro\/#website\",\"url\":\"https:\/\/jucarii-lemn-online.ro\/\",\"name\":\"Juc\u0103rii din lemn fabricate \u00een Rom\u00e2nia!\",\"description\":\"Juc\u0103rii din lemn fabricate \u00een Rom\u00e2nia!\",\"potentialAction\":[{\"@type\":\"SearchAction\",\"target\":{\"@type\":\"EntryPoint\",\"urlTemplate\":\"https:\/\/jucarii-lemn-online.ro\/?s={search_term_string}\"},\"query-input\":{\"@type\":\"PropertyValueSpecification\",\"valueRequired\":true,\"valueName\":\"search_term_string\"}}],\"inLanguage\":\"en-US\"}]}<\/script>\n<!-- \/ Yoast SEO plugin. -->","yoast_head_json":{"title":"Magyar IngenioPlay \u00f6r\u00f6knapt\u00e1r + csillagt\u00e9rk\u00e9p - Juc\u0103rii din lemn fabricate \u00een Rom\u00e2nia!","description":"IngenioPlay \u00f6r\u00f6knapt\u00e1r + csillagt\u00e9rk\u00e9p.Tartoz\u00e9kai:-12 h\u00f3nap- 7 nap- sz\u00e1mok- \u00e9vszakokat jel\u00f6l\u0151 z\u00f6ld \u00e9s s\u00e1rga levelek, vir\u00e1gok \u00e9s h\u00f3pelyhek- 5 db csillagt\u00e9rk\u00e9p- id\u0151j\u00e1r\u00e1s jel\u00f6l\u0151k- hold\u00e1ll\u00e1s jel\u00f6l\u0151- t\u00e1lca- faV\u00e1szonzs\u00e1kocsk\u00e1ban sz\u00e1llitjuk.IngenioPlay j\u00e1t\u00e9k","robots":{"index":"index","follow":"follow","max-snippet":"max-snippet:-1","max-image-preview":"max-image-preview:large","max-video-preview":"max-video-preview:-1"},"canonical":"https:\/\/jucarii-lemn-online.ro\/produs\/magyar-ingenioplay-oroknaptar-csillagterkep\/","og_locale":"en_US","og_type":"article","og_title":"Magyar IngenioPlay \u00f6r\u00f6knapt\u00e1r + csillagt\u00e9rk\u00e9p - Juc\u0103rii din lemn fabricate \u00een Rom\u00e2nia!","og_description":"IngenioPlay \u00f6r\u00f6knapt\u00e1r + csillagt\u00e9rk\u00e9p.Tartoz\u00e9kai:-12 h\u00f3nap- 7 nap- sz\u00e1mok- \u00e9vszakokat jel\u00f6l\u0151 z\u00f6ld \u00e9s s\u00e1rga levelek, vir\u00e1gok \u00e9s h\u00f3pelyhek- 5 db csillagt\u00e9rk\u00e9p- id\u0151j\u00e1r\u00e1s jel\u00f6l\u0151k- hold\u00e1ll\u00e1s jel\u00f6l\u0151- t\u00e1lca- faV\u00e1szonzs\u00e1kocsk\u00e1ban sz\u00e1llitjuk.IngenioPlay j\u00e1t\u00e9k","og_url":"https:\/\/jucarii-lemn-online.ro\/produs\/magyar-ingenioplay-oroknaptar-csillagterkep\/","og_site_name":"Juc\u0103rii din lemn fabricate \u00een Rom\u00e2nia!","article_modified_time":"2026-03-25T14:49:03+00:00","og_image":[{"width":2560,"height":1919,"url":"https:\/\/jucarii-lemn-online.ro\/wp-content\/uploads\/2023\/11\/orokna-scaled.jpg","type":"image\/jpeg"}],"twitter_card":"summary_large_image","twitter_misc":{"Est. reading time":"1 minute"},"schema":{"@context":"https:\/\/schema.org","@graph":[{"@type":"WebPage","@id":"https:\/\/jucarii-lemn-online.ro\/produs\/magyar-ingenioplay-oroknaptar-csillagterkep\/","url":"https:\/\/jucarii-lemn-online.ro\/produs\/magyar-ingenioplay-oroknaptar-csillagterkep\/","name":"Magyar IngenioPlay \u00f6r\u00f6knapt\u00e1r + csillagt\u00e9rk\u00e9p - Juc\u0103rii din lemn fabricate \u00een Rom\u00e2nia!","isPartOf":{"@id":"https:\/\/jucarii-lemn-online.ro\/#website"},"primaryImageOfPage":{"@id":"https:\/\/jucarii-lemn-online.ro\/produs\/magyar-ingenioplay-oroknaptar-csillagterkep\/#primaryimage"},"image":{"@id":"https:\/\/jucarii-lemn-online.ro\/produs\/magyar-ingenioplay-oroknaptar-csillagterkep\/#primaryimage"},"thumbnailUrl":"https:\/\/jucarii-lemn-online.ro\/wp-content\/uploads\/2023\/11\/orokna-scaled.jpg","datePublished":"2023-11-15T11:24:40+00:00","dateModified":"2026-03-25T14:49:03+00:00","description":"IngenioPlay \u00f6r\u00f6knapt\u00e1r + csillagt\u00e9rk\u00e9p.Tartoz\u00e9kai:-12 h\u00f3nap- 7 nap- sz\u00e1mok- \u00e9vszakokat jel\u00f6l\u0151 z\u00f6ld \u00e9s s\u00e1rga levelek, vir\u00e1gok \u00e9s h\u00f3pelyhek- 5 db csillagt\u00e9rk\u00e9p- id\u0151j\u00e1r\u00e1s jel\u00f6l\u0151k- hold\u00e1ll\u00e1s jel\u00f6l\u0151- t\u00e1lca- faV\u00e1szonzs\u00e1kocsk\u00e1ban sz\u00e1llitjuk.IngenioPlay j\u00e1t\u00e9k","breadcrumb":{"@id":"https:\/\/jucarii-lemn-online.ro\/produs\/magyar-ingenioplay-oroknaptar-csillagterkep\/#breadcrumb"},"inLanguage":"en-US","potentialAction":[{"@type":"ReadAction","target":["https:\/\/jucarii-lemn-online.ro\/produs\/magyar-ingenioplay-oroknaptar-csillagterkep\/"]}]},{"@type":"ImageObject","inLanguage":"en-US","@id":"https:\/\/jucarii-lemn-online.ro\/produs\/magyar-ingenioplay-oroknaptar-csillagterkep\/#primaryimage","url":"https:\/\/jucarii-lemn-online.ro\/wp-content\/uploads\/2023\/11\/orokna-scaled.jpg","contentUrl":"https:\/\/jucarii-lemn-online.ro\/wp-content\/uploads\/2023\/11\/orokna-scaled.jpg","width":2560,"height":1919},{"@type":"BreadcrumbList","@id":"https:\/\/jucarii-lemn-online.ro\/produs\/magyar-ingenioplay-oroknaptar-csillagterkep\/#breadcrumb","itemListElement":[{"@type":"ListItem","position":1,"name":"Prima pagin\u0103","item":"https:\/\/jucarii-lemn-online.ro\/en\/"},{"@type":"ListItem","position":2,"name":"Shop","item":"https:\/\/jucarii-lemn-online.ro\/en\/shop-2\/"},{"@type":"ListItem","position":3,"name":"Magyar IngenioPlay \u00f6r\u00f6knapt\u00e1r + csillagt\u00e9rk\u00e9p"}]},{"@type":"WebSite","@id":"https:\/\/jucarii-lemn-online.ro\/#website","url":"https:\/\/jucarii-lemn-online.ro\/","name":"Juc\u0103rii din lemn fabricate \u00een Rom\u00e2nia!","description":"Juc\u0103rii din lemn fabricate \u00een Rom\u00e2nia!","potentialAction":[{"@type":"SearchAction","target":{"@type":"EntryPoint","urlTemplate":"https:\/\/jucarii-lemn-online.ro\/?s={search_term_string}"},"query-input":{"@type":"PropertyValueSpecification","valueRequired":true,"valueName":"search_term_string"}}],"inLanguage":"en-US"}]}},"_links":{"self":[{"href":"https:\/\/jucarii-lemn-online.ro\/en\/wp-json\/wp\/v2\/product\/4420","targetHints":{"allow":["GET"]}}],"collection":[{"href":"https:\/\/jucarii-lemn-online.ro\/en\/wp-json\/wp\/v2\/product"}],"about":[{"href":"https:\/\/jucarii-lemn-online.ro\/en\/wp-json\/wp\/v2\/types\/product"}],"wp:featuredmedia":[{"embeddable":true,"href":"https:\/\/jucarii-lemn-online.ro\/en\/wp-json\/wp\/v2\/media\/4421"}],"wp:attachment":[{"href":"https:\/\/jucarii-lemn-online.ro\/en\/wp-json\/wp\/v2\/media?parent=4420"}],"wp:term":[{"taxonomy":"product_brand","embeddable":true,"href":"https:\/\/jucarii-lemn-online.ro\/en\/wp-json\/wp\/v2\/product_brand?post=4420"},{"taxonomy":"product_cat","embeddable":true,"href":"https:\/\/jucarii-lemn-online.ro\/en\/wp-json\/wp\/v2\/product_cat?post=4420"},{"taxonomy":"product_tag","embeddable":true,"href":"https:\/\/jucarii-lemn-online.ro\/en\/wp-json\/wp\/v2\/product_tag?post=4420"}],"curies":[{"name":"wp","href":"https:\/\/api.w.org\/{rel}","templated":true}]}}