{"id":4402,"date":"2023-11-13T16:10:48","date_gmt":"2023-11-13T14:10:48","guid":{"rendered":"https:\/\/jucarii-lemn-online.ro\/?post_type=product&#038;p=4402"},"modified":"2026-04-14T20:21:08","modified_gmt":"2026-04-14T18:21:08","slug":"huszar","status":"publish","type":"product","link":"https:\/\/jucarii-lemn-online.ro\/en\/produs\/huszar\/","title":{"rendered":"Husar &#8211; figurin\u0103 decorativ\u0103 din lemn"},"content":{"rendered":"<p>Mic\u0103, dar plin\u0103 de farmec, aceast\u0103 figurin\u0103 din lemn este mai mult dec\u00e2t un obiect decorativ \u2013 este o poveste sculptat\u0103 cu migal\u0103. Realizat\u0103 manual, fiecare pies\u0103 poart\u0103 urmele unice ale lemnului \u0219i ale me\u0219terului care a creat-o. Perfect\u0103 ca suvenir sau parte dintr-o colec\u021bie special\u0103, aceast\u0103 figurin\u0103 aduce cu ea c\u0103ldura lucrului autentic, f\u0103cut cu suflet.<br \/>\nMarime:<br \/>\nContraindicat copiilor sub 3 ani, con\u021bine piese mici deta\u0219abile, care pot fi \u00eenghi\u021bite.<\/p>\n","protected":false},"excerpt":{"rendered":"<p data-start=\"596\" data-end=\"822\">Figurin\u0103 din lemn realizat\u0103 manual, parte dintr-o serie de colec\u021bie. Fiecare pies\u0103 este unic\u0103, finisat\u0103 cu grij\u0103 \u0219i g\u00e2ndit\u0103 ca suvenir \u2013 o mic\u0103 oper\u0103 de art\u0103 care p\u0103streaz\u0103 frumuse\u021bea simplit\u0103\u021bii \u0219i a me\u0219te\u0219ugului tradi\u021bional.<\/p>\n","protected":false},"featured_media":5343,"template":"","meta":[],"product_brand":[],"product_cat":[206],"product_tag":[163,213,212],"class_list":{"0":"post-4402","1":"product","2":"type-product","3":"status-publish","4":"has-post-thumbnail","6":"product_cat-pista-ba","7":"product_tag-figurina","8":"product_tag-husar","9":"product_tag-huszar","11":"first","12":"instock","13":"sale","14":"shipping-taxable","15":"purchasable","16":"product-type-simple"},"yoast_head":"<!-- This site is optimized with the Yoast SEO plugin v24.5 - https:\/\/yoast.com\/wordpress\/plugins\/seo\/ -->\n<title>Husar - figurin\u0103 decorativ\u0103 din lemn - Juc\u0103rii din lemn fabricate \u00een Rom\u00e2nia!<\/title>\n<meta name=\"description\" content=\"Figurin\u0103 din lemn realizat\u0103 manual, parte dintr-o serie de colec\u021bie. Fiecare pies\u0103 este unic\u0103, finisat\u0103 cu grij\u0103 \u0219i g\u00e2ndit\u0103 ca suvenir \u2013 o mic\u0103 oper\u0103 de art\u0103 care p\u0103streaz\u0103 frumuse\u021bea simplit\u0103\u021bii \u0219i a me\u0219te\u0219ugului tradi\u021bional.\" \/>\n<meta name=\"robots\" content=\"index, follow, max-snippet:-1, max-image-preview:large, max-video-preview:-1\" \/>\n<link rel=\"canonical\" href=\"https:\/\/jucarii-lemn-online.ro\/produs\/huszar\/\" \/>\n<meta property=\"og:locale\" content=\"en_US\" \/>\n<meta property=\"og:type\" content=\"article\" \/>\n<meta property=\"og:title\" content=\"Husar - figurin\u0103 decorativ\u0103 din lemn - Juc\u0103rii din lemn fabricate \u00een Rom\u00e2nia!\" \/>\n<meta property=\"og:description\" content=\"Figurin\u0103 din lemn realizat\u0103 manual, parte dintr-o serie de colec\u021bie. Fiecare pies\u0103 este unic\u0103, finisat\u0103 cu grij\u0103 \u0219i g\u00e2ndit\u0103 ca suvenir \u2013 o mic\u0103 oper\u0103 de art\u0103 care p\u0103streaz\u0103 frumuse\u021bea simplit\u0103\u021bii \u0219i a me\u0219te\u0219ugului tradi\u021bional.\" \/>\n<meta property=\"og:url\" content=\"https:\/\/jucarii-lemn-online.ro\/produs\/huszar\/\" \/>\n<meta property=\"og:site_name\" content=\"Juc\u0103rii din lemn fabricate \u00een Rom\u00e2nia!\" \/>\n<meta property=\"article:modified_time\" content=\"2026-04-14T18:21:08+00:00\" \/>\n<meta property=\"og:image\" content=\"https:\/\/jucarii-lemn-online.ro\/wp-content\/uploads\/2025\/11\/ChatGPT-Image-2026.-jan.-6.-20_22_27.png\" \/>\n\t<meta property=\"og:image:width\" content=\"1024\" \/>\n\t<meta property=\"og:image:height\" content=\"1024\" \/>\n\t<meta property=\"og:image:type\" content=\"image\/png\" \/>\n<meta name=\"twitter:card\" content=\"summary_large_image\" \/>\n<meta name=\"twitter:label1\" content=\"Est. reading time\" \/>\n\t<meta name=\"twitter:data1\" content=\"1 minute\" \/>\n<script type=\"application\/ld+json\" class=\"yoast-schema-graph\">{\"@context\":\"https:\/\/schema.org\",\"@graph\":[{\"@type\":\"WebPage\",\"@id\":\"https:\/\/jucarii-lemn-online.ro\/produs\/huszar\/\",\"url\":\"https:\/\/jucarii-lemn-online.ro\/produs\/huszar\/\",\"name\":\"Husar - figurin\u0103 decorativ\u0103 din lemn - Juc\u0103rii din lemn fabricate \u00een Rom\u00e2nia!\",\"isPartOf\":{\"@id\":\"https:\/\/jucarii-lemn-online.ro\/#website\"},\"primaryImageOfPage\":{\"@id\":\"https:\/\/jucarii-lemn-online.ro\/produs\/huszar\/#primaryimage\"},\"image\":{\"@id\":\"https:\/\/jucarii-lemn-online.ro\/produs\/huszar\/#primaryimage\"},\"thumbnailUrl\":\"https:\/\/jucarii-lemn-online.ro\/wp-content\/uploads\/2025\/11\/ChatGPT-Image-2026.-jan.-6.-20_22_27.png\",\"datePublished\":\"2023-11-13T14:10:48+00:00\",\"dateModified\":\"2026-04-14T18:21:08+00:00\",\"description\":\"Figurin\u0103 din lemn realizat\u0103 manual, parte dintr-o serie de colec\u021bie. Fiecare pies\u0103 este unic\u0103, finisat\u0103 cu grij\u0103 \u0219i g\u00e2ndit\u0103 ca suvenir \u2013 o mic\u0103 oper\u0103 de art\u0103 care p\u0103streaz\u0103 frumuse\u021bea simplit\u0103\u021bii \u0219i a me\u0219te\u0219ugului tradi\u021bional.\",\"breadcrumb\":{\"@id\":\"https:\/\/jucarii-lemn-online.ro\/produs\/huszar\/#breadcrumb\"},\"inLanguage\":\"en-US\",\"potentialAction\":[{\"@type\":\"ReadAction\",\"target\":[\"https:\/\/jucarii-lemn-online.ro\/produs\/huszar\/\"]}]},{\"@type\":\"ImageObject\",\"inLanguage\":\"en-US\",\"@id\":\"https:\/\/jucarii-lemn-online.ro\/produs\/huszar\/#primaryimage\",\"url\":\"https:\/\/jucarii-lemn-online.ro\/wp-content\/uploads\/2025\/11\/ChatGPT-Image-2026.-jan.-6.-20_22_27.png\",\"contentUrl\":\"https:\/\/jucarii-lemn-online.ro\/wp-content\/uploads\/2025\/11\/ChatGPT-Image-2026.-jan.-6.-20_22_27.png\",\"width\":1024,\"height\":1024},{\"@type\":\"BreadcrumbList\",\"@id\":\"https:\/\/jucarii-lemn-online.ro\/produs\/huszar\/#breadcrumb\",\"itemListElement\":[{\"@type\":\"ListItem\",\"position\":1,\"name\":\"Prima pagin\u0103\",\"item\":\"https:\/\/jucarii-lemn-online.ro\/en\/\"},{\"@type\":\"ListItem\",\"position\":2,\"name\":\"Shop\",\"item\":\"https:\/\/jucarii-lemn-online.ro\/en\/shop-2\/\"},{\"@type\":\"ListItem\",\"position\":3,\"name\":\"Husar &#8211; figurin\u0103 decorativ\u0103 din lemn\"}]},{\"@type\":\"WebSite\",\"@id\":\"https:\/\/jucarii-lemn-online.ro\/#website\",\"url\":\"https:\/\/jucarii-lemn-online.ro\/\",\"name\":\"Juc\u0103rii din lemn fabricate \u00een Rom\u00e2nia!\",\"description\":\"Juc\u0103rii din lemn fabricate \u00een Rom\u00e2nia!\",\"potentialAction\":[{\"@type\":\"SearchAction\",\"target\":{\"@type\":\"EntryPoint\",\"urlTemplate\":\"https:\/\/jucarii-lemn-online.ro\/?s={search_term_string}\"},\"query-input\":{\"@type\":\"PropertyValueSpecification\",\"valueRequired\":true,\"valueName\":\"search_term_string\"}}],\"inLanguage\":\"en-US\"}]}<\/script>\n<!-- \/ Yoast SEO plugin. -->","yoast_head_json":{"title":"Husar - figurin\u0103 decorativ\u0103 din lemn - Juc\u0103rii din lemn fabricate \u00een Rom\u00e2nia!","description":"Figurin\u0103 din lemn realizat\u0103 manual, parte dintr-o serie de colec\u021bie. Fiecare pies\u0103 este unic\u0103, finisat\u0103 cu grij\u0103 \u0219i g\u00e2ndit\u0103 ca suvenir \u2013 o mic\u0103 oper\u0103 de art\u0103 care p\u0103streaz\u0103 frumuse\u021bea simplit\u0103\u021bii \u0219i a me\u0219te\u0219ugului tradi\u021bional.","robots":{"index":"index","follow":"follow","max-snippet":"max-snippet:-1","max-image-preview":"max-image-preview:large","max-video-preview":"max-video-preview:-1"},"canonical":"https:\/\/jucarii-lemn-online.ro\/produs\/huszar\/","og_locale":"en_US","og_type":"article","og_title":"Husar - figurin\u0103 decorativ\u0103 din lemn - Juc\u0103rii din lemn fabricate \u00een Rom\u00e2nia!","og_description":"Figurin\u0103 din lemn realizat\u0103 manual, parte dintr-o serie de colec\u021bie. Fiecare pies\u0103 este unic\u0103, finisat\u0103 cu grij\u0103 \u0219i g\u00e2ndit\u0103 ca suvenir \u2013 o mic\u0103 oper\u0103 de art\u0103 care p\u0103streaz\u0103 frumuse\u021bea simplit\u0103\u021bii \u0219i a me\u0219te\u0219ugului tradi\u021bional.","og_url":"https:\/\/jucarii-lemn-online.ro\/produs\/huszar\/","og_site_name":"Juc\u0103rii din lemn fabricate \u00een Rom\u00e2nia!","article_modified_time":"2026-04-14T18:21:08+00:00","og_image":[{"width":1024,"height":1024,"url":"https:\/\/jucarii-lemn-online.ro\/wp-content\/uploads\/2025\/11\/ChatGPT-Image-2026.-jan.-6.-20_22_27.png","type":"image\/png"}],"twitter_card":"summary_large_image","twitter_misc":{"Est. reading time":"1 minute"},"schema":{"@context":"https:\/\/schema.org","@graph":[{"@type":"WebPage","@id":"https:\/\/jucarii-lemn-online.ro\/produs\/huszar\/","url":"https:\/\/jucarii-lemn-online.ro\/produs\/huszar\/","name":"Husar - figurin\u0103 decorativ\u0103 din lemn - Juc\u0103rii din lemn fabricate \u00een Rom\u00e2nia!","isPartOf":{"@id":"https:\/\/jucarii-lemn-online.ro\/#website"},"primaryImageOfPage":{"@id":"https:\/\/jucarii-lemn-online.ro\/produs\/huszar\/#primaryimage"},"image":{"@id":"https:\/\/jucarii-lemn-online.ro\/produs\/huszar\/#primaryimage"},"thumbnailUrl":"https:\/\/jucarii-lemn-online.ro\/wp-content\/uploads\/2025\/11\/ChatGPT-Image-2026.-jan.-6.-20_22_27.png","datePublished":"2023-11-13T14:10:48+00:00","dateModified":"2026-04-14T18:21:08+00:00","description":"Figurin\u0103 din lemn realizat\u0103 manual, parte dintr-o serie de colec\u021bie. Fiecare pies\u0103 este unic\u0103, finisat\u0103 cu grij\u0103 \u0219i g\u00e2ndit\u0103 ca suvenir \u2013 o mic\u0103 oper\u0103 de art\u0103 care p\u0103streaz\u0103 frumuse\u021bea simplit\u0103\u021bii \u0219i a me\u0219te\u0219ugului tradi\u021bional.","breadcrumb":{"@id":"https:\/\/jucarii-lemn-online.ro\/produs\/huszar\/#breadcrumb"},"inLanguage":"en-US","potentialAction":[{"@type":"ReadAction","target":["https:\/\/jucarii-lemn-online.ro\/produs\/huszar\/"]}]},{"@type":"ImageObject","inLanguage":"en-US","@id":"https:\/\/jucarii-lemn-online.ro\/produs\/huszar\/#primaryimage","url":"https:\/\/jucarii-lemn-online.ro\/wp-content\/uploads\/2025\/11\/ChatGPT-Image-2026.-jan.-6.-20_22_27.png","contentUrl":"https:\/\/jucarii-lemn-online.ro\/wp-content\/uploads\/2025\/11\/ChatGPT-Image-2026.-jan.-6.-20_22_27.png","width":1024,"height":1024},{"@type":"BreadcrumbList","@id":"https:\/\/jucarii-lemn-online.ro\/produs\/huszar\/#breadcrumb","itemListElement":[{"@type":"ListItem","position":1,"name":"Prima pagin\u0103","item":"https:\/\/jucarii-lemn-online.ro\/en\/"},{"@type":"ListItem","position":2,"name":"Shop","item":"https:\/\/jucarii-lemn-online.ro\/en\/shop-2\/"},{"@type":"ListItem","position":3,"name":"Husar &#8211; figurin\u0103 decorativ\u0103 din lemn"}]},{"@type":"WebSite","@id":"https:\/\/jucarii-lemn-online.ro\/#website","url":"https:\/\/jucarii-lemn-online.ro\/","name":"Juc\u0103rii din lemn fabricate \u00een Rom\u00e2nia!","description":"Juc\u0103rii din lemn fabricate \u00een Rom\u00e2nia!","potentialAction":[{"@type":"SearchAction","target":{"@type":"EntryPoint","urlTemplate":"https:\/\/jucarii-lemn-online.ro\/?s={search_term_string}"},"query-input":{"@type":"PropertyValueSpecification","valueRequired":true,"valueName":"search_term_string"}}],"inLanguage":"en-US"}]}},"_links":{"self":[{"href":"https:\/\/jucarii-lemn-online.ro\/en\/wp-json\/wp\/v2\/product\/4402","targetHints":{"allow":["GET"]}}],"collection":[{"href":"https:\/\/jucarii-lemn-online.ro\/en\/wp-json\/wp\/v2\/product"}],"about":[{"href":"https:\/\/jucarii-lemn-online.ro\/en\/wp-json\/wp\/v2\/types\/product"}],"wp:featuredmedia":[{"embeddable":true,"href":"https:\/\/jucarii-lemn-online.ro\/en\/wp-json\/wp\/v2\/media\/5343"}],"wp:attachment":[{"href":"https:\/\/jucarii-lemn-online.ro\/en\/wp-json\/wp\/v2\/media?parent=4402"}],"wp:term":[{"taxonomy":"product_brand","embeddable":true,"href":"https:\/\/jucarii-lemn-online.ro\/en\/wp-json\/wp\/v2\/product_brand?post=4402"},{"taxonomy":"product_cat","embeddable":true,"href":"https:\/\/jucarii-lemn-online.ro\/en\/wp-json\/wp\/v2\/product_cat?post=4402"},{"taxonomy":"product_tag","embeddable":true,"href":"https:\/\/jucarii-lemn-online.ro\/en\/wp-json\/wp\/v2\/product_tag?post=4402"}],"curies":[{"name":"wp","href":"https:\/\/api.w.org\/{rel}","templated":true}]}}