{"id":4315,"date":"2023-11-08T12:20:07","date_gmt":"2023-11-08T10:20:07","guid":{"rendered":"https:\/\/jucarii-lemn-online.ro\/?post_type=product&#038;p=4315"},"modified":"2025-11-17T07:31:10","modified_gmt":"2025-11-17T05:31:10","slug":"magnet-frigider-pojga","status":"publish","type":"product","link":"https:\/\/jucarii-lemn-online.ro\/en\/produs\/magnet-frigider-pojga\/","title":{"rendered":"Magnet frigider Pojga"},"content":{"rendered":"<p>Creaza-ti propriul orasel pe frigider!<\/p>\n<p>Contine 24 bucati.<\/p>\n<p>Realizat din materiale naturale.<\/p>\n<p>Varsta recomandata: 3 ani+<\/p>\n<p>Un produs Pojga<\/p>\n<p>Fabricat in Romania.<\/p>\n","protected":false},"excerpt":{"rendered":"<p>Creaza-ti propriul orasel pe frigider!<\/p>\n<p>Contine 24 bucati.<\/p>\n<p>Realizat din material naturale.<\/p>\n<p>Varsta recomandata: 3 ani+<\/p>\n<p>Un produs Pojga<\/p>\n<p>Fabricat in Romania.<\/p>\n","protected":false},"featured_media":4334,"template":"","meta":[],"product_brand":[],"product_cat":[117,253],"product_tag":[197,196],"class_list":{"0":"post-4315","1":"product","2":"type-product","3":"status-publish","4":"has-post-thumbnail","6":"product_cat-jucarii-woodentoys","7":"product_cat-minus-50","8":"product_tag-magnet","9":"product_tag-pojga","11":"first","12":"instock","13":"sale","14":"shipping-taxable","15":"purchasable","16":"product-type-simple"},"yoast_head":"<!-- This site is optimized with the Yoast SEO plugin v24.5 - https:\/\/yoast.com\/wordpress\/plugins\/seo\/ -->\n<title>Magnet frigider Pojga - Juc\u0103rii din lemn fabricate \u00een Rom\u00e2nia!<\/title>\n<meta name=\"description\" content=\"Creaza-ti propriul orasel pe frigider!Contine 24 bucati.Realizat din material naturale.Varsta recomandata: 3 ani+Un produs Pojga\" \/>\n<meta name=\"robots\" content=\"index, follow, max-snippet:-1, max-image-preview:large, max-video-preview:-1\" \/>\n<link rel=\"canonical\" href=\"https:\/\/jucarii-lemn-online.ro\/produs\/magnet-frigider-pojga\/\" \/>\n<meta property=\"og:locale\" content=\"en_US\" \/>\n<meta property=\"og:type\" content=\"article\" \/>\n<meta property=\"og:title\" content=\"Magnet frigider Pojga - Juc\u0103rii din lemn fabricate \u00een Rom\u00e2nia!\" \/>\n<meta property=\"og:description\" content=\"Creaza-ti propriul orasel pe frigider!Contine 24 bucati.Realizat din material naturale.Varsta recomandata: 3 ani+Un produs Pojga\" \/>\n<meta property=\"og:url\" content=\"https:\/\/jucarii-lemn-online.ro\/produs\/magnet-frigider-pojga\/\" \/>\n<meta property=\"og:site_name\" content=\"Juc\u0103rii din lemn fabricate \u00een Rom\u00e2nia!\" \/>\n<meta property=\"article:modified_time\" content=\"2025-11-17T05:31:10+00:00\" \/>\n<meta property=\"og:image\" content=\"https:\/\/jucarii-lemn-online.ro\/wp-content\/uploads\/2023\/11\/p1022711.jpg\" \/>\n\t<meta property=\"og:image:width\" content=\"2048\" \/>\n\t<meta property=\"og:image:height\" content=\"1365\" \/>\n\t<meta property=\"og:image:type\" content=\"image\/jpeg\" \/>\n<meta name=\"twitter:card\" content=\"summary_large_image\" \/>\n<meta name=\"twitter:label1\" content=\"Est. reading time\" \/>\n\t<meta name=\"twitter:data1\" content=\"1 minute\" \/>\n<script type=\"application\/ld+json\" class=\"yoast-schema-graph\">{\"@context\":\"https:\/\/schema.org\",\"@graph\":[{\"@type\":\"WebPage\",\"@id\":\"https:\/\/jucarii-lemn-online.ro\/produs\/magnet-frigider-pojga\/\",\"url\":\"https:\/\/jucarii-lemn-online.ro\/produs\/magnet-frigider-pojga\/\",\"name\":\"Magnet frigider Pojga - Juc\u0103rii din lemn fabricate \u00een Rom\u00e2nia!\",\"isPartOf\":{\"@id\":\"https:\/\/jucarii-lemn-online.ro\/#website\"},\"primaryImageOfPage\":{\"@id\":\"https:\/\/jucarii-lemn-online.ro\/produs\/magnet-frigider-pojga\/#primaryimage\"},\"image\":{\"@id\":\"https:\/\/jucarii-lemn-online.ro\/produs\/magnet-frigider-pojga\/#primaryimage\"},\"thumbnailUrl\":\"https:\/\/jucarii-lemn-online.ro\/wp-content\/uploads\/2023\/11\/p1022711.jpg\",\"datePublished\":\"2023-11-08T10:20:07+00:00\",\"dateModified\":\"2025-11-17T05:31:10+00:00\",\"description\":\"Creaza-ti propriul orasel pe frigider!Contine 24 bucati.Realizat din material naturale.Varsta recomandata: 3 ani+Un produs Pojga\",\"breadcrumb\":{\"@id\":\"https:\/\/jucarii-lemn-online.ro\/produs\/magnet-frigider-pojga\/#breadcrumb\"},\"inLanguage\":\"en-US\",\"potentialAction\":[{\"@type\":\"ReadAction\",\"target\":[\"https:\/\/jucarii-lemn-online.ro\/produs\/magnet-frigider-pojga\/\"]}]},{\"@type\":\"ImageObject\",\"inLanguage\":\"en-US\",\"@id\":\"https:\/\/jucarii-lemn-online.ro\/produs\/magnet-frigider-pojga\/#primaryimage\",\"url\":\"https:\/\/jucarii-lemn-online.ro\/wp-content\/uploads\/2023\/11\/p1022711.jpg\",\"contentUrl\":\"https:\/\/jucarii-lemn-online.ro\/wp-content\/uploads\/2023\/11\/p1022711.jpg\",\"width\":2048,\"height\":1365},{\"@type\":\"BreadcrumbList\",\"@id\":\"https:\/\/jucarii-lemn-online.ro\/produs\/magnet-frigider-pojga\/#breadcrumb\",\"itemListElement\":[{\"@type\":\"ListItem\",\"position\":1,\"name\":\"Prima pagin\u0103\",\"item\":\"https:\/\/jucarii-lemn-online.ro\/en\/\"},{\"@type\":\"ListItem\",\"position\":2,\"name\":\"Shop\",\"item\":\"https:\/\/jucarii-lemn-online.ro\/en\/shop-2\/\"},{\"@type\":\"ListItem\",\"position\":3,\"name\":\"Magnet frigider Pojga\"}]},{\"@type\":\"WebSite\",\"@id\":\"https:\/\/jucarii-lemn-online.ro\/#website\",\"url\":\"https:\/\/jucarii-lemn-online.ro\/\",\"name\":\"Juc\u0103rii din lemn fabricate \u00een Rom\u00e2nia!\",\"description\":\"Juc\u0103rii din lemn fabricate \u00een Rom\u00e2nia!\",\"potentialAction\":[{\"@type\":\"SearchAction\",\"target\":{\"@type\":\"EntryPoint\",\"urlTemplate\":\"https:\/\/jucarii-lemn-online.ro\/?s={search_term_string}\"},\"query-input\":{\"@type\":\"PropertyValueSpecification\",\"valueRequired\":true,\"valueName\":\"search_term_string\"}}],\"inLanguage\":\"en-US\"}]}<\/script>\n<!-- \/ Yoast SEO plugin. -->","yoast_head_json":{"title":"Magnet frigider Pojga - Juc\u0103rii din lemn fabricate \u00een Rom\u00e2nia!","description":"Creaza-ti propriul orasel pe frigider!Contine 24 bucati.Realizat din material naturale.Varsta recomandata: 3 ani+Un produs Pojga","robots":{"index":"index","follow":"follow","max-snippet":"max-snippet:-1","max-image-preview":"max-image-preview:large","max-video-preview":"max-video-preview:-1"},"canonical":"https:\/\/jucarii-lemn-online.ro\/produs\/magnet-frigider-pojga\/","og_locale":"en_US","og_type":"article","og_title":"Magnet frigider Pojga - Juc\u0103rii din lemn fabricate \u00een Rom\u00e2nia!","og_description":"Creaza-ti propriul orasel pe frigider!Contine 24 bucati.Realizat din material naturale.Varsta recomandata: 3 ani+Un produs Pojga","og_url":"https:\/\/jucarii-lemn-online.ro\/produs\/magnet-frigider-pojga\/","og_site_name":"Juc\u0103rii din lemn fabricate \u00een Rom\u00e2nia!","article_modified_time":"2025-11-17T05:31:10+00:00","og_image":[{"width":2048,"height":1365,"url":"https:\/\/jucarii-lemn-online.ro\/wp-content\/uploads\/2023\/11\/p1022711.jpg","type":"image\/jpeg"}],"twitter_card":"summary_large_image","twitter_misc":{"Est. reading time":"1 minute"},"schema":{"@context":"https:\/\/schema.org","@graph":[{"@type":"WebPage","@id":"https:\/\/jucarii-lemn-online.ro\/produs\/magnet-frigider-pojga\/","url":"https:\/\/jucarii-lemn-online.ro\/produs\/magnet-frigider-pojga\/","name":"Magnet frigider Pojga - Juc\u0103rii din lemn fabricate \u00een Rom\u00e2nia!","isPartOf":{"@id":"https:\/\/jucarii-lemn-online.ro\/#website"},"primaryImageOfPage":{"@id":"https:\/\/jucarii-lemn-online.ro\/produs\/magnet-frigider-pojga\/#primaryimage"},"image":{"@id":"https:\/\/jucarii-lemn-online.ro\/produs\/magnet-frigider-pojga\/#primaryimage"},"thumbnailUrl":"https:\/\/jucarii-lemn-online.ro\/wp-content\/uploads\/2023\/11\/p1022711.jpg","datePublished":"2023-11-08T10:20:07+00:00","dateModified":"2025-11-17T05:31:10+00:00","description":"Creaza-ti propriul orasel pe frigider!Contine 24 bucati.Realizat din material naturale.Varsta recomandata: 3 ani+Un produs Pojga","breadcrumb":{"@id":"https:\/\/jucarii-lemn-online.ro\/produs\/magnet-frigider-pojga\/#breadcrumb"},"inLanguage":"en-US","potentialAction":[{"@type":"ReadAction","target":["https:\/\/jucarii-lemn-online.ro\/produs\/magnet-frigider-pojga\/"]}]},{"@type":"ImageObject","inLanguage":"en-US","@id":"https:\/\/jucarii-lemn-online.ro\/produs\/magnet-frigider-pojga\/#primaryimage","url":"https:\/\/jucarii-lemn-online.ro\/wp-content\/uploads\/2023\/11\/p1022711.jpg","contentUrl":"https:\/\/jucarii-lemn-online.ro\/wp-content\/uploads\/2023\/11\/p1022711.jpg","width":2048,"height":1365},{"@type":"BreadcrumbList","@id":"https:\/\/jucarii-lemn-online.ro\/produs\/magnet-frigider-pojga\/#breadcrumb","itemListElement":[{"@type":"ListItem","position":1,"name":"Prima pagin\u0103","item":"https:\/\/jucarii-lemn-online.ro\/en\/"},{"@type":"ListItem","position":2,"name":"Shop","item":"https:\/\/jucarii-lemn-online.ro\/en\/shop-2\/"},{"@type":"ListItem","position":3,"name":"Magnet frigider Pojga"}]},{"@type":"WebSite","@id":"https:\/\/jucarii-lemn-online.ro\/#website","url":"https:\/\/jucarii-lemn-online.ro\/","name":"Juc\u0103rii din lemn fabricate \u00een Rom\u00e2nia!","description":"Juc\u0103rii din lemn fabricate \u00een Rom\u00e2nia!","potentialAction":[{"@type":"SearchAction","target":{"@type":"EntryPoint","urlTemplate":"https:\/\/jucarii-lemn-online.ro\/?s={search_term_string}"},"query-input":{"@type":"PropertyValueSpecification","valueRequired":true,"valueName":"search_term_string"}}],"inLanguage":"en-US"}]}},"_links":{"self":[{"href":"https:\/\/jucarii-lemn-online.ro\/en\/wp-json\/wp\/v2\/product\/4315","targetHints":{"allow":["GET"]}}],"collection":[{"href":"https:\/\/jucarii-lemn-online.ro\/en\/wp-json\/wp\/v2\/product"}],"about":[{"href":"https:\/\/jucarii-lemn-online.ro\/en\/wp-json\/wp\/v2\/types\/product"}],"wp:featuredmedia":[{"embeddable":true,"href":"https:\/\/jucarii-lemn-online.ro\/en\/wp-json\/wp\/v2\/media\/4334"}],"wp:attachment":[{"href":"https:\/\/jucarii-lemn-online.ro\/en\/wp-json\/wp\/v2\/media?parent=4315"}],"wp:term":[{"taxonomy":"product_brand","embeddable":true,"href":"https:\/\/jucarii-lemn-online.ro\/en\/wp-json\/wp\/v2\/product_brand?post=4315"},{"taxonomy":"product_cat","embeddable":true,"href":"https:\/\/jucarii-lemn-online.ro\/en\/wp-json\/wp\/v2\/product_cat?post=4315"},{"taxonomy":"product_tag","embeddable":true,"href":"https:\/\/jucarii-lemn-online.ro\/en\/wp-json\/wp\/v2\/product_tag?post=4315"}],"curies":[{"name":"wp","href":"https:\/\/api.w.org\/{rel}","templated":true}]}}