{"id":4256,"date":"2023-11-02T12:26:33","date_gmt":"2023-11-02T10:26:33","guid":{"rendered":"https:\/\/jucarii-lemn-online.ro\/?post_type=product&#038;p=4256"},"modified":"2025-09-11T10:57:27","modified_gmt":"2025-09-11T08:57:27","slug":"joc-de-snuruit-bursuc","status":"publish","type":"product","link":"https:\/\/jucarii-lemn-online.ro\/en\/produs\/joc-de-snuruit-bursuc\/","title":{"rendered":"Joc de snuruit, bursuc"},"content":{"rendered":"<p>Bursuc de \u0219nuruit.<\/p>\n<p>Juc\u0103rie ecologic\u0103 din lemn, care \u00eent\u0103re\u0219te prin joac\u0103 concentrarea \u0219i coordonarea m\u00e2n\u0103\u2013ochi.<\/p>\n<p>Compozi\u021bie material: placaj, vopsele pe baz\u0103 de ap\u0103, lac pe baz\u0103 de ap\u0103, fire de bumbac, ac metalic sigur.<\/p>\n<p>Nu este recomandat copiilor sub 3 ani!<\/p>\n","protected":false},"excerpt":{"rendered":"<p>Bursuc de snuruit.<\/p>\n<p>Compozitie material: placaj, vopsele pe baza de apa, lac pe baza de apa, fire de bumbac, ac metalic sigur.<\/p>\n<p>Nu este recomandat copiilor sub 3 ani!<\/p>\n","protected":false},"featured_media":4237,"template":"","meta":[],"product_brand":[],"product_cat":[130],"product_tag":[195,131],"class_list":{"0":"post-4256","1":"product","2":"type-product","3":"status-publish","4":"has-post-thumbnail","6":"product_cat-kreativ-kucko","7":"product_tag-bursuc","8":"product_tag-joc-de-snuruit","10":"first","11":"instock","12":"shipping-taxable","13":"purchasable","14":"product-type-simple"},"yoast_head":"<!-- This site is optimized with the Yoast SEO plugin v24.5 - https:\/\/yoast.com\/wordpress\/plugins\/seo\/ -->\n<title>Joc de snuruit, bursuc - Juc\u0103rii din lemn fabricate \u00een Rom\u00e2nia!<\/title>\n<meta name=\"description\" content=\"Bursuc de snuruit.Compozitie material: placaj, vopsele pe baza de apa, lac pe baza de apa, fire de bumbac, ac metalic sigur.Nu este recomandat copiilor sub 3 ani!\" \/>\n<meta name=\"robots\" content=\"index, follow, max-snippet:-1, max-image-preview:large, max-video-preview:-1\" \/>\n<link rel=\"canonical\" href=\"https:\/\/jucarii-lemn-online.ro\/produs\/joc-de-snuruit-bursuc\/\" \/>\n<meta property=\"og:locale\" content=\"en_US\" \/>\n<meta property=\"og:type\" content=\"article\" \/>\n<meta property=\"og:title\" content=\"Joc de snuruit, bursuc - Juc\u0103rii din lemn fabricate \u00een Rom\u00e2nia!\" \/>\n<meta property=\"og:description\" content=\"Bursuc de snuruit.Compozitie material: placaj, vopsele pe baza de apa, lac pe baza de apa, fire de bumbac, ac metalic sigur.Nu este recomandat copiilor sub 3 ani!\" \/>\n<meta property=\"og:url\" content=\"https:\/\/jucarii-lemn-online.ro\/produs\/joc-de-snuruit-bursuc\/\" \/>\n<meta property=\"og:site_name\" content=\"Juc\u0103rii din lemn fabricate \u00een Rom\u00e2nia!\" \/>\n<meta property=\"article:modified_time\" content=\"2025-09-11T08:57:27+00:00\" \/>\n<meta property=\"og:image\" content=\"https:\/\/jucarii-lemn-online.ro\/wp-content\/uploads\/2023\/11\/IMG_20230915_124714_edit_1827547122874258-scaled.jpg\" \/>\n\t<meta property=\"og:image:width\" content=\"2560\" \/>\n\t<meta property=\"og:image:height\" content=\"2185\" \/>\n\t<meta property=\"og:image:type\" content=\"image\/jpeg\" \/>\n<meta name=\"twitter:card\" content=\"summary_large_image\" \/>\n<meta name=\"twitter:label1\" content=\"Est. reading time\" \/>\n\t<meta name=\"twitter:data1\" content=\"1 minute\" \/>\n<script type=\"application\/ld+json\" class=\"yoast-schema-graph\">{\"@context\":\"https:\/\/schema.org\",\"@graph\":[{\"@type\":\"WebPage\",\"@id\":\"https:\/\/jucarii-lemn-online.ro\/produs\/joc-de-snuruit-bursuc\/\",\"url\":\"https:\/\/jucarii-lemn-online.ro\/produs\/joc-de-snuruit-bursuc\/\",\"name\":\"Joc de snuruit, bursuc - Juc\u0103rii din lemn fabricate \u00een Rom\u00e2nia!\",\"isPartOf\":{\"@id\":\"https:\/\/jucarii-lemn-online.ro\/#website\"},\"primaryImageOfPage\":{\"@id\":\"https:\/\/jucarii-lemn-online.ro\/produs\/joc-de-snuruit-bursuc\/#primaryimage\"},\"image\":{\"@id\":\"https:\/\/jucarii-lemn-online.ro\/produs\/joc-de-snuruit-bursuc\/#primaryimage\"},\"thumbnailUrl\":\"https:\/\/jucarii-lemn-online.ro\/wp-content\/uploads\/2023\/11\/IMG_20230915_124714_edit_1827547122874258-scaled.jpg\",\"datePublished\":\"2023-11-02T10:26:33+00:00\",\"dateModified\":\"2025-09-11T08:57:27+00:00\",\"description\":\"Bursuc de snuruit.Compozitie material: placaj, vopsele pe baza de apa, lac pe baza de apa, fire de bumbac, ac metalic sigur.Nu este recomandat copiilor sub 3 ani!\",\"breadcrumb\":{\"@id\":\"https:\/\/jucarii-lemn-online.ro\/produs\/joc-de-snuruit-bursuc\/#breadcrumb\"},\"inLanguage\":\"en-US\",\"potentialAction\":[{\"@type\":\"ReadAction\",\"target\":[\"https:\/\/jucarii-lemn-online.ro\/produs\/joc-de-snuruit-bursuc\/\"]}]},{\"@type\":\"ImageObject\",\"inLanguage\":\"en-US\",\"@id\":\"https:\/\/jucarii-lemn-online.ro\/produs\/joc-de-snuruit-bursuc\/#primaryimage\",\"url\":\"https:\/\/jucarii-lemn-online.ro\/wp-content\/uploads\/2023\/11\/IMG_20230915_124714_edit_1827547122874258-scaled.jpg\",\"contentUrl\":\"https:\/\/jucarii-lemn-online.ro\/wp-content\/uploads\/2023\/11\/IMG_20230915_124714_edit_1827547122874258-scaled.jpg\",\"width\":2560,\"height\":2185},{\"@type\":\"BreadcrumbList\",\"@id\":\"https:\/\/jucarii-lemn-online.ro\/produs\/joc-de-snuruit-bursuc\/#breadcrumb\",\"itemListElement\":[{\"@type\":\"ListItem\",\"position\":1,\"name\":\"Prima pagin\u0103\",\"item\":\"https:\/\/jucarii-lemn-online.ro\/en\/\"},{\"@type\":\"ListItem\",\"position\":2,\"name\":\"Shop\",\"item\":\"https:\/\/jucarii-lemn-online.ro\/en\/shop-2\/\"},{\"@type\":\"ListItem\",\"position\":3,\"name\":\"Joc de snuruit, bursuc\"}]},{\"@type\":\"WebSite\",\"@id\":\"https:\/\/jucarii-lemn-online.ro\/#website\",\"url\":\"https:\/\/jucarii-lemn-online.ro\/\",\"name\":\"Juc\u0103rii din lemn fabricate \u00een Rom\u00e2nia!\",\"description\":\"Juc\u0103rii din lemn fabricate \u00een Rom\u00e2nia!\",\"potentialAction\":[{\"@type\":\"SearchAction\",\"target\":{\"@type\":\"EntryPoint\",\"urlTemplate\":\"https:\/\/jucarii-lemn-online.ro\/?s={search_term_string}\"},\"query-input\":{\"@type\":\"PropertyValueSpecification\",\"valueRequired\":true,\"valueName\":\"search_term_string\"}}],\"inLanguage\":\"en-US\"}]}<\/script>\n<!-- \/ Yoast SEO plugin. -->","yoast_head_json":{"title":"Joc de snuruit, bursuc - Juc\u0103rii din lemn fabricate \u00een Rom\u00e2nia!","description":"Bursuc de snuruit.Compozitie material: placaj, vopsele pe baza de apa, lac pe baza de apa, fire de bumbac, ac metalic sigur.Nu este recomandat copiilor sub 3 ani!","robots":{"index":"index","follow":"follow","max-snippet":"max-snippet:-1","max-image-preview":"max-image-preview:large","max-video-preview":"max-video-preview:-1"},"canonical":"https:\/\/jucarii-lemn-online.ro\/produs\/joc-de-snuruit-bursuc\/","og_locale":"en_US","og_type":"article","og_title":"Joc de snuruit, bursuc - Juc\u0103rii din lemn fabricate \u00een Rom\u00e2nia!","og_description":"Bursuc de snuruit.Compozitie material: placaj, vopsele pe baza de apa, lac pe baza de apa, fire de bumbac, ac metalic sigur.Nu este recomandat copiilor sub 3 ani!","og_url":"https:\/\/jucarii-lemn-online.ro\/produs\/joc-de-snuruit-bursuc\/","og_site_name":"Juc\u0103rii din lemn fabricate \u00een Rom\u00e2nia!","article_modified_time":"2025-09-11T08:57:27+00:00","og_image":[{"width":2560,"height":2185,"url":"https:\/\/jucarii-lemn-online.ro\/wp-content\/uploads\/2023\/11\/IMG_20230915_124714_edit_1827547122874258-scaled.jpg","type":"image\/jpeg"}],"twitter_card":"summary_large_image","twitter_misc":{"Est. reading time":"1 minute"},"schema":{"@context":"https:\/\/schema.org","@graph":[{"@type":"WebPage","@id":"https:\/\/jucarii-lemn-online.ro\/produs\/joc-de-snuruit-bursuc\/","url":"https:\/\/jucarii-lemn-online.ro\/produs\/joc-de-snuruit-bursuc\/","name":"Joc de snuruit, bursuc - Juc\u0103rii din lemn fabricate \u00een Rom\u00e2nia!","isPartOf":{"@id":"https:\/\/jucarii-lemn-online.ro\/#website"},"primaryImageOfPage":{"@id":"https:\/\/jucarii-lemn-online.ro\/produs\/joc-de-snuruit-bursuc\/#primaryimage"},"image":{"@id":"https:\/\/jucarii-lemn-online.ro\/produs\/joc-de-snuruit-bursuc\/#primaryimage"},"thumbnailUrl":"https:\/\/jucarii-lemn-online.ro\/wp-content\/uploads\/2023\/11\/IMG_20230915_124714_edit_1827547122874258-scaled.jpg","datePublished":"2023-11-02T10:26:33+00:00","dateModified":"2025-09-11T08:57:27+00:00","description":"Bursuc de snuruit.Compozitie material: placaj, vopsele pe baza de apa, lac pe baza de apa, fire de bumbac, ac metalic sigur.Nu este recomandat copiilor sub 3 ani!","breadcrumb":{"@id":"https:\/\/jucarii-lemn-online.ro\/produs\/joc-de-snuruit-bursuc\/#breadcrumb"},"inLanguage":"en-US","potentialAction":[{"@type":"ReadAction","target":["https:\/\/jucarii-lemn-online.ro\/produs\/joc-de-snuruit-bursuc\/"]}]},{"@type":"ImageObject","inLanguage":"en-US","@id":"https:\/\/jucarii-lemn-online.ro\/produs\/joc-de-snuruit-bursuc\/#primaryimage","url":"https:\/\/jucarii-lemn-online.ro\/wp-content\/uploads\/2023\/11\/IMG_20230915_124714_edit_1827547122874258-scaled.jpg","contentUrl":"https:\/\/jucarii-lemn-online.ro\/wp-content\/uploads\/2023\/11\/IMG_20230915_124714_edit_1827547122874258-scaled.jpg","width":2560,"height":2185},{"@type":"BreadcrumbList","@id":"https:\/\/jucarii-lemn-online.ro\/produs\/joc-de-snuruit-bursuc\/#breadcrumb","itemListElement":[{"@type":"ListItem","position":1,"name":"Prima pagin\u0103","item":"https:\/\/jucarii-lemn-online.ro\/en\/"},{"@type":"ListItem","position":2,"name":"Shop","item":"https:\/\/jucarii-lemn-online.ro\/en\/shop-2\/"},{"@type":"ListItem","position":3,"name":"Joc de snuruit, bursuc"}]},{"@type":"WebSite","@id":"https:\/\/jucarii-lemn-online.ro\/#website","url":"https:\/\/jucarii-lemn-online.ro\/","name":"Juc\u0103rii din lemn fabricate \u00een Rom\u00e2nia!","description":"Juc\u0103rii din lemn fabricate \u00een Rom\u00e2nia!","potentialAction":[{"@type":"SearchAction","target":{"@type":"EntryPoint","urlTemplate":"https:\/\/jucarii-lemn-online.ro\/?s={search_term_string}"},"query-input":{"@type":"PropertyValueSpecification","valueRequired":true,"valueName":"search_term_string"}}],"inLanguage":"en-US"}]}},"_links":{"self":[{"href":"https:\/\/jucarii-lemn-online.ro\/en\/wp-json\/wp\/v2\/product\/4256","targetHints":{"allow":["GET"]}}],"collection":[{"href":"https:\/\/jucarii-lemn-online.ro\/en\/wp-json\/wp\/v2\/product"}],"about":[{"href":"https:\/\/jucarii-lemn-online.ro\/en\/wp-json\/wp\/v2\/types\/product"}],"wp:featuredmedia":[{"embeddable":true,"href":"https:\/\/jucarii-lemn-online.ro\/en\/wp-json\/wp\/v2\/media\/4237"}],"wp:attachment":[{"href":"https:\/\/jucarii-lemn-online.ro\/en\/wp-json\/wp\/v2\/media?parent=4256"}],"wp:term":[{"taxonomy":"product_brand","embeddable":true,"href":"https:\/\/jucarii-lemn-online.ro\/en\/wp-json\/wp\/v2\/product_brand?post=4256"},{"taxonomy":"product_cat","embeddable":true,"href":"https:\/\/jucarii-lemn-online.ro\/en\/wp-json\/wp\/v2\/product_cat?post=4256"},{"taxonomy":"product_tag","embeddable":true,"href":"https:\/\/jucarii-lemn-online.ro\/en\/wp-json\/wp\/v2\/product_tag?post=4256"}],"curies":[{"name":"wp","href":"https:\/\/api.w.org\/{rel}","templated":true}]}}