{"id":4166,"date":"2023-10-19T11:11:55","date_gmt":"2023-10-19T09:11:55","guid":{"rendered":"https:\/\/jucarii-lemn-online.ro\/?post_type=product&#038;p=4166"},"modified":"2026-01-05T10:55:09","modified_gmt":"2026-01-05T08:55:09","slug":"ingenioplay-naprendszer-kirakos-magyarul","status":"publish","type":"product","link":"https:\/\/jucarii-lemn-online.ro\/en\/produs\/ingenioplay-naprendszer-kirakos-magyarul\/","title":{"rendered":"IngenioPlay naprendszer kirak\u00f3s (magyarul)"},"content":{"rendered":"<p>Magyar nyelv\u0171 felirattal, naprendszer az IngenioPlay-t\u0151l, kivehet\u0151 bolyg\u00f3kkal.<br \/>\nLap m\u00e9rete 30 x 40 cm .<br \/>\nAmiben seg\u00edt:<br \/>\n-Logikus gondolkod\u00e1s<br \/>\n-Finom motorikus k\u00e9szs\u00e9gek<br \/>\n-Kreativit\u00e1s<br \/>\n-Kognit\u00edv k\u00e9pess\u00e9gek<br \/>\n-Asszociat\u00edv gondolkod\u00e1s<br \/>\n-F\u00f6ldrajzi oktat\u00e1s<br \/>\n-Figyelem, gondolkod\u00e1s, k\u00e9pzelet<\/p>\n","protected":false},"excerpt":{"rendered":"<p>Magyar nyelv\u0171 felirattal, naprendszer az IngenioPlay-t\u0151l, kivehet\u0151 bolyg\u00f3kkal.<br \/>\nLap m\u00e9rete 30 x 40 cm .<\/p>\n","protected":false},"featured_media":5320,"template":"","meta":[],"product_brand":[],"product_cat":[92,253],"product_tag":[],"class_list":{"0":"post-4166","1":"product","2":"type-product","3":"status-publish","4":"has-post-thumbnail","6":"product_cat-ingenioplay","7":"product_cat-minus-50","9":"first","10":"instock","11":"sale","12":"shipping-taxable","13":"purchasable","14":"product-type-simple"},"yoast_head":"<!-- This site is optimized with the Yoast SEO plugin v24.5 - https:\/\/yoast.com\/wordpress\/plugins\/seo\/ -->\n<title>IngenioPlay naprendszer kirak\u00f3s (magyarul) - Juc\u0103rii din lemn fabricate \u00een Rom\u00e2nia!<\/title>\n<meta name=\"description\" content=\"Magyar nyelv\u0171 felirattal, naprendszer az IngenioPlay-t\u0151l, kivehet\u0151 bolyg\u00f3kkal.Lap m\u00e9rete 30 x 40 cm\" \/>\n<meta name=\"robots\" content=\"index, follow, max-snippet:-1, max-image-preview:large, max-video-preview:-1\" \/>\n<link rel=\"canonical\" href=\"https:\/\/jucarii-lemn-online.ro\/produs\/ingenioplay-naprendszer-kirakos-magyarul\/\" \/>\n<meta property=\"og:locale\" content=\"en_US\" \/>\n<meta property=\"og:type\" content=\"article\" \/>\n<meta property=\"og:title\" content=\"IngenioPlay naprendszer kirak\u00f3s (magyarul) - Juc\u0103rii din lemn fabricate \u00een Rom\u00e2nia!\" \/>\n<meta property=\"og:description\" content=\"Magyar nyelv\u0171 felirattal, naprendszer az IngenioPlay-t\u0151l, kivehet\u0151 bolyg\u00f3kkal.Lap m\u00e9rete 30 x 40 cm\" \/>\n<meta property=\"og:url\" content=\"https:\/\/jucarii-lemn-online.ro\/produs\/ingenioplay-naprendszer-kirakos-magyarul\/\" \/>\n<meta property=\"og:site_name\" content=\"Juc\u0103rii din lemn fabricate \u00een Rom\u00e2nia!\" \/>\n<meta property=\"article:modified_time\" content=\"2026-01-05T08:55:09+00:00\" \/>\n<meta property=\"og:image\" content=\"https:\/\/jucarii-lemn-online.ro\/wp-content\/uploads\/2023\/09\/ChatGPT-Image-2026.-jan.-5.-10_51_49.png\" \/>\n\t<meta property=\"og:image:width\" content=\"1536\" \/>\n\t<meta property=\"og:image:height\" content=\"1024\" \/>\n\t<meta property=\"og:image:type\" content=\"image\/png\" \/>\n<meta name=\"twitter:card\" content=\"summary_large_image\" \/>\n<meta name=\"twitter:label1\" content=\"Est. reading time\" \/>\n\t<meta name=\"twitter:data1\" content=\"1 minute\" \/>\n<script type=\"application\/ld+json\" class=\"yoast-schema-graph\">{\"@context\":\"https:\/\/schema.org\",\"@graph\":[{\"@type\":\"WebPage\",\"@id\":\"https:\/\/jucarii-lemn-online.ro\/produs\/ingenioplay-naprendszer-kirakos-magyarul\/\",\"url\":\"https:\/\/jucarii-lemn-online.ro\/produs\/ingenioplay-naprendszer-kirakos-magyarul\/\",\"name\":\"IngenioPlay naprendszer kirak\u00f3s (magyarul) - Juc\u0103rii din lemn fabricate \u00een Rom\u00e2nia!\",\"isPartOf\":{\"@id\":\"https:\/\/jucarii-lemn-online.ro\/#website\"},\"primaryImageOfPage\":{\"@id\":\"https:\/\/jucarii-lemn-online.ro\/produs\/ingenioplay-naprendszer-kirakos-magyarul\/#primaryimage\"},\"image\":{\"@id\":\"https:\/\/jucarii-lemn-online.ro\/produs\/ingenioplay-naprendszer-kirakos-magyarul\/#primaryimage\"},\"thumbnailUrl\":\"https:\/\/jucarii-lemn-online.ro\/wp-content\/uploads\/2023\/09\/ChatGPT-Image-2026.-jan.-5.-10_51_49.png\",\"datePublished\":\"2023-10-19T09:11:55+00:00\",\"dateModified\":\"2026-01-05T08:55:09+00:00\",\"description\":\"Magyar nyelv\u0171 felirattal, naprendszer az IngenioPlay-t\u0151l, kivehet\u0151 bolyg\u00f3kkal.Lap m\u00e9rete 30 x 40 cm\",\"breadcrumb\":{\"@id\":\"https:\/\/jucarii-lemn-online.ro\/produs\/ingenioplay-naprendszer-kirakos-magyarul\/#breadcrumb\"},\"inLanguage\":\"en-US\",\"potentialAction\":[{\"@type\":\"ReadAction\",\"target\":[\"https:\/\/jucarii-lemn-online.ro\/produs\/ingenioplay-naprendszer-kirakos-magyarul\/\"]}]},{\"@type\":\"ImageObject\",\"inLanguage\":\"en-US\",\"@id\":\"https:\/\/jucarii-lemn-online.ro\/produs\/ingenioplay-naprendszer-kirakos-magyarul\/#primaryimage\",\"url\":\"https:\/\/jucarii-lemn-online.ro\/wp-content\/uploads\/2023\/09\/ChatGPT-Image-2026.-jan.-5.-10_51_49.png\",\"contentUrl\":\"https:\/\/jucarii-lemn-online.ro\/wp-content\/uploads\/2023\/09\/ChatGPT-Image-2026.-jan.-5.-10_51_49.png\",\"width\":1536,\"height\":1024},{\"@type\":\"BreadcrumbList\",\"@id\":\"https:\/\/jucarii-lemn-online.ro\/produs\/ingenioplay-naprendszer-kirakos-magyarul\/#breadcrumb\",\"itemListElement\":[{\"@type\":\"ListItem\",\"position\":1,\"name\":\"Prima pagin\u0103\",\"item\":\"https:\/\/jucarii-lemn-online.ro\/en\/\"},{\"@type\":\"ListItem\",\"position\":2,\"name\":\"Shop\",\"item\":\"https:\/\/jucarii-lemn-online.ro\/en\/shop-2\/\"},{\"@type\":\"ListItem\",\"position\":3,\"name\":\"IngenioPlay naprendszer kirak\u00f3s (magyarul)\"}]},{\"@type\":\"WebSite\",\"@id\":\"https:\/\/jucarii-lemn-online.ro\/#website\",\"url\":\"https:\/\/jucarii-lemn-online.ro\/\",\"name\":\"Juc\u0103rii din lemn fabricate \u00een Rom\u00e2nia!\",\"description\":\"Juc\u0103rii din lemn fabricate \u00een Rom\u00e2nia!\",\"potentialAction\":[{\"@type\":\"SearchAction\",\"target\":{\"@type\":\"EntryPoint\",\"urlTemplate\":\"https:\/\/jucarii-lemn-online.ro\/?s={search_term_string}\"},\"query-input\":{\"@type\":\"PropertyValueSpecification\",\"valueRequired\":true,\"valueName\":\"search_term_string\"}}],\"inLanguage\":\"en-US\"}]}<\/script>\n<!-- \/ Yoast SEO plugin. -->","yoast_head_json":{"title":"IngenioPlay naprendszer kirak\u00f3s (magyarul) - Juc\u0103rii din lemn fabricate \u00een Rom\u00e2nia!","description":"Magyar nyelv\u0171 felirattal, naprendszer az IngenioPlay-t\u0151l, kivehet\u0151 bolyg\u00f3kkal.Lap m\u00e9rete 30 x 40 cm","robots":{"index":"index","follow":"follow","max-snippet":"max-snippet:-1","max-image-preview":"max-image-preview:large","max-video-preview":"max-video-preview:-1"},"canonical":"https:\/\/jucarii-lemn-online.ro\/produs\/ingenioplay-naprendszer-kirakos-magyarul\/","og_locale":"en_US","og_type":"article","og_title":"IngenioPlay naprendszer kirak\u00f3s (magyarul) - Juc\u0103rii din lemn fabricate \u00een Rom\u00e2nia!","og_description":"Magyar nyelv\u0171 felirattal, naprendszer az IngenioPlay-t\u0151l, kivehet\u0151 bolyg\u00f3kkal.Lap m\u00e9rete 30 x 40 cm","og_url":"https:\/\/jucarii-lemn-online.ro\/produs\/ingenioplay-naprendszer-kirakos-magyarul\/","og_site_name":"Juc\u0103rii din lemn fabricate \u00een Rom\u00e2nia!","article_modified_time":"2026-01-05T08:55:09+00:00","og_image":[{"width":1536,"height":1024,"url":"https:\/\/jucarii-lemn-online.ro\/wp-content\/uploads\/2023\/09\/ChatGPT-Image-2026.-jan.-5.-10_51_49.png","type":"image\/png"}],"twitter_card":"summary_large_image","twitter_misc":{"Est. reading time":"1 minute"},"schema":{"@context":"https:\/\/schema.org","@graph":[{"@type":"WebPage","@id":"https:\/\/jucarii-lemn-online.ro\/produs\/ingenioplay-naprendszer-kirakos-magyarul\/","url":"https:\/\/jucarii-lemn-online.ro\/produs\/ingenioplay-naprendszer-kirakos-magyarul\/","name":"IngenioPlay naprendszer kirak\u00f3s (magyarul) - Juc\u0103rii din lemn fabricate \u00een Rom\u00e2nia!","isPartOf":{"@id":"https:\/\/jucarii-lemn-online.ro\/#website"},"primaryImageOfPage":{"@id":"https:\/\/jucarii-lemn-online.ro\/produs\/ingenioplay-naprendszer-kirakos-magyarul\/#primaryimage"},"image":{"@id":"https:\/\/jucarii-lemn-online.ro\/produs\/ingenioplay-naprendszer-kirakos-magyarul\/#primaryimage"},"thumbnailUrl":"https:\/\/jucarii-lemn-online.ro\/wp-content\/uploads\/2023\/09\/ChatGPT-Image-2026.-jan.-5.-10_51_49.png","datePublished":"2023-10-19T09:11:55+00:00","dateModified":"2026-01-05T08:55:09+00:00","description":"Magyar nyelv\u0171 felirattal, naprendszer az IngenioPlay-t\u0151l, kivehet\u0151 bolyg\u00f3kkal.Lap m\u00e9rete 30 x 40 cm","breadcrumb":{"@id":"https:\/\/jucarii-lemn-online.ro\/produs\/ingenioplay-naprendszer-kirakos-magyarul\/#breadcrumb"},"inLanguage":"en-US","potentialAction":[{"@type":"ReadAction","target":["https:\/\/jucarii-lemn-online.ro\/produs\/ingenioplay-naprendszer-kirakos-magyarul\/"]}]},{"@type":"ImageObject","inLanguage":"en-US","@id":"https:\/\/jucarii-lemn-online.ro\/produs\/ingenioplay-naprendszer-kirakos-magyarul\/#primaryimage","url":"https:\/\/jucarii-lemn-online.ro\/wp-content\/uploads\/2023\/09\/ChatGPT-Image-2026.-jan.-5.-10_51_49.png","contentUrl":"https:\/\/jucarii-lemn-online.ro\/wp-content\/uploads\/2023\/09\/ChatGPT-Image-2026.-jan.-5.-10_51_49.png","width":1536,"height":1024},{"@type":"BreadcrumbList","@id":"https:\/\/jucarii-lemn-online.ro\/produs\/ingenioplay-naprendszer-kirakos-magyarul\/#breadcrumb","itemListElement":[{"@type":"ListItem","position":1,"name":"Prima pagin\u0103","item":"https:\/\/jucarii-lemn-online.ro\/en\/"},{"@type":"ListItem","position":2,"name":"Shop","item":"https:\/\/jucarii-lemn-online.ro\/en\/shop-2\/"},{"@type":"ListItem","position":3,"name":"IngenioPlay naprendszer kirak\u00f3s (magyarul)"}]},{"@type":"WebSite","@id":"https:\/\/jucarii-lemn-online.ro\/#website","url":"https:\/\/jucarii-lemn-online.ro\/","name":"Juc\u0103rii din lemn fabricate \u00een Rom\u00e2nia!","description":"Juc\u0103rii din lemn fabricate \u00een Rom\u00e2nia!","potentialAction":[{"@type":"SearchAction","target":{"@type":"EntryPoint","urlTemplate":"https:\/\/jucarii-lemn-online.ro\/?s={search_term_string}"},"query-input":{"@type":"PropertyValueSpecification","valueRequired":true,"valueName":"search_term_string"}}],"inLanguage":"en-US"}]}},"_links":{"self":[{"href":"https:\/\/jucarii-lemn-online.ro\/en\/wp-json\/wp\/v2\/product\/4166","targetHints":{"allow":["GET"]}}],"collection":[{"href":"https:\/\/jucarii-lemn-online.ro\/en\/wp-json\/wp\/v2\/product"}],"about":[{"href":"https:\/\/jucarii-lemn-online.ro\/en\/wp-json\/wp\/v2\/types\/product"}],"wp:featuredmedia":[{"embeddable":true,"href":"https:\/\/jucarii-lemn-online.ro\/en\/wp-json\/wp\/v2\/media\/5320"}],"wp:attachment":[{"href":"https:\/\/jucarii-lemn-online.ro\/en\/wp-json\/wp\/v2\/media?parent=4166"}],"wp:term":[{"taxonomy":"product_brand","embeddable":true,"href":"https:\/\/jucarii-lemn-online.ro\/en\/wp-json\/wp\/v2\/product_brand?post=4166"},{"taxonomy":"product_cat","embeddable":true,"href":"https:\/\/jucarii-lemn-online.ro\/en\/wp-json\/wp\/v2\/product_cat?post=4166"},{"taxonomy":"product_tag","embeddable":true,"href":"https:\/\/jucarii-lemn-online.ro\/en\/wp-json\/wp\/v2\/product_tag?post=4166"}],"curies":[{"name":"wp","href":"https:\/\/api.w.org\/{rel}","templated":true}]}}