{"id":3895,"date":"2023-10-04T08:57:38","date_gmt":"2023-10-04T08:57:38","guid":{"rendered":"https:\/\/jucarii-lemn-online.ro\/?post_type=product&#038;p=3895"},"modified":"2025-10-03T11:59:43","modified_gmt":"2025-10-03T09:59:43","slug":"tangram-puzzle","status":"publish","type":"product","link":"https:\/\/jucarii-lemn-online.ro\/en\/produs\/tangram-puzzle\/","title":{"rendered":"Tangram puzzle de la Lemnivor"},"content":{"rendered":"<p>Tangram din lemn de esen\u021b\u0103 tare, finisat cu lac acrilic pentru rezisten\u021b\u0103 \u0219i durabilitate.<\/p>\n<p>Dimensiune: <strong data-start=\"279\" data-end=\"293\">12 x 12 cm<\/strong>.<\/p>\n<p>Un produs Lemnivor, creat pentru a \u00eembina joaca \u0219i \u00eenv\u0103\u021barea. Tangramul dezvolt\u0103 g\u00e2ndirea logic\u0103, imagina\u021bia, aten\u021bia \u0219i capacitatea de rezolvare a problemelor, fiind un joc clasic ce stimuleaz\u0103 inteligen\u021ba vizual-spa\u021bial\u0103.<\/p>\n","protected":false},"excerpt":{"rendered":"<p>Tangram clasic din <strong data-start=\"950\" data-end=\"964\">lemn masiv<\/strong>, atent finisat cu lac acrilic, rezistent \u0219i pl\u0103cut la atingere.<\/p>\n<p>Dimensiuni: <strong data-start=\"1041\" data-end=\"1055\">12 x 12 cm<\/strong>.<br data-start=\"1056\" data-end=\"1059\" \/>Marca Lemnivor.<\/p>\n","protected":false},"featured_media":3896,"template":"","meta":[],"product_brand":[],"product_cat":[89],"product_tag":[118,160],"class_list":{"0":"post-3895","1":"product","2":"type-product","3":"status-publish","4":"has-post-thumbnail","6":"product_cat-lemnivor","7":"product_tag-puzzle","8":"product_tag-tangram","10":"first","11":"instock","12":"shipping-taxable","13":"purchasable","14":"product-type-simple"},"yoast_head":"<!-- This site is optimized with the Yoast SEO plugin v24.5 - https:\/\/yoast.com\/wordpress\/plugins\/seo\/ -->\n<title>Tangram puzzle de la Lemnivor - Juc\u0103rii din lemn fabricate \u00een Rom\u00e2nia!<\/title>\n<meta name=\"description\" content=\"Tangram clasic din lemn masiv, atent finisat cu lac acrilic, rezistent \u0219i pl\u0103cut la atingere. Dimensiuni: 12 x 12 cm.Marca Lemnivor.\" \/>\n<meta name=\"robots\" content=\"index, follow, max-snippet:-1, max-image-preview:large, max-video-preview:-1\" \/>\n<link rel=\"canonical\" href=\"https:\/\/jucarii-lemn-online.ro\/produs\/tangram-puzzle\/\" \/>\n<meta property=\"og:locale\" content=\"en_US\" \/>\n<meta property=\"og:type\" content=\"article\" \/>\n<meta property=\"og:title\" content=\"Tangram puzzle de la Lemnivor - Juc\u0103rii din lemn fabricate \u00een Rom\u00e2nia!\" \/>\n<meta property=\"og:description\" content=\"Tangram clasic din lemn masiv, atent finisat cu lac acrilic, rezistent \u0219i pl\u0103cut la atingere. Dimensiuni: 12 x 12 cm.Marca Lemnivor.\" \/>\n<meta property=\"og:url\" content=\"https:\/\/jucarii-lemn-online.ro\/produs\/tangram-puzzle\/\" \/>\n<meta property=\"og:site_name\" content=\"Juc\u0103rii din lemn fabricate \u00een Rom\u00e2nia!\" \/>\n<meta property=\"article:modified_time\" content=\"2025-10-03T09:59:43+00:00\" \/>\n<meta property=\"og:image\" content=\"https:\/\/jucarii-lemn-online.ro\/wp-content\/uploads\/2023\/10\/img.ErSqht62ST.jpg\" \/>\n\t<meta property=\"og:image:width\" content=\"800\" \/>\n\t<meta property=\"og:image:height\" content=\"667\" \/>\n\t<meta property=\"og:image:type\" content=\"image\/jpeg\" \/>\n<meta name=\"twitter:card\" content=\"summary_large_image\" \/>\n<meta name=\"twitter:label1\" content=\"Est. reading time\" \/>\n\t<meta name=\"twitter:data1\" content=\"1 minute\" \/>\n<script type=\"application\/ld+json\" class=\"yoast-schema-graph\">{\"@context\":\"https:\/\/schema.org\",\"@graph\":[{\"@type\":\"WebPage\",\"@id\":\"https:\/\/jucarii-lemn-online.ro\/produs\/tangram-puzzle\/\",\"url\":\"https:\/\/jucarii-lemn-online.ro\/produs\/tangram-puzzle\/\",\"name\":\"Tangram puzzle de la Lemnivor - Juc\u0103rii din lemn fabricate \u00een Rom\u00e2nia!\",\"isPartOf\":{\"@id\":\"https:\/\/jucarii-lemn-online.ro\/#website\"},\"primaryImageOfPage\":{\"@id\":\"https:\/\/jucarii-lemn-online.ro\/produs\/tangram-puzzle\/#primaryimage\"},\"image\":{\"@id\":\"https:\/\/jucarii-lemn-online.ro\/produs\/tangram-puzzle\/#primaryimage\"},\"thumbnailUrl\":\"https:\/\/jucarii-lemn-online.ro\/wp-content\/uploads\/2023\/10\/img.ErSqht62ST.jpg\",\"datePublished\":\"2023-10-04T08:57:38+00:00\",\"dateModified\":\"2025-10-03T09:59:43+00:00\",\"description\":\"Tangram clasic din lemn masiv, atent finisat cu lac acrilic, rezistent \u0219i pl\u0103cut la atingere. Dimensiuni: 12 x 12 cm.Marca Lemnivor.\",\"breadcrumb\":{\"@id\":\"https:\/\/jucarii-lemn-online.ro\/produs\/tangram-puzzle\/#breadcrumb\"},\"inLanguage\":\"en-US\",\"potentialAction\":[{\"@type\":\"ReadAction\",\"target\":[\"https:\/\/jucarii-lemn-online.ro\/produs\/tangram-puzzle\/\"]}]},{\"@type\":\"ImageObject\",\"inLanguage\":\"en-US\",\"@id\":\"https:\/\/jucarii-lemn-online.ro\/produs\/tangram-puzzle\/#primaryimage\",\"url\":\"https:\/\/jucarii-lemn-online.ro\/wp-content\/uploads\/2023\/10\/img.ErSqht62ST.jpg\",\"contentUrl\":\"https:\/\/jucarii-lemn-online.ro\/wp-content\/uploads\/2023\/10\/img.ErSqht62ST.jpg\",\"width\":800,\"height\":667},{\"@type\":\"BreadcrumbList\",\"@id\":\"https:\/\/jucarii-lemn-online.ro\/produs\/tangram-puzzle\/#breadcrumb\",\"itemListElement\":[{\"@type\":\"ListItem\",\"position\":1,\"name\":\"Prima pagin\u0103\",\"item\":\"https:\/\/jucarii-lemn-online.ro\/en\/\"},{\"@type\":\"ListItem\",\"position\":2,\"name\":\"Shop\",\"item\":\"https:\/\/jucarii-lemn-online.ro\/en\/shop-2\/\"},{\"@type\":\"ListItem\",\"position\":3,\"name\":\"Tangram puzzle de la Lemnivor\"}]},{\"@type\":\"WebSite\",\"@id\":\"https:\/\/jucarii-lemn-online.ro\/#website\",\"url\":\"https:\/\/jucarii-lemn-online.ro\/\",\"name\":\"Juc\u0103rii din lemn fabricate \u00een Rom\u00e2nia!\",\"description\":\"Juc\u0103rii din lemn fabricate \u00een Rom\u00e2nia!\",\"potentialAction\":[{\"@type\":\"SearchAction\",\"target\":{\"@type\":\"EntryPoint\",\"urlTemplate\":\"https:\/\/jucarii-lemn-online.ro\/?s={search_term_string}\"},\"query-input\":{\"@type\":\"PropertyValueSpecification\",\"valueRequired\":true,\"valueName\":\"search_term_string\"}}],\"inLanguage\":\"en-US\"}]}<\/script>\n<!-- \/ Yoast SEO plugin. -->","yoast_head_json":{"title":"Tangram puzzle de la Lemnivor - Juc\u0103rii din lemn fabricate \u00een Rom\u00e2nia!","description":"Tangram clasic din lemn masiv, atent finisat cu lac acrilic, rezistent \u0219i pl\u0103cut la atingere. Dimensiuni: 12 x 12 cm.Marca Lemnivor.","robots":{"index":"index","follow":"follow","max-snippet":"max-snippet:-1","max-image-preview":"max-image-preview:large","max-video-preview":"max-video-preview:-1"},"canonical":"https:\/\/jucarii-lemn-online.ro\/produs\/tangram-puzzle\/","og_locale":"en_US","og_type":"article","og_title":"Tangram puzzle de la Lemnivor - Juc\u0103rii din lemn fabricate \u00een Rom\u00e2nia!","og_description":"Tangram clasic din lemn masiv, atent finisat cu lac acrilic, rezistent \u0219i pl\u0103cut la atingere. Dimensiuni: 12 x 12 cm.Marca Lemnivor.","og_url":"https:\/\/jucarii-lemn-online.ro\/produs\/tangram-puzzle\/","og_site_name":"Juc\u0103rii din lemn fabricate \u00een Rom\u00e2nia!","article_modified_time":"2025-10-03T09:59:43+00:00","og_image":[{"width":800,"height":667,"url":"https:\/\/jucarii-lemn-online.ro\/wp-content\/uploads\/2023\/10\/img.ErSqht62ST.jpg","type":"image\/jpeg"}],"twitter_card":"summary_large_image","twitter_misc":{"Est. reading time":"1 minute"},"schema":{"@context":"https:\/\/schema.org","@graph":[{"@type":"WebPage","@id":"https:\/\/jucarii-lemn-online.ro\/produs\/tangram-puzzle\/","url":"https:\/\/jucarii-lemn-online.ro\/produs\/tangram-puzzle\/","name":"Tangram puzzle de la Lemnivor - Juc\u0103rii din lemn fabricate \u00een Rom\u00e2nia!","isPartOf":{"@id":"https:\/\/jucarii-lemn-online.ro\/#website"},"primaryImageOfPage":{"@id":"https:\/\/jucarii-lemn-online.ro\/produs\/tangram-puzzle\/#primaryimage"},"image":{"@id":"https:\/\/jucarii-lemn-online.ro\/produs\/tangram-puzzle\/#primaryimage"},"thumbnailUrl":"https:\/\/jucarii-lemn-online.ro\/wp-content\/uploads\/2023\/10\/img.ErSqht62ST.jpg","datePublished":"2023-10-04T08:57:38+00:00","dateModified":"2025-10-03T09:59:43+00:00","description":"Tangram clasic din lemn masiv, atent finisat cu lac acrilic, rezistent \u0219i pl\u0103cut la atingere. Dimensiuni: 12 x 12 cm.Marca Lemnivor.","breadcrumb":{"@id":"https:\/\/jucarii-lemn-online.ro\/produs\/tangram-puzzle\/#breadcrumb"},"inLanguage":"en-US","potentialAction":[{"@type":"ReadAction","target":["https:\/\/jucarii-lemn-online.ro\/produs\/tangram-puzzle\/"]}]},{"@type":"ImageObject","inLanguage":"en-US","@id":"https:\/\/jucarii-lemn-online.ro\/produs\/tangram-puzzle\/#primaryimage","url":"https:\/\/jucarii-lemn-online.ro\/wp-content\/uploads\/2023\/10\/img.ErSqht62ST.jpg","contentUrl":"https:\/\/jucarii-lemn-online.ro\/wp-content\/uploads\/2023\/10\/img.ErSqht62ST.jpg","width":800,"height":667},{"@type":"BreadcrumbList","@id":"https:\/\/jucarii-lemn-online.ro\/produs\/tangram-puzzle\/#breadcrumb","itemListElement":[{"@type":"ListItem","position":1,"name":"Prima pagin\u0103","item":"https:\/\/jucarii-lemn-online.ro\/en\/"},{"@type":"ListItem","position":2,"name":"Shop","item":"https:\/\/jucarii-lemn-online.ro\/en\/shop-2\/"},{"@type":"ListItem","position":3,"name":"Tangram puzzle de la Lemnivor"}]},{"@type":"WebSite","@id":"https:\/\/jucarii-lemn-online.ro\/#website","url":"https:\/\/jucarii-lemn-online.ro\/","name":"Juc\u0103rii din lemn fabricate \u00een Rom\u00e2nia!","description":"Juc\u0103rii din lemn fabricate \u00een Rom\u00e2nia!","potentialAction":[{"@type":"SearchAction","target":{"@type":"EntryPoint","urlTemplate":"https:\/\/jucarii-lemn-online.ro\/?s={search_term_string}"},"query-input":{"@type":"PropertyValueSpecification","valueRequired":true,"valueName":"search_term_string"}}],"inLanguage":"en-US"}]}},"_links":{"self":[{"href":"https:\/\/jucarii-lemn-online.ro\/en\/wp-json\/wp\/v2\/product\/3895","targetHints":{"allow":["GET"]}}],"collection":[{"href":"https:\/\/jucarii-lemn-online.ro\/en\/wp-json\/wp\/v2\/product"}],"about":[{"href":"https:\/\/jucarii-lemn-online.ro\/en\/wp-json\/wp\/v2\/types\/product"}],"wp:featuredmedia":[{"embeddable":true,"href":"https:\/\/jucarii-lemn-online.ro\/en\/wp-json\/wp\/v2\/media\/3896"}],"wp:attachment":[{"href":"https:\/\/jucarii-lemn-online.ro\/en\/wp-json\/wp\/v2\/media?parent=3895"}],"wp:term":[{"taxonomy":"product_brand","embeddable":true,"href":"https:\/\/jucarii-lemn-online.ro\/en\/wp-json\/wp\/v2\/product_brand?post=3895"},{"taxonomy":"product_cat","embeddable":true,"href":"https:\/\/jucarii-lemn-online.ro\/en\/wp-json\/wp\/v2\/product_cat?post=3895"},{"taxonomy":"product_tag","embeddable":true,"href":"https:\/\/jucarii-lemn-online.ro\/en\/wp-json\/wp\/v2\/product_tag?post=3895"}],"curies":[{"name":"wp","href":"https:\/\/api.w.org\/{rel}","templated":true}]}}