{"id":3888,"date":"2023-10-04T08:53:27","date_gmt":"2023-10-04T08:53:27","guid":{"rendered":"https:\/\/jucarii-lemn-online.ro\/?post_type=product&#038;p=3888"},"modified":"2023-10-04T09:00:36","modified_gmt":"2023-10-04T09:00:36","slug":"puzzle-cu-animale","status":"publish","type":"product","link":"https:\/\/jucarii-lemn-online.ro\/en\/produs\/puzzle-cu-animale\/","title":{"rendered":"Puzzle cu animale"},"content":{"rendered":"<section class=\"wpb-content-wrapper\"><p>[vc_row][vc_column][vc_wp_text]Realizat din lemn masiv (diverse esente).<br \/>\nFinisat cu ceara naturala.<br \/>\nMarime : ~24 x 15,5 cm<\/p>\n<p>Un produs Lemnivor.<\/p>\n<p>Fabricat in Romania![\/vc_wp_text][\/vc_column][\/vc_row]<\/p>\n<\/section>","protected":false},"excerpt":{"rendered":"<p>Realizat din lemn masiv (diverse esente).<br \/>\nFinisat cu ceara naturala.<br \/>\nMarime : ~24 x 15,5 cm<\/p>\n<p>Un produs Lemnivor.<\/p>\n<p>Fabricat in Romania!<\/p>\n","protected":false},"featured_media":3892,"template":"","meta":[],"product_brand":[],"product_cat":[89],"product_tag":[159,118],"class_list":{"0":"post-3888","1":"product","2":"type-product","3":"status-publish","4":"has-post-thumbnail","6":"product_cat-lemnivor","7":"product_tag-animale","8":"product_tag-puzzle","10":"first","11":"instock","12":"shipping-taxable","13":"purchasable","14":"product-type-simple"},"yoast_head":"<!-- This site is optimized with the Yoast SEO plugin v24.5 - https:\/\/yoast.com\/wordpress\/plugins\/seo\/ -->\n<title>Puzzle cu animale - Juc\u0103rii din lemn fabricate \u00een Rom\u00e2nia!<\/title>\n<meta name=\"description\" content=\"Realizat din lemn masiv (diverse esente). Finisat cu ceara naturala. Marime : ~24 x 15,5 cm. Un produs Lemnivor. Fabricat in Romania!\" \/>\n<meta name=\"robots\" content=\"index, follow, max-snippet:-1, max-image-preview:large, max-video-preview:-1\" \/>\n<link rel=\"canonical\" href=\"https:\/\/jucarii-lemn-online.ro\/produs\/puzzle-cu-animale\/\" \/>\n<meta property=\"og:locale\" content=\"en_US\" \/>\n<meta property=\"og:type\" content=\"article\" \/>\n<meta property=\"og:title\" content=\"Puzzle cu animale - Juc\u0103rii din lemn fabricate \u00een Rom\u00e2nia!\" \/>\n<meta property=\"og:description\" content=\"Realizat din lemn masiv (diverse esente). Finisat cu ceara naturala. Marime : ~24 x 15,5 cm. Un produs Lemnivor. Fabricat in Romania!\" \/>\n<meta property=\"og:url\" content=\"https:\/\/jucarii-lemn-online.ro\/produs\/puzzle-cu-animale\/\" \/>\n<meta property=\"og:site_name\" content=\"Juc\u0103rii din lemn fabricate \u00een Rom\u00e2nia!\" \/>\n<meta property=\"article:modified_time\" content=\"2023-10-04T09:00:36+00:00\" \/>\n<meta property=\"og:image\" content=\"https:\/\/jucarii-lemn-online.ro\/wp-content\/uploads\/2023\/10\/lmv11_puzzle_cu_animale_02.jpg\" \/>\n\t<meta property=\"og:image:width\" content=\"795\" \/>\n\t<meta property=\"og:image:height\" content=\"587\" \/>\n\t<meta property=\"og:image:type\" content=\"image\/jpeg\" \/>\n<meta name=\"twitter:card\" content=\"summary_large_image\" \/>\n<meta name=\"twitter:label1\" content=\"Est. reading time\" \/>\n\t<meta name=\"twitter:data1\" content=\"1 minute\" \/>\n<script type=\"application\/ld+json\" class=\"yoast-schema-graph\">{\"@context\":\"https:\/\/schema.org\",\"@graph\":[{\"@type\":\"WebPage\",\"@id\":\"https:\/\/jucarii-lemn-online.ro\/produs\/puzzle-cu-animale\/\",\"url\":\"https:\/\/jucarii-lemn-online.ro\/produs\/puzzle-cu-animale\/\",\"name\":\"Puzzle cu animale - Juc\u0103rii din lemn fabricate \u00een Rom\u00e2nia!\",\"isPartOf\":{\"@id\":\"https:\/\/jucarii-lemn-online.ro\/#website\"},\"primaryImageOfPage\":{\"@id\":\"https:\/\/jucarii-lemn-online.ro\/produs\/puzzle-cu-animale\/#primaryimage\"},\"image\":{\"@id\":\"https:\/\/jucarii-lemn-online.ro\/produs\/puzzle-cu-animale\/#primaryimage\"},\"thumbnailUrl\":\"https:\/\/jucarii-lemn-online.ro\/wp-content\/uploads\/2023\/10\/lmv11_puzzle_cu_animale_02.jpg\",\"datePublished\":\"2023-10-04T08:53:27+00:00\",\"dateModified\":\"2023-10-04T09:00:36+00:00\",\"description\":\"Realizat din lemn masiv (diverse esente). Finisat cu ceara naturala. Marime : ~24 x 15,5 cm. Un produs Lemnivor. Fabricat in Romania!\",\"breadcrumb\":{\"@id\":\"https:\/\/jucarii-lemn-online.ro\/produs\/puzzle-cu-animale\/#breadcrumb\"},\"inLanguage\":\"en-US\",\"potentialAction\":[{\"@type\":\"ReadAction\",\"target\":[\"https:\/\/jucarii-lemn-online.ro\/produs\/puzzle-cu-animale\/\"]}]},{\"@type\":\"ImageObject\",\"inLanguage\":\"en-US\",\"@id\":\"https:\/\/jucarii-lemn-online.ro\/produs\/puzzle-cu-animale\/#primaryimage\",\"url\":\"https:\/\/jucarii-lemn-online.ro\/wp-content\/uploads\/2023\/10\/lmv11_puzzle_cu_animale_02.jpg\",\"contentUrl\":\"https:\/\/jucarii-lemn-online.ro\/wp-content\/uploads\/2023\/10\/lmv11_puzzle_cu_animale_02.jpg\",\"width\":795,\"height\":587},{\"@type\":\"BreadcrumbList\",\"@id\":\"https:\/\/jucarii-lemn-online.ro\/produs\/puzzle-cu-animale\/#breadcrumb\",\"itemListElement\":[{\"@type\":\"ListItem\",\"position\":1,\"name\":\"Prima pagin\u0103\",\"item\":\"https:\/\/jucarii-lemn-online.ro\/en\/\"},{\"@type\":\"ListItem\",\"position\":2,\"name\":\"Shop\",\"item\":\"https:\/\/jucarii-lemn-online.ro\/en\/shop-2\/\"},{\"@type\":\"ListItem\",\"position\":3,\"name\":\"Puzzle cu animale\"}]},{\"@type\":\"WebSite\",\"@id\":\"https:\/\/jucarii-lemn-online.ro\/#website\",\"url\":\"https:\/\/jucarii-lemn-online.ro\/\",\"name\":\"Juc\u0103rii din lemn fabricate \u00een Rom\u00e2nia!\",\"description\":\"Juc\u0103rii din lemn fabricate \u00een Rom\u00e2nia!\",\"potentialAction\":[{\"@type\":\"SearchAction\",\"target\":{\"@type\":\"EntryPoint\",\"urlTemplate\":\"https:\/\/jucarii-lemn-online.ro\/?s={search_term_string}\"},\"query-input\":{\"@type\":\"PropertyValueSpecification\",\"valueRequired\":true,\"valueName\":\"search_term_string\"}}],\"inLanguage\":\"en-US\"}]}<\/script>\n<!-- \/ Yoast SEO plugin. -->","yoast_head_json":{"title":"Puzzle cu animale - Juc\u0103rii din lemn fabricate \u00een Rom\u00e2nia!","description":"Realizat din lemn masiv (diverse esente). Finisat cu ceara naturala. Marime : ~24 x 15,5 cm. Un produs Lemnivor. Fabricat in Romania!","robots":{"index":"index","follow":"follow","max-snippet":"max-snippet:-1","max-image-preview":"max-image-preview:large","max-video-preview":"max-video-preview:-1"},"canonical":"https:\/\/jucarii-lemn-online.ro\/produs\/puzzle-cu-animale\/","og_locale":"en_US","og_type":"article","og_title":"Puzzle cu animale - Juc\u0103rii din lemn fabricate \u00een Rom\u00e2nia!","og_description":"Realizat din lemn masiv (diverse esente). Finisat cu ceara naturala. Marime : ~24 x 15,5 cm. Un produs Lemnivor. Fabricat in Romania!","og_url":"https:\/\/jucarii-lemn-online.ro\/produs\/puzzle-cu-animale\/","og_site_name":"Juc\u0103rii din lemn fabricate \u00een Rom\u00e2nia!","article_modified_time":"2023-10-04T09:00:36+00:00","og_image":[{"width":795,"height":587,"url":"https:\/\/jucarii-lemn-online.ro\/wp-content\/uploads\/2023\/10\/lmv11_puzzle_cu_animale_02.jpg","type":"image\/jpeg"}],"twitter_card":"summary_large_image","twitter_misc":{"Est. reading time":"1 minute"},"schema":{"@context":"https:\/\/schema.org","@graph":[{"@type":"WebPage","@id":"https:\/\/jucarii-lemn-online.ro\/produs\/puzzle-cu-animale\/","url":"https:\/\/jucarii-lemn-online.ro\/produs\/puzzle-cu-animale\/","name":"Puzzle cu animale - Juc\u0103rii din lemn fabricate \u00een Rom\u00e2nia!","isPartOf":{"@id":"https:\/\/jucarii-lemn-online.ro\/#website"},"primaryImageOfPage":{"@id":"https:\/\/jucarii-lemn-online.ro\/produs\/puzzle-cu-animale\/#primaryimage"},"image":{"@id":"https:\/\/jucarii-lemn-online.ro\/produs\/puzzle-cu-animale\/#primaryimage"},"thumbnailUrl":"https:\/\/jucarii-lemn-online.ro\/wp-content\/uploads\/2023\/10\/lmv11_puzzle_cu_animale_02.jpg","datePublished":"2023-10-04T08:53:27+00:00","dateModified":"2023-10-04T09:00:36+00:00","description":"Realizat din lemn masiv (diverse esente). Finisat cu ceara naturala. Marime : ~24 x 15,5 cm. Un produs Lemnivor. Fabricat in Romania!","breadcrumb":{"@id":"https:\/\/jucarii-lemn-online.ro\/produs\/puzzle-cu-animale\/#breadcrumb"},"inLanguage":"en-US","potentialAction":[{"@type":"ReadAction","target":["https:\/\/jucarii-lemn-online.ro\/produs\/puzzle-cu-animale\/"]}]},{"@type":"ImageObject","inLanguage":"en-US","@id":"https:\/\/jucarii-lemn-online.ro\/produs\/puzzle-cu-animale\/#primaryimage","url":"https:\/\/jucarii-lemn-online.ro\/wp-content\/uploads\/2023\/10\/lmv11_puzzle_cu_animale_02.jpg","contentUrl":"https:\/\/jucarii-lemn-online.ro\/wp-content\/uploads\/2023\/10\/lmv11_puzzle_cu_animale_02.jpg","width":795,"height":587},{"@type":"BreadcrumbList","@id":"https:\/\/jucarii-lemn-online.ro\/produs\/puzzle-cu-animale\/#breadcrumb","itemListElement":[{"@type":"ListItem","position":1,"name":"Prima pagin\u0103","item":"https:\/\/jucarii-lemn-online.ro\/en\/"},{"@type":"ListItem","position":2,"name":"Shop","item":"https:\/\/jucarii-lemn-online.ro\/en\/shop-2\/"},{"@type":"ListItem","position":3,"name":"Puzzle cu animale"}]},{"@type":"WebSite","@id":"https:\/\/jucarii-lemn-online.ro\/#website","url":"https:\/\/jucarii-lemn-online.ro\/","name":"Juc\u0103rii din lemn fabricate \u00een Rom\u00e2nia!","description":"Juc\u0103rii din lemn fabricate \u00een Rom\u00e2nia!","potentialAction":[{"@type":"SearchAction","target":{"@type":"EntryPoint","urlTemplate":"https:\/\/jucarii-lemn-online.ro\/?s={search_term_string}"},"query-input":{"@type":"PropertyValueSpecification","valueRequired":true,"valueName":"search_term_string"}}],"inLanguage":"en-US"}]}},"_links":{"self":[{"href":"https:\/\/jucarii-lemn-online.ro\/en\/wp-json\/wp\/v2\/product\/3888","targetHints":{"allow":["GET"]}}],"collection":[{"href":"https:\/\/jucarii-lemn-online.ro\/en\/wp-json\/wp\/v2\/product"}],"about":[{"href":"https:\/\/jucarii-lemn-online.ro\/en\/wp-json\/wp\/v2\/types\/product"}],"wp:featuredmedia":[{"embeddable":true,"href":"https:\/\/jucarii-lemn-online.ro\/en\/wp-json\/wp\/v2\/media\/3892"}],"wp:attachment":[{"href":"https:\/\/jucarii-lemn-online.ro\/en\/wp-json\/wp\/v2\/media?parent=3888"}],"wp:term":[{"taxonomy":"product_brand","embeddable":true,"href":"https:\/\/jucarii-lemn-online.ro\/en\/wp-json\/wp\/v2\/product_brand?post=3888"},{"taxonomy":"product_cat","embeddable":true,"href":"https:\/\/jucarii-lemn-online.ro\/en\/wp-json\/wp\/v2\/product_cat?post=3888"},{"taxonomy":"product_tag","embeddable":true,"href":"https:\/\/jucarii-lemn-online.ro\/en\/wp-json\/wp\/v2\/product_tag?post=3888"}],"curies":[{"name":"wp","href":"https:\/\/api.w.org\/{rel}","templated":true}]}}