{"id":3834,"date":"2023-09-22T11:11:23","date_gmt":"2023-09-22T11:11:23","guid":{"rendered":"https:\/\/jucarii-lemn-online.ro\/?post_type=product&#038;p=3834"},"modified":"2026-04-14T11:04:24","modified_gmt":"2026-04-14T09:04:24","slug":"set-30-oua-natur-din-lemn-de-brad","status":"publish","type":"product","link":"https:\/\/jucarii-lemn-online.ro\/en\/produs\/set-30-oua-natur-din-lemn-de-brad\/","title":{"rendered":"30 ou\u0103 natur din lemn"},"content":{"rendered":"<div class=\"std\">\n<p>Set de 30 de ou\u0103 din lemn natural de brad, perfecte pentru proiecte creative \u0219i activit\u0103\u021bi handmade. Pot fi decorate cu tempera, acuarele sau vopsele acrilice, fiind ideale pentru realizarea decora\u021biunilor de Pa\u0219te personalizate.<br data-start=\"246\" data-end=\"249\" \/>Dimensiune: aprox. 6,5 cm \u00een\u0103l\u021bime.<br data-start=\"284\" data-end=\"287\" \/>Produs fabricat \u00een Rom\u00e2nia.<\/p>\n<\/div>\n","protected":false},"excerpt":{"rendered":"<div class=\"std\">\n<p>Creeaz\u0103 decora\u021biuni unice cu acest set de 30 de ou\u0103 din lemn de brad natur. Suprafa\u021ba neted\u0103 este potrivit\u0103 pentru pictur\u0103 \u0219i personalizare cu tempera, acuarele sau acrilice. Alegerea ideal\u0103 pentru proiecte creative de Pa\u0219te, acas\u0103 sau la \u0219coal\u0103.<br data-start=\"584\" data-end=\"587\" \/>Dimensiune: aproximativ 6,5 cm.<br data-start=\"618\" data-end=\"621\" \/>Fabricat \u00een Rom\u00e2nia.<\/p>\n<\/div>\n","protected":false},"featured_media":5514,"template":"","meta":[],"product_brand":[],"product_cat":[280,117],"product_tag":[144,152,153],"class_list":{"0":"post-3834","1":"product","2":"type-product","3":"status-publish","4":"has-post-thumbnail","6":"product_cat-decoratiuni-de-paste","7":"product_cat-jucarii-woodentoys","8":"product_tag-natur","9":"product_tag-oua-lemn","10":"product_tag-suport-oua","12":"first","13":"instock","14":"shipping-taxable","15":"purchasable","16":"product-type-simple"},"yoast_head":"<!-- This site is optimized with the Yoast SEO plugin v24.5 - https:\/\/yoast.com\/wordpress\/plugins\/seo\/ -->\n<title>30 ou\u0103 natur din lemn - Juc\u0103rii din lemn fabricate \u00een Rom\u00e2nia!<\/title>\n<meta name=\"description\" content=\"Set creativ cu 30 de ou\u0103 din lemn natur, realizate din brad, preg\u0103tite pentru decorare \u0219i personalizare. Perfecte pentru activit\u0103\u021bi artistice \u0219i pentru realizarea ornamentelor de Pa\u0219te \u00een stil propriu. Compatibile cu tempera, acuarele \u0219i vopsele acrilice.\" \/>\n<meta name=\"robots\" content=\"index, follow, max-snippet:-1, max-image-preview:large, max-video-preview:-1\" \/>\n<link rel=\"canonical\" href=\"https:\/\/jucarii-lemn-online.ro\/produs\/set-30-oua-natur-din-lemn-de-brad\/\" \/>\n<meta property=\"og:locale\" content=\"en_US\" \/>\n<meta property=\"og:type\" content=\"article\" \/>\n<meta property=\"og:title\" content=\"30 ou\u0103 natur din lemn - Juc\u0103rii din lemn fabricate \u00een Rom\u00e2nia!\" \/>\n<meta property=\"og:description\" content=\"Set creativ cu 30 de ou\u0103 din lemn natur, realizate din brad, preg\u0103tite pentru decorare \u0219i personalizare. Perfecte pentru activit\u0103\u021bi artistice \u0219i pentru realizarea ornamentelor de Pa\u0219te \u00een stil propriu. Compatibile cu tempera, acuarele \u0219i vopsele acrilice.\" \/>\n<meta property=\"og:url\" content=\"https:\/\/jucarii-lemn-online.ro\/produs\/set-30-oua-natur-din-lemn-de-brad\/\" \/>\n<meta property=\"og:site_name\" content=\"Juc\u0103rii din lemn fabricate \u00een Rom\u00e2nia!\" \/>\n<meta property=\"article:modified_time\" content=\"2026-04-14T09:04:24+00:00\" \/>\n<meta property=\"og:image\" content=\"https:\/\/jucarii-lemn-online.ro\/wp-content\/uploads\/2023\/09\/file_0000000081787246aba7530070ce87e4.png\" \/>\n\t<meta property=\"og:image:width\" content=\"1024\" \/>\n\t<meta property=\"og:image:height\" content=\"1536\" \/>\n\t<meta property=\"og:image:type\" content=\"image\/png\" \/>\n<meta name=\"twitter:card\" content=\"summary_large_image\" \/>\n<meta name=\"twitter:label1\" content=\"Est. reading time\" \/>\n\t<meta name=\"twitter:data1\" content=\"1 minute\" \/>\n<script type=\"application\/ld+json\" class=\"yoast-schema-graph\">{\"@context\":\"https:\/\/schema.org\",\"@graph\":[{\"@type\":\"WebPage\",\"@id\":\"https:\/\/jucarii-lemn-online.ro\/produs\/set-30-oua-natur-din-lemn-de-brad\/\",\"url\":\"https:\/\/jucarii-lemn-online.ro\/produs\/set-30-oua-natur-din-lemn-de-brad\/\",\"name\":\"30 ou\u0103 natur din lemn - Juc\u0103rii din lemn fabricate \u00een Rom\u00e2nia!\",\"isPartOf\":{\"@id\":\"https:\/\/jucarii-lemn-online.ro\/#website\"},\"primaryImageOfPage\":{\"@id\":\"https:\/\/jucarii-lemn-online.ro\/produs\/set-30-oua-natur-din-lemn-de-brad\/#primaryimage\"},\"image\":{\"@id\":\"https:\/\/jucarii-lemn-online.ro\/produs\/set-30-oua-natur-din-lemn-de-brad\/#primaryimage\"},\"thumbnailUrl\":\"https:\/\/jucarii-lemn-online.ro\/wp-content\/uploads\/2023\/09\/file_0000000081787246aba7530070ce87e4.png\",\"datePublished\":\"2023-09-22T11:11:23+00:00\",\"dateModified\":\"2026-04-14T09:04:24+00:00\",\"description\":\"Set creativ cu 30 de ou\u0103 din lemn natur, realizate din brad, preg\u0103tite pentru decorare \u0219i personalizare. Perfecte pentru activit\u0103\u021bi artistice \u0219i pentru realizarea ornamentelor de Pa\u0219te \u00een stil propriu. Compatibile cu tempera, acuarele \u0219i vopsele acrilice.\",\"breadcrumb\":{\"@id\":\"https:\/\/jucarii-lemn-online.ro\/produs\/set-30-oua-natur-din-lemn-de-brad\/#breadcrumb\"},\"inLanguage\":\"en-US\",\"potentialAction\":[{\"@type\":\"ReadAction\",\"target\":[\"https:\/\/jucarii-lemn-online.ro\/produs\/set-30-oua-natur-din-lemn-de-brad\/\"]}]},{\"@type\":\"ImageObject\",\"inLanguage\":\"en-US\",\"@id\":\"https:\/\/jucarii-lemn-online.ro\/produs\/set-30-oua-natur-din-lemn-de-brad\/#primaryimage\",\"url\":\"https:\/\/jucarii-lemn-online.ro\/wp-content\/uploads\/2023\/09\/file_0000000081787246aba7530070ce87e4.png\",\"contentUrl\":\"https:\/\/jucarii-lemn-online.ro\/wp-content\/uploads\/2023\/09\/file_0000000081787246aba7530070ce87e4.png\",\"width\":1024,\"height\":1536},{\"@type\":\"BreadcrumbList\",\"@id\":\"https:\/\/jucarii-lemn-online.ro\/produs\/set-30-oua-natur-din-lemn-de-brad\/#breadcrumb\",\"itemListElement\":[{\"@type\":\"ListItem\",\"position\":1,\"name\":\"Prima pagin\u0103\",\"item\":\"https:\/\/jucarii-lemn-online.ro\/en\/\"},{\"@type\":\"ListItem\",\"position\":2,\"name\":\"Shop\",\"item\":\"https:\/\/jucarii-lemn-online.ro\/en\/shop-2\/\"},{\"@type\":\"ListItem\",\"position\":3,\"name\":\"30 ou\u0103 natur din lemn\"}]},{\"@type\":\"WebSite\",\"@id\":\"https:\/\/jucarii-lemn-online.ro\/#website\",\"url\":\"https:\/\/jucarii-lemn-online.ro\/\",\"name\":\"Juc\u0103rii din lemn fabricate \u00een Rom\u00e2nia!\",\"description\":\"Juc\u0103rii din lemn fabricate \u00een Rom\u00e2nia!\",\"potentialAction\":[{\"@type\":\"SearchAction\",\"target\":{\"@type\":\"EntryPoint\",\"urlTemplate\":\"https:\/\/jucarii-lemn-online.ro\/?s={search_term_string}\"},\"query-input\":{\"@type\":\"PropertyValueSpecification\",\"valueRequired\":true,\"valueName\":\"search_term_string\"}}],\"inLanguage\":\"en-US\"}]}<\/script>\n<!-- \/ Yoast SEO plugin. -->","yoast_head_json":{"title":"30 ou\u0103 natur din lemn - Juc\u0103rii din lemn fabricate \u00een Rom\u00e2nia!","description":"Set creativ cu 30 de ou\u0103 din lemn natur, realizate din brad, preg\u0103tite pentru decorare \u0219i personalizare. Perfecte pentru activit\u0103\u021bi artistice \u0219i pentru realizarea ornamentelor de Pa\u0219te \u00een stil propriu. Compatibile cu tempera, acuarele \u0219i vopsele acrilice.","robots":{"index":"index","follow":"follow","max-snippet":"max-snippet:-1","max-image-preview":"max-image-preview:large","max-video-preview":"max-video-preview:-1"},"canonical":"https:\/\/jucarii-lemn-online.ro\/produs\/set-30-oua-natur-din-lemn-de-brad\/","og_locale":"en_US","og_type":"article","og_title":"30 ou\u0103 natur din lemn - Juc\u0103rii din lemn fabricate \u00een Rom\u00e2nia!","og_description":"Set creativ cu 30 de ou\u0103 din lemn natur, realizate din brad, preg\u0103tite pentru decorare \u0219i personalizare. Perfecte pentru activit\u0103\u021bi artistice \u0219i pentru realizarea ornamentelor de Pa\u0219te \u00een stil propriu. Compatibile cu tempera, acuarele \u0219i vopsele acrilice.","og_url":"https:\/\/jucarii-lemn-online.ro\/produs\/set-30-oua-natur-din-lemn-de-brad\/","og_site_name":"Juc\u0103rii din lemn fabricate \u00een Rom\u00e2nia!","article_modified_time":"2026-04-14T09:04:24+00:00","og_image":[{"width":1024,"height":1536,"url":"https:\/\/jucarii-lemn-online.ro\/wp-content\/uploads\/2023\/09\/file_0000000081787246aba7530070ce87e4.png","type":"image\/png"}],"twitter_card":"summary_large_image","twitter_misc":{"Est. reading time":"1 minute"},"schema":{"@context":"https:\/\/schema.org","@graph":[{"@type":"WebPage","@id":"https:\/\/jucarii-lemn-online.ro\/produs\/set-30-oua-natur-din-lemn-de-brad\/","url":"https:\/\/jucarii-lemn-online.ro\/produs\/set-30-oua-natur-din-lemn-de-brad\/","name":"30 ou\u0103 natur din lemn - Juc\u0103rii din lemn fabricate \u00een Rom\u00e2nia!","isPartOf":{"@id":"https:\/\/jucarii-lemn-online.ro\/#website"},"primaryImageOfPage":{"@id":"https:\/\/jucarii-lemn-online.ro\/produs\/set-30-oua-natur-din-lemn-de-brad\/#primaryimage"},"image":{"@id":"https:\/\/jucarii-lemn-online.ro\/produs\/set-30-oua-natur-din-lemn-de-brad\/#primaryimage"},"thumbnailUrl":"https:\/\/jucarii-lemn-online.ro\/wp-content\/uploads\/2023\/09\/file_0000000081787246aba7530070ce87e4.png","datePublished":"2023-09-22T11:11:23+00:00","dateModified":"2026-04-14T09:04:24+00:00","description":"Set creativ cu 30 de ou\u0103 din lemn natur, realizate din brad, preg\u0103tite pentru decorare \u0219i personalizare. Perfecte pentru activit\u0103\u021bi artistice \u0219i pentru realizarea ornamentelor de Pa\u0219te \u00een stil propriu. Compatibile cu tempera, acuarele \u0219i vopsele acrilice.","breadcrumb":{"@id":"https:\/\/jucarii-lemn-online.ro\/produs\/set-30-oua-natur-din-lemn-de-brad\/#breadcrumb"},"inLanguage":"en-US","potentialAction":[{"@type":"ReadAction","target":["https:\/\/jucarii-lemn-online.ro\/produs\/set-30-oua-natur-din-lemn-de-brad\/"]}]},{"@type":"ImageObject","inLanguage":"en-US","@id":"https:\/\/jucarii-lemn-online.ro\/produs\/set-30-oua-natur-din-lemn-de-brad\/#primaryimage","url":"https:\/\/jucarii-lemn-online.ro\/wp-content\/uploads\/2023\/09\/file_0000000081787246aba7530070ce87e4.png","contentUrl":"https:\/\/jucarii-lemn-online.ro\/wp-content\/uploads\/2023\/09\/file_0000000081787246aba7530070ce87e4.png","width":1024,"height":1536},{"@type":"BreadcrumbList","@id":"https:\/\/jucarii-lemn-online.ro\/produs\/set-30-oua-natur-din-lemn-de-brad\/#breadcrumb","itemListElement":[{"@type":"ListItem","position":1,"name":"Prima pagin\u0103","item":"https:\/\/jucarii-lemn-online.ro\/en\/"},{"@type":"ListItem","position":2,"name":"Shop","item":"https:\/\/jucarii-lemn-online.ro\/en\/shop-2\/"},{"@type":"ListItem","position":3,"name":"30 ou\u0103 natur din lemn"}]},{"@type":"WebSite","@id":"https:\/\/jucarii-lemn-online.ro\/#website","url":"https:\/\/jucarii-lemn-online.ro\/","name":"Juc\u0103rii din lemn fabricate \u00een Rom\u00e2nia!","description":"Juc\u0103rii din lemn fabricate \u00een Rom\u00e2nia!","potentialAction":[{"@type":"SearchAction","target":{"@type":"EntryPoint","urlTemplate":"https:\/\/jucarii-lemn-online.ro\/?s={search_term_string}"},"query-input":{"@type":"PropertyValueSpecification","valueRequired":true,"valueName":"search_term_string"}}],"inLanguage":"en-US"}]}},"_links":{"self":[{"href":"https:\/\/jucarii-lemn-online.ro\/en\/wp-json\/wp\/v2\/product\/3834","targetHints":{"allow":["GET"]}}],"collection":[{"href":"https:\/\/jucarii-lemn-online.ro\/en\/wp-json\/wp\/v2\/product"}],"about":[{"href":"https:\/\/jucarii-lemn-online.ro\/en\/wp-json\/wp\/v2\/types\/product"}],"wp:featuredmedia":[{"embeddable":true,"href":"https:\/\/jucarii-lemn-online.ro\/en\/wp-json\/wp\/v2\/media\/5514"}],"wp:attachment":[{"href":"https:\/\/jucarii-lemn-online.ro\/en\/wp-json\/wp\/v2\/media?parent=3834"}],"wp:term":[{"taxonomy":"product_brand","embeddable":true,"href":"https:\/\/jucarii-lemn-online.ro\/en\/wp-json\/wp\/v2\/product_brand?post=3834"},{"taxonomy":"product_cat","embeddable":true,"href":"https:\/\/jucarii-lemn-online.ro\/en\/wp-json\/wp\/v2\/product_cat?post=3834"},{"taxonomy":"product_tag","embeddable":true,"href":"https:\/\/jucarii-lemn-online.ro\/en\/wp-json\/wp\/v2\/product_tag?post=3834"}],"curies":[{"name":"wp","href":"https:\/\/api.w.org\/{rel}","templated":true}]}}