{"id":3832,"date":"2023-09-22T11:08:40","date_gmt":"2023-09-22T11:08:40","guid":{"rendered":"https:\/\/jucarii-lemn-online.ro\/?post_type=product&#038;p=3832"},"modified":"2026-02-16T16:22:24","modified_gmt":"2026-02-16T14:22:24","slug":"continut-1-ou-din-lemn-natur-1-suport-din-lemn-natur","status":"publish","type":"product","link":"https:\/\/jucarii-lemn-online.ro\/en\/produs\/continut-1-ou-din-lemn-natur-1-suport-din-lemn-natur\/","title":{"rendered":"Set ou\u0103 natur cu suport pentru ou\u0103"},"content":{"rendered":"<div class=\"std\">\n<p data-start=\"361\" data-end=\"486\">Un set simplu \u0219i natural, compus din 1 ou din lemn \u0219i 1 suport din lemn natur.<br data-start=\"456\" data-end=\"459\" \/>Produs realizat \u00een Rom\u00e2nia.<\/p>\n<\/div>\n","protected":false},"excerpt":{"rendered":"<div class=\"std\">\n<p>Setul con\u021bine 1 ou din lemn natur \u0219i 1 suport pentru ou, realizat din lemn natur.<\/p>\n<\/div>\n","protected":false},"featured_media":5517,"template":"","meta":[],"product_brand":[],"product_cat":[280,117],"product_tag":[144,152,153],"class_list":{"0":"post-3832","1":"product","2":"type-product","3":"status-publish","4":"has-post-thumbnail","6":"product_cat-decoratiuni-de-paste","7":"product_cat-jucarii-woodentoys","8":"product_tag-natur","9":"product_tag-oua-lemn","10":"product_tag-suport-oua","12":"first","13":"instock","14":"shipping-taxable","15":"purchasable","16":"product-type-simple"},"yoast_head":"<!-- This site is optimized with the Yoast SEO plugin v24.5 - https:\/\/yoast.com\/wordpress\/plugins\/seo\/ -->\n<title>Set ou\u0103 natur cu suport pentru ou\u0103 - Juc\u0103rii din lemn fabricate \u00een Rom\u00e2nia!<\/title>\n<meta name=\"description\" content=\"Contine 1 bucata oua natur si 1 bucata suport oua din lemn natur. Fabricat in Romania!\" \/>\n<meta name=\"robots\" content=\"index, follow, max-snippet:-1, max-image-preview:large, max-video-preview:-1\" \/>\n<link rel=\"canonical\" href=\"https:\/\/jucarii-lemn-online.ro\/produs\/continut-1-ou-din-lemn-natur-1-suport-din-lemn-natur\/\" \/>\n<meta property=\"og:locale\" content=\"en_US\" \/>\n<meta property=\"og:type\" content=\"article\" \/>\n<meta property=\"og:title\" content=\"Set ou\u0103 natur cu suport pentru ou\u0103 - Juc\u0103rii din lemn fabricate \u00een Rom\u00e2nia!\" \/>\n<meta property=\"og:description\" content=\"Contine 1 bucata oua natur si 1 bucata suport oua din lemn natur. Fabricat in Romania!\" \/>\n<meta property=\"og:url\" content=\"https:\/\/jucarii-lemn-online.ro\/produs\/continut-1-ou-din-lemn-natur-1-suport-din-lemn-natur\/\" \/>\n<meta property=\"og:site_name\" content=\"Juc\u0103rii din lemn fabricate \u00een Rom\u00e2nia!\" \/>\n<meta property=\"article:modified_time\" content=\"2026-02-16T14:22:24+00:00\" \/>\n<meta property=\"og:image\" content=\"https:\/\/jucarii-lemn-online.ro\/wp-content\/uploads\/2023\/09\/file_0000000092ac720a9de3e9998ae0dd85.png\" \/>\n\t<meta property=\"og:image:width\" content=\"1024\" \/>\n\t<meta property=\"og:image:height\" content=\"1024\" \/>\n\t<meta property=\"og:image:type\" content=\"image\/png\" \/>\n<meta name=\"twitter:card\" content=\"summary_large_image\" \/>\n<meta name=\"twitter:label1\" content=\"Est. reading time\" \/>\n\t<meta name=\"twitter:data1\" content=\"1 minute\" \/>\n<script type=\"application\/ld+json\" class=\"yoast-schema-graph\">{\"@context\":\"https:\/\/schema.org\",\"@graph\":[{\"@type\":\"WebPage\",\"@id\":\"https:\/\/jucarii-lemn-online.ro\/produs\/continut-1-ou-din-lemn-natur-1-suport-din-lemn-natur\/\",\"url\":\"https:\/\/jucarii-lemn-online.ro\/produs\/continut-1-ou-din-lemn-natur-1-suport-din-lemn-natur\/\",\"name\":\"Set ou\u0103 natur cu suport pentru ou\u0103 - Juc\u0103rii din lemn fabricate \u00een Rom\u00e2nia!\",\"isPartOf\":{\"@id\":\"https:\/\/jucarii-lemn-online.ro\/#website\"},\"primaryImageOfPage\":{\"@id\":\"https:\/\/jucarii-lemn-online.ro\/produs\/continut-1-ou-din-lemn-natur-1-suport-din-lemn-natur\/#primaryimage\"},\"image\":{\"@id\":\"https:\/\/jucarii-lemn-online.ro\/produs\/continut-1-ou-din-lemn-natur-1-suport-din-lemn-natur\/#primaryimage\"},\"thumbnailUrl\":\"https:\/\/jucarii-lemn-online.ro\/wp-content\/uploads\/2023\/09\/file_0000000092ac720a9de3e9998ae0dd85.png\",\"datePublished\":\"2023-09-22T11:08:40+00:00\",\"dateModified\":\"2026-02-16T14:22:24+00:00\",\"description\":\"Contine 1 bucata oua natur si 1 bucata suport oua din lemn natur. Fabricat in Romania!\",\"breadcrumb\":{\"@id\":\"https:\/\/jucarii-lemn-online.ro\/produs\/continut-1-ou-din-lemn-natur-1-suport-din-lemn-natur\/#breadcrumb\"},\"inLanguage\":\"en-US\",\"potentialAction\":[{\"@type\":\"ReadAction\",\"target\":[\"https:\/\/jucarii-lemn-online.ro\/produs\/continut-1-ou-din-lemn-natur-1-suport-din-lemn-natur\/\"]}]},{\"@type\":\"ImageObject\",\"inLanguage\":\"en-US\",\"@id\":\"https:\/\/jucarii-lemn-online.ro\/produs\/continut-1-ou-din-lemn-natur-1-suport-din-lemn-natur\/#primaryimage\",\"url\":\"https:\/\/jucarii-lemn-online.ro\/wp-content\/uploads\/2023\/09\/file_0000000092ac720a9de3e9998ae0dd85.png\",\"contentUrl\":\"https:\/\/jucarii-lemn-online.ro\/wp-content\/uploads\/2023\/09\/file_0000000092ac720a9de3e9998ae0dd85.png\",\"width\":1024,\"height\":1024},{\"@type\":\"BreadcrumbList\",\"@id\":\"https:\/\/jucarii-lemn-online.ro\/produs\/continut-1-ou-din-lemn-natur-1-suport-din-lemn-natur\/#breadcrumb\",\"itemListElement\":[{\"@type\":\"ListItem\",\"position\":1,\"name\":\"Prima pagin\u0103\",\"item\":\"https:\/\/jucarii-lemn-online.ro\/en\/\"},{\"@type\":\"ListItem\",\"position\":2,\"name\":\"Shop\",\"item\":\"https:\/\/jucarii-lemn-online.ro\/en\/shop-2\/\"},{\"@type\":\"ListItem\",\"position\":3,\"name\":\"Set ou\u0103 natur cu suport pentru ou\u0103\"}]},{\"@type\":\"WebSite\",\"@id\":\"https:\/\/jucarii-lemn-online.ro\/#website\",\"url\":\"https:\/\/jucarii-lemn-online.ro\/\",\"name\":\"Juc\u0103rii din lemn fabricate \u00een Rom\u00e2nia!\",\"description\":\"Juc\u0103rii din lemn fabricate \u00een Rom\u00e2nia!\",\"potentialAction\":[{\"@type\":\"SearchAction\",\"target\":{\"@type\":\"EntryPoint\",\"urlTemplate\":\"https:\/\/jucarii-lemn-online.ro\/?s={search_term_string}\"},\"query-input\":{\"@type\":\"PropertyValueSpecification\",\"valueRequired\":true,\"valueName\":\"search_term_string\"}}],\"inLanguage\":\"en-US\"}]}<\/script>\n<!-- \/ Yoast SEO plugin. -->","yoast_head_json":{"title":"Set ou\u0103 natur cu suport pentru ou\u0103 - Juc\u0103rii din lemn fabricate \u00een Rom\u00e2nia!","description":"Contine 1 bucata oua natur si 1 bucata suport oua din lemn natur. Fabricat in Romania!","robots":{"index":"index","follow":"follow","max-snippet":"max-snippet:-1","max-image-preview":"max-image-preview:large","max-video-preview":"max-video-preview:-1"},"canonical":"https:\/\/jucarii-lemn-online.ro\/produs\/continut-1-ou-din-lemn-natur-1-suport-din-lemn-natur\/","og_locale":"en_US","og_type":"article","og_title":"Set ou\u0103 natur cu suport pentru ou\u0103 - Juc\u0103rii din lemn fabricate \u00een Rom\u00e2nia!","og_description":"Contine 1 bucata oua natur si 1 bucata suport oua din lemn natur. Fabricat in Romania!","og_url":"https:\/\/jucarii-lemn-online.ro\/produs\/continut-1-ou-din-lemn-natur-1-suport-din-lemn-natur\/","og_site_name":"Juc\u0103rii din lemn fabricate \u00een Rom\u00e2nia!","article_modified_time":"2026-02-16T14:22:24+00:00","og_image":[{"width":1024,"height":1024,"url":"https:\/\/jucarii-lemn-online.ro\/wp-content\/uploads\/2023\/09\/file_0000000092ac720a9de3e9998ae0dd85.png","type":"image\/png"}],"twitter_card":"summary_large_image","twitter_misc":{"Est. reading time":"1 minute"},"schema":{"@context":"https:\/\/schema.org","@graph":[{"@type":"WebPage","@id":"https:\/\/jucarii-lemn-online.ro\/produs\/continut-1-ou-din-lemn-natur-1-suport-din-lemn-natur\/","url":"https:\/\/jucarii-lemn-online.ro\/produs\/continut-1-ou-din-lemn-natur-1-suport-din-lemn-natur\/","name":"Set ou\u0103 natur cu suport pentru ou\u0103 - Juc\u0103rii din lemn fabricate \u00een Rom\u00e2nia!","isPartOf":{"@id":"https:\/\/jucarii-lemn-online.ro\/#website"},"primaryImageOfPage":{"@id":"https:\/\/jucarii-lemn-online.ro\/produs\/continut-1-ou-din-lemn-natur-1-suport-din-lemn-natur\/#primaryimage"},"image":{"@id":"https:\/\/jucarii-lemn-online.ro\/produs\/continut-1-ou-din-lemn-natur-1-suport-din-lemn-natur\/#primaryimage"},"thumbnailUrl":"https:\/\/jucarii-lemn-online.ro\/wp-content\/uploads\/2023\/09\/file_0000000092ac720a9de3e9998ae0dd85.png","datePublished":"2023-09-22T11:08:40+00:00","dateModified":"2026-02-16T14:22:24+00:00","description":"Contine 1 bucata oua natur si 1 bucata suport oua din lemn natur. Fabricat in Romania!","breadcrumb":{"@id":"https:\/\/jucarii-lemn-online.ro\/produs\/continut-1-ou-din-lemn-natur-1-suport-din-lemn-natur\/#breadcrumb"},"inLanguage":"en-US","potentialAction":[{"@type":"ReadAction","target":["https:\/\/jucarii-lemn-online.ro\/produs\/continut-1-ou-din-lemn-natur-1-suport-din-lemn-natur\/"]}]},{"@type":"ImageObject","inLanguage":"en-US","@id":"https:\/\/jucarii-lemn-online.ro\/produs\/continut-1-ou-din-lemn-natur-1-suport-din-lemn-natur\/#primaryimage","url":"https:\/\/jucarii-lemn-online.ro\/wp-content\/uploads\/2023\/09\/file_0000000092ac720a9de3e9998ae0dd85.png","contentUrl":"https:\/\/jucarii-lemn-online.ro\/wp-content\/uploads\/2023\/09\/file_0000000092ac720a9de3e9998ae0dd85.png","width":1024,"height":1024},{"@type":"BreadcrumbList","@id":"https:\/\/jucarii-lemn-online.ro\/produs\/continut-1-ou-din-lemn-natur-1-suport-din-lemn-natur\/#breadcrumb","itemListElement":[{"@type":"ListItem","position":1,"name":"Prima pagin\u0103","item":"https:\/\/jucarii-lemn-online.ro\/en\/"},{"@type":"ListItem","position":2,"name":"Shop","item":"https:\/\/jucarii-lemn-online.ro\/en\/shop-2\/"},{"@type":"ListItem","position":3,"name":"Set ou\u0103 natur cu suport pentru ou\u0103"}]},{"@type":"WebSite","@id":"https:\/\/jucarii-lemn-online.ro\/#website","url":"https:\/\/jucarii-lemn-online.ro\/","name":"Juc\u0103rii din lemn fabricate \u00een Rom\u00e2nia!","description":"Juc\u0103rii din lemn fabricate \u00een Rom\u00e2nia!","potentialAction":[{"@type":"SearchAction","target":{"@type":"EntryPoint","urlTemplate":"https:\/\/jucarii-lemn-online.ro\/?s={search_term_string}"},"query-input":{"@type":"PropertyValueSpecification","valueRequired":true,"valueName":"search_term_string"}}],"inLanguage":"en-US"}]}},"_links":{"self":[{"href":"https:\/\/jucarii-lemn-online.ro\/en\/wp-json\/wp\/v2\/product\/3832","targetHints":{"allow":["GET"]}}],"collection":[{"href":"https:\/\/jucarii-lemn-online.ro\/en\/wp-json\/wp\/v2\/product"}],"about":[{"href":"https:\/\/jucarii-lemn-online.ro\/en\/wp-json\/wp\/v2\/types\/product"}],"wp:featuredmedia":[{"embeddable":true,"href":"https:\/\/jucarii-lemn-online.ro\/en\/wp-json\/wp\/v2\/media\/5517"}],"wp:attachment":[{"href":"https:\/\/jucarii-lemn-online.ro\/en\/wp-json\/wp\/v2\/media?parent=3832"}],"wp:term":[{"taxonomy":"product_brand","embeddable":true,"href":"https:\/\/jucarii-lemn-online.ro\/en\/wp-json\/wp\/v2\/product_brand?post=3832"},{"taxonomy":"product_cat","embeddable":true,"href":"https:\/\/jucarii-lemn-online.ro\/en\/wp-json\/wp\/v2\/product_cat?post=3832"},{"taxonomy":"product_tag","embeddable":true,"href":"https:\/\/jucarii-lemn-online.ro\/en\/wp-json\/wp\/v2\/product_tag?post=3832"}],"curies":[{"name":"wp","href":"https:\/\/api.w.org\/{rel}","templated":true}]}}