{"id":3813,"date":"2023-09-20T12:49:56","date_gmt":"2023-09-20T12:49:56","guid":{"rendered":"https:\/\/jucarii-lemn-online.ro\/?post_type=product&#038;p=3813"},"modified":"2025-02-12T09:25:20","modified_gmt":"2025-02-12T07:25:20","slug":"masinuta-natur-de-teren","status":"publish","type":"product","link":"https:\/\/jucarii-lemn-online.ro\/en\/produs\/masinuta-natur-de-teren\/","title":{"rendered":"Masinuta natur de teren"},"content":{"rendered":"<div class=\"std\">\n<p><strong>Masina de teren, din lemn<\/strong> este o masinuta simpla, rezistenta, ce poate fi folosit si de copii mici. Model clasic. Are gaura pentru deget.<\/p>\n<p>Marime: 13.5 x 8 x 8.5 cm.<\/p>\n<p>Pentru decorare se recomanda folosirea unor vopsele acrilice sau tempera.<\/p>\n<p>Material: fag.<\/p>\n<p>Aceasta masinuta este fabricata in Romania.<\/p>\n<\/div>\n","protected":false},"excerpt":{"rendered":"<div class=\"std\">\n<p><strong>Masina de teren, din lemn<\/strong> este o masinuta simpla, rezistenta, ce poate fi folosit si de copii mici. Are gaura pentru deget.<\/p>\n<p>Marime: 13.5 x 8 x 8.5 cm.<\/p>\n<p>Pentru decorare se recomanda folosirea unor vopsele acrilice sau tempera.<\/p>\n<p>Material: fag.<\/p>\n<p>Aceasta masinuta este fabricata in Romania.<\/p>\n<\/div>\n","protected":false},"featured_media":3820,"template":"","meta":[],"product_brand":[],"product_cat":[117,142],"product_tag":[143,144,145],"class_list":{"0":"post-3813","1":"product","2":"type-product","3":"status-publish","4":"has-post-thumbnail","6":"product_cat-jucarii-woodentoys","7":"product_cat-masinute","8":"product_tag-masinuta-lemn","9":"product_tag-natur","10":"product_tag-teren","12":"first","13":"instock","14":"shipping-taxable","15":"purchasable","16":"product-type-simple"},"yoast_head":"<!-- This site is optimized with the Yoast SEO plugin v24.5 - https:\/\/yoast.com\/wordpress\/plugins\/seo\/ -->\n<title>Masinuta natur de teren - Juc\u0103rii din lemn fabricate \u00een Rom\u00e2nia!<\/title>\n<meta name=\"description\" content=\"Masina de teren, din lemn este o masinuta simpla, rezistenta, ce poate fi folosit si de copii mici. Are gaura pentru deget.Marime: 13.5 x 8 x 8.5 cm. Material: fag.\" \/>\n<meta name=\"robots\" content=\"index, follow, max-snippet:-1, max-image-preview:large, max-video-preview:-1\" \/>\n<link rel=\"canonical\" href=\"https:\/\/jucarii-lemn-online.ro\/produs\/masinuta-natur-de-teren\/\" \/>\n<meta property=\"og:locale\" content=\"en_US\" \/>\n<meta property=\"og:type\" content=\"article\" \/>\n<meta property=\"og:title\" content=\"Masinuta natur de teren - Juc\u0103rii din lemn fabricate \u00een Rom\u00e2nia!\" \/>\n<meta property=\"og:description\" content=\"Masina de teren, din lemn este o masinuta simpla, rezistenta, ce poate fi folosit si de copii mici. Are gaura pentru deget.Marime: 13.5 x 8 x 8.5 cm. Material: fag.\" \/>\n<meta property=\"og:url\" content=\"https:\/\/jucarii-lemn-online.ro\/produs\/masinuta-natur-de-teren\/\" \/>\n<meta property=\"og:site_name\" content=\"Juc\u0103rii din lemn fabricate \u00een Rom\u00e2nia!\" \/>\n<meta property=\"article:modified_time\" content=\"2025-02-12T07:25:20+00:00\" \/>\n<meta property=\"og:image\" content=\"https:\/\/jucarii-lemn-online.ro\/wp-content\/uploads\/2023\/09\/IMG_20200116_124641.jpg\" \/>\n\t<meta property=\"og:image:width\" content=\"2492\" \/>\n\t<meta property=\"og:image:height\" content=\"1870\" \/>\n\t<meta property=\"og:image:type\" content=\"image\/jpeg\" \/>\n<meta name=\"twitter:card\" content=\"summary_large_image\" \/>\n<meta name=\"twitter:label1\" content=\"Est. reading time\" \/>\n\t<meta name=\"twitter:data1\" content=\"1 minute\" \/>\n<script type=\"application\/ld+json\" class=\"yoast-schema-graph\">{\"@context\":\"https:\/\/schema.org\",\"@graph\":[{\"@type\":\"WebPage\",\"@id\":\"https:\/\/jucarii-lemn-online.ro\/produs\/masinuta-natur-de-teren\/\",\"url\":\"https:\/\/jucarii-lemn-online.ro\/produs\/masinuta-natur-de-teren\/\",\"name\":\"Masinuta natur de teren - Juc\u0103rii din lemn fabricate \u00een Rom\u00e2nia!\",\"isPartOf\":{\"@id\":\"https:\/\/jucarii-lemn-online.ro\/#website\"},\"primaryImageOfPage\":{\"@id\":\"https:\/\/jucarii-lemn-online.ro\/produs\/masinuta-natur-de-teren\/#primaryimage\"},\"image\":{\"@id\":\"https:\/\/jucarii-lemn-online.ro\/produs\/masinuta-natur-de-teren\/#primaryimage\"},\"thumbnailUrl\":\"https:\/\/jucarii-lemn-online.ro\/wp-content\/uploads\/2023\/09\/IMG_20200116_124641.jpg\",\"datePublished\":\"2023-09-20T12:49:56+00:00\",\"dateModified\":\"2025-02-12T07:25:20+00:00\",\"description\":\"Masina de teren, din lemn este o masinuta simpla, rezistenta, ce poate fi folosit si de copii mici. Are gaura pentru deget.Marime: 13.5 x 8 x 8.5 cm. Material: fag.\",\"breadcrumb\":{\"@id\":\"https:\/\/jucarii-lemn-online.ro\/produs\/masinuta-natur-de-teren\/#breadcrumb\"},\"inLanguage\":\"en-US\",\"potentialAction\":[{\"@type\":\"ReadAction\",\"target\":[\"https:\/\/jucarii-lemn-online.ro\/produs\/masinuta-natur-de-teren\/\"]}]},{\"@type\":\"ImageObject\",\"inLanguage\":\"en-US\",\"@id\":\"https:\/\/jucarii-lemn-online.ro\/produs\/masinuta-natur-de-teren\/#primaryimage\",\"url\":\"https:\/\/jucarii-lemn-online.ro\/wp-content\/uploads\/2023\/09\/IMG_20200116_124641.jpg\",\"contentUrl\":\"https:\/\/jucarii-lemn-online.ro\/wp-content\/uploads\/2023\/09\/IMG_20200116_124641.jpg\",\"width\":2492,\"height\":1870},{\"@type\":\"BreadcrumbList\",\"@id\":\"https:\/\/jucarii-lemn-online.ro\/produs\/masinuta-natur-de-teren\/#breadcrumb\",\"itemListElement\":[{\"@type\":\"ListItem\",\"position\":1,\"name\":\"Prima pagin\u0103\",\"item\":\"https:\/\/jucarii-lemn-online.ro\/en\/\"},{\"@type\":\"ListItem\",\"position\":2,\"name\":\"Shop\",\"item\":\"https:\/\/jucarii-lemn-online.ro\/en\/shop-2\/\"},{\"@type\":\"ListItem\",\"position\":3,\"name\":\"Masinuta natur de teren\"}]},{\"@type\":\"WebSite\",\"@id\":\"https:\/\/jucarii-lemn-online.ro\/#website\",\"url\":\"https:\/\/jucarii-lemn-online.ro\/\",\"name\":\"Juc\u0103rii din lemn fabricate \u00een Rom\u00e2nia!\",\"description\":\"Juc\u0103rii din lemn fabricate \u00een Rom\u00e2nia!\",\"potentialAction\":[{\"@type\":\"SearchAction\",\"target\":{\"@type\":\"EntryPoint\",\"urlTemplate\":\"https:\/\/jucarii-lemn-online.ro\/?s={search_term_string}\"},\"query-input\":{\"@type\":\"PropertyValueSpecification\",\"valueRequired\":true,\"valueName\":\"search_term_string\"}}],\"inLanguage\":\"en-US\"}]}<\/script>\n<!-- \/ Yoast SEO plugin. -->","yoast_head_json":{"title":"Masinuta natur de teren - Juc\u0103rii din lemn fabricate \u00een Rom\u00e2nia!","description":"Masina de teren, din lemn este o masinuta simpla, rezistenta, ce poate fi folosit si de copii mici. Are gaura pentru deget.Marime: 13.5 x 8 x 8.5 cm. Material: fag.","robots":{"index":"index","follow":"follow","max-snippet":"max-snippet:-1","max-image-preview":"max-image-preview:large","max-video-preview":"max-video-preview:-1"},"canonical":"https:\/\/jucarii-lemn-online.ro\/produs\/masinuta-natur-de-teren\/","og_locale":"en_US","og_type":"article","og_title":"Masinuta natur de teren - Juc\u0103rii din lemn fabricate \u00een Rom\u00e2nia!","og_description":"Masina de teren, din lemn este o masinuta simpla, rezistenta, ce poate fi folosit si de copii mici. Are gaura pentru deget.Marime: 13.5 x 8 x 8.5 cm. Material: fag.","og_url":"https:\/\/jucarii-lemn-online.ro\/produs\/masinuta-natur-de-teren\/","og_site_name":"Juc\u0103rii din lemn fabricate \u00een Rom\u00e2nia!","article_modified_time":"2025-02-12T07:25:20+00:00","og_image":[{"width":2492,"height":1870,"url":"https:\/\/jucarii-lemn-online.ro\/wp-content\/uploads\/2023\/09\/IMG_20200116_124641.jpg","type":"image\/jpeg"}],"twitter_card":"summary_large_image","twitter_misc":{"Est. reading time":"1 minute"},"schema":{"@context":"https:\/\/schema.org","@graph":[{"@type":"WebPage","@id":"https:\/\/jucarii-lemn-online.ro\/produs\/masinuta-natur-de-teren\/","url":"https:\/\/jucarii-lemn-online.ro\/produs\/masinuta-natur-de-teren\/","name":"Masinuta natur de teren - Juc\u0103rii din lemn fabricate \u00een Rom\u00e2nia!","isPartOf":{"@id":"https:\/\/jucarii-lemn-online.ro\/#website"},"primaryImageOfPage":{"@id":"https:\/\/jucarii-lemn-online.ro\/produs\/masinuta-natur-de-teren\/#primaryimage"},"image":{"@id":"https:\/\/jucarii-lemn-online.ro\/produs\/masinuta-natur-de-teren\/#primaryimage"},"thumbnailUrl":"https:\/\/jucarii-lemn-online.ro\/wp-content\/uploads\/2023\/09\/IMG_20200116_124641.jpg","datePublished":"2023-09-20T12:49:56+00:00","dateModified":"2025-02-12T07:25:20+00:00","description":"Masina de teren, din lemn este o masinuta simpla, rezistenta, ce poate fi folosit si de copii mici. Are gaura pentru deget.Marime: 13.5 x 8 x 8.5 cm. Material: fag.","breadcrumb":{"@id":"https:\/\/jucarii-lemn-online.ro\/produs\/masinuta-natur-de-teren\/#breadcrumb"},"inLanguage":"en-US","potentialAction":[{"@type":"ReadAction","target":["https:\/\/jucarii-lemn-online.ro\/produs\/masinuta-natur-de-teren\/"]}]},{"@type":"ImageObject","inLanguage":"en-US","@id":"https:\/\/jucarii-lemn-online.ro\/produs\/masinuta-natur-de-teren\/#primaryimage","url":"https:\/\/jucarii-lemn-online.ro\/wp-content\/uploads\/2023\/09\/IMG_20200116_124641.jpg","contentUrl":"https:\/\/jucarii-lemn-online.ro\/wp-content\/uploads\/2023\/09\/IMG_20200116_124641.jpg","width":2492,"height":1870},{"@type":"BreadcrumbList","@id":"https:\/\/jucarii-lemn-online.ro\/produs\/masinuta-natur-de-teren\/#breadcrumb","itemListElement":[{"@type":"ListItem","position":1,"name":"Prima pagin\u0103","item":"https:\/\/jucarii-lemn-online.ro\/en\/"},{"@type":"ListItem","position":2,"name":"Shop","item":"https:\/\/jucarii-lemn-online.ro\/en\/shop-2\/"},{"@type":"ListItem","position":3,"name":"Masinuta natur de teren"}]},{"@type":"WebSite","@id":"https:\/\/jucarii-lemn-online.ro\/#website","url":"https:\/\/jucarii-lemn-online.ro\/","name":"Juc\u0103rii din lemn fabricate \u00een Rom\u00e2nia!","description":"Juc\u0103rii din lemn fabricate \u00een Rom\u00e2nia!","potentialAction":[{"@type":"SearchAction","target":{"@type":"EntryPoint","urlTemplate":"https:\/\/jucarii-lemn-online.ro\/?s={search_term_string}"},"query-input":{"@type":"PropertyValueSpecification","valueRequired":true,"valueName":"search_term_string"}}],"inLanguage":"en-US"}]}},"_links":{"self":[{"href":"https:\/\/jucarii-lemn-online.ro\/en\/wp-json\/wp\/v2\/product\/3813","targetHints":{"allow":["GET"]}}],"collection":[{"href":"https:\/\/jucarii-lemn-online.ro\/en\/wp-json\/wp\/v2\/product"}],"about":[{"href":"https:\/\/jucarii-lemn-online.ro\/en\/wp-json\/wp\/v2\/types\/product"}],"wp:featuredmedia":[{"embeddable":true,"href":"https:\/\/jucarii-lemn-online.ro\/en\/wp-json\/wp\/v2\/media\/3820"}],"wp:attachment":[{"href":"https:\/\/jucarii-lemn-online.ro\/en\/wp-json\/wp\/v2\/media?parent=3813"}],"wp:term":[{"taxonomy":"product_brand","embeddable":true,"href":"https:\/\/jucarii-lemn-online.ro\/en\/wp-json\/wp\/v2\/product_brand?post=3813"},{"taxonomy":"product_cat","embeddable":true,"href":"https:\/\/jucarii-lemn-online.ro\/en\/wp-json\/wp\/v2\/product_cat?post=3813"},{"taxonomy":"product_tag","embeddable":true,"href":"https:\/\/jucarii-lemn-online.ro\/en\/wp-json\/wp\/v2\/product_tag?post=3813"}],"curies":[{"name":"wp","href":"https:\/\/api.w.org\/{rel}","templated":true}]}}