{"id":3811,"date":"2023-09-20T12:37:32","date_gmt":"2023-09-20T12:37:32","guid":{"rendered":"https:\/\/jucarii-lemn-online.ro\/?post_type=product&#038;p=3811"},"modified":"2026-03-15T14:36:29","modified_gmt":"2026-03-15T12:36:29","slug":"joc-strategic-moara-sau-tintar","status":"publish","type":"product","link":"https:\/\/jucarii-lemn-online.ro\/en\/produs\/joc-strategic-moara-sau-tintar\/","title":{"rendered":"Joc strategic Moara sau Tintar"},"content":{"rendered":"<p data-start=\"156\" data-end=\"279\">Descoper\u0103 un joc de strategie pentru doi juc\u0103tori, ideal pentru momente de relaxare \u0219i competi\u021bie amical\u0103. Setul con\u021bine:<\/p>\n<ul data-start=\"280\" data-end=\"399\">\n<li data-start=\"280\" data-end=\"311\">\n<p data-start=\"282\" data-end=\"311\">o tabl\u0103 gravat\u0103 (15\u00d715 cm),<\/p>\n<\/li>\n<li data-start=\"312\" data-end=\"351\">\n<p data-start=\"314\" data-end=\"351\">19 pioni din lemn (\u00d8 1 cm, H 4 cm),<\/p>\n<\/li>\n<li data-start=\"352\" data-end=\"399\">\n<p data-start=\"354\" data-end=\"399\">un s\u0103cule\u021b textil pentru depozitare u\u0219oar\u0103.<\/p>\n<\/li>\n<\/ul>\n<p data-start=\"401\" data-end=\"480\">Recomandat copiilor de peste 5 ani, dar la fel de captivant \u0219i pentru adul\u021bi!<\/p>\n","protected":false},"excerpt":{"rendered":"<p data-start=\"156\" data-end=\"279\">Descoper\u0103 un joc de strategie pentru doi juc\u0103tori, ideal pentru momente de relaxare \u0219i competi\u021bie amical\u0103. Setul con\u021bine:<\/p>\n<ul data-start=\"280\" data-end=\"399\">\n<li data-start=\"280\" data-end=\"311\">\n<p data-start=\"282\" data-end=\"311\">o tabl\u0103 gravat\u0103 (15\u00d715 cm),<\/p>\n<\/li>\n<li data-start=\"312\" data-end=\"351\">\n<p data-start=\"314\" data-end=\"351\">19 pioni din lemn (\u00d8 1 cm, H 4 cm),<\/p>\n<\/li>\n<li data-start=\"352\" data-end=\"399\">\n<p data-start=\"354\" data-end=\"399\">un s\u0103cule\u021b textil pentru depozitare u\u0219oar\u0103.<\/p>\n<\/li>\n<\/ul>\n<p data-start=\"401\" data-end=\"480\">Recomandat copiilor de peste 5 ani, dar la fel de captivant \u0219i pentru adul\u021bi!<\/p>\n","protected":false},"featured_media":5323,"template":"","meta":[],"product_brand":[],"product_cat":[92,174],"product_tag":[141,139,140],"class_list":{"0":"post-3811","1":"product","2":"type-product","3":"status-publish","4":"has-post-thumbnail","6":"product_cat-ingenioplay","7":"product_cat-pagina-principala","8":"product_tag-joc-strategie","9":"product_tag-moara","10":"product_tag-tintar","12":"first","13":"instock","14":"shipping-taxable","15":"purchasable","16":"product-type-simple"},"yoast_head":"<!-- This site is optimized with the Yoast SEO plugin v24.5 - https:\/\/yoast.com\/wordpress\/plugins\/seo\/ -->\n<title>Joc strategic Moara sau Tintar - Juc\u0103rii din lemn fabricate \u00een Rom\u00e2nia!<\/title>\n<meta name=\"description\" content=\"Este un joc de strategie, pentru doi jucatori.Contine o tabla gravata cu dim. de 15x15 cm si 19 pioni cu diam. de 1 cm si inaltimea de 4 cm plus un saculet pentru depozitare.Recomandat atat copiilor cu varsta de 5 ani plus cat si adultilor:)\" \/>\n<meta name=\"robots\" content=\"index, follow, max-snippet:-1, max-image-preview:large, max-video-preview:-1\" \/>\n<link rel=\"canonical\" href=\"https:\/\/jucarii-lemn-online.ro\/produs\/joc-strategic-moara-sau-tintar\/\" \/>\n<meta property=\"og:locale\" content=\"en_US\" \/>\n<meta property=\"og:type\" content=\"article\" \/>\n<meta property=\"og:title\" content=\"Joc strategic Moara sau Tintar - Juc\u0103rii din lemn fabricate \u00een Rom\u00e2nia!\" \/>\n<meta property=\"og:description\" content=\"Este un joc de strategie, pentru doi jucatori.Contine o tabla gravata cu dim. de 15x15 cm si 19 pioni cu diam. de 1 cm si inaltimea de 4 cm plus un saculet pentru depozitare.Recomandat atat copiilor cu varsta de 5 ani plus cat si adultilor:)\" \/>\n<meta property=\"og:url\" content=\"https:\/\/jucarii-lemn-online.ro\/produs\/joc-strategic-moara-sau-tintar\/\" \/>\n<meta property=\"og:site_name\" content=\"Juc\u0103rii din lemn fabricate \u00een Rom\u00e2nia!\" \/>\n<meta property=\"article:modified_time\" content=\"2026-03-15T12:36:29+00:00\" \/>\n<meta property=\"og:image\" content=\"https:\/\/jucarii-lemn-online.ro\/wp-content\/uploads\/2023\/09\/ChatGPT-Image-2026.-jan.-5.-10_51_32.png\" \/>\n\t<meta property=\"og:image:width\" content=\"1536\" \/>\n\t<meta property=\"og:image:height\" content=\"1024\" \/>\n\t<meta property=\"og:image:type\" content=\"image\/png\" \/>\n<meta name=\"twitter:card\" content=\"summary_large_image\" \/>\n<meta name=\"twitter:label1\" content=\"Est. reading time\" \/>\n\t<meta name=\"twitter:data1\" content=\"1 minute\" \/>\n<script type=\"application\/ld+json\" class=\"yoast-schema-graph\">{\"@context\":\"https:\/\/schema.org\",\"@graph\":[{\"@type\":\"WebPage\",\"@id\":\"https:\/\/jucarii-lemn-online.ro\/produs\/joc-strategic-moara-sau-tintar\/\",\"url\":\"https:\/\/jucarii-lemn-online.ro\/produs\/joc-strategic-moara-sau-tintar\/\",\"name\":\"Joc strategic Moara sau Tintar - Juc\u0103rii din lemn fabricate \u00een Rom\u00e2nia!\",\"isPartOf\":{\"@id\":\"https:\/\/jucarii-lemn-online.ro\/#website\"},\"primaryImageOfPage\":{\"@id\":\"https:\/\/jucarii-lemn-online.ro\/produs\/joc-strategic-moara-sau-tintar\/#primaryimage\"},\"image\":{\"@id\":\"https:\/\/jucarii-lemn-online.ro\/produs\/joc-strategic-moara-sau-tintar\/#primaryimage\"},\"thumbnailUrl\":\"https:\/\/jucarii-lemn-online.ro\/wp-content\/uploads\/2023\/09\/ChatGPT-Image-2026.-jan.-5.-10_51_32.png\",\"datePublished\":\"2023-09-20T12:37:32+00:00\",\"dateModified\":\"2026-03-15T12:36:29+00:00\",\"description\":\"Este un joc de strategie, pentru doi jucatori.Contine o tabla gravata cu dim. de 15x15 cm si 19 pioni cu diam. de 1 cm si inaltimea de 4 cm plus un saculet pentru depozitare.Recomandat atat copiilor cu varsta de 5 ani plus cat si adultilor:)\",\"breadcrumb\":{\"@id\":\"https:\/\/jucarii-lemn-online.ro\/produs\/joc-strategic-moara-sau-tintar\/#breadcrumb\"},\"inLanguage\":\"en-US\",\"potentialAction\":[{\"@type\":\"ReadAction\",\"target\":[\"https:\/\/jucarii-lemn-online.ro\/produs\/joc-strategic-moara-sau-tintar\/\"]}]},{\"@type\":\"ImageObject\",\"inLanguage\":\"en-US\",\"@id\":\"https:\/\/jucarii-lemn-online.ro\/produs\/joc-strategic-moara-sau-tintar\/#primaryimage\",\"url\":\"https:\/\/jucarii-lemn-online.ro\/wp-content\/uploads\/2023\/09\/ChatGPT-Image-2026.-jan.-5.-10_51_32.png\",\"contentUrl\":\"https:\/\/jucarii-lemn-online.ro\/wp-content\/uploads\/2023\/09\/ChatGPT-Image-2026.-jan.-5.-10_51_32.png\",\"width\":1536,\"height\":1024},{\"@type\":\"BreadcrumbList\",\"@id\":\"https:\/\/jucarii-lemn-online.ro\/produs\/joc-strategic-moara-sau-tintar\/#breadcrumb\",\"itemListElement\":[{\"@type\":\"ListItem\",\"position\":1,\"name\":\"Prima pagin\u0103\",\"item\":\"https:\/\/jucarii-lemn-online.ro\/en\/\"},{\"@type\":\"ListItem\",\"position\":2,\"name\":\"Shop\",\"item\":\"https:\/\/jucarii-lemn-online.ro\/en\/shop-2\/\"},{\"@type\":\"ListItem\",\"position\":3,\"name\":\"Joc strategic Moara sau Tintar\"}]},{\"@type\":\"WebSite\",\"@id\":\"https:\/\/jucarii-lemn-online.ro\/#website\",\"url\":\"https:\/\/jucarii-lemn-online.ro\/\",\"name\":\"Juc\u0103rii din lemn fabricate \u00een Rom\u00e2nia!\",\"description\":\"Juc\u0103rii din lemn fabricate \u00een Rom\u00e2nia!\",\"potentialAction\":[{\"@type\":\"SearchAction\",\"target\":{\"@type\":\"EntryPoint\",\"urlTemplate\":\"https:\/\/jucarii-lemn-online.ro\/?s={search_term_string}\"},\"query-input\":{\"@type\":\"PropertyValueSpecification\",\"valueRequired\":true,\"valueName\":\"search_term_string\"}}],\"inLanguage\":\"en-US\"}]}<\/script>\n<!-- \/ Yoast SEO plugin. -->","yoast_head_json":{"title":"Joc strategic Moara sau Tintar - Juc\u0103rii din lemn fabricate \u00een Rom\u00e2nia!","description":"Este un joc de strategie, pentru doi jucatori.Contine o tabla gravata cu dim. de 15x15 cm si 19 pioni cu diam. de 1 cm si inaltimea de 4 cm plus un saculet pentru depozitare.Recomandat atat copiilor cu varsta de 5 ani plus cat si adultilor:)","robots":{"index":"index","follow":"follow","max-snippet":"max-snippet:-1","max-image-preview":"max-image-preview:large","max-video-preview":"max-video-preview:-1"},"canonical":"https:\/\/jucarii-lemn-online.ro\/produs\/joc-strategic-moara-sau-tintar\/","og_locale":"en_US","og_type":"article","og_title":"Joc strategic Moara sau Tintar - Juc\u0103rii din lemn fabricate \u00een Rom\u00e2nia!","og_description":"Este un joc de strategie, pentru doi jucatori.Contine o tabla gravata cu dim. de 15x15 cm si 19 pioni cu diam. de 1 cm si inaltimea de 4 cm plus un saculet pentru depozitare.Recomandat atat copiilor cu varsta de 5 ani plus cat si adultilor:)","og_url":"https:\/\/jucarii-lemn-online.ro\/produs\/joc-strategic-moara-sau-tintar\/","og_site_name":"Juc\u0103rii din lemn fabricate \u00een Rom\u00e2nia!","article_modified_time":"2026-03-15T12:36:29+00:00","og_image":[{"width":1536,"height":1024,"url":"https:\/\/jucarii-lemn-online.ro\/wp-content\/uploads\/2023\/09\/ChatGPT-Image-2026.-jan.-5.-10_51_32.png","type":"image\/png"}],"twitter_card":"summary_large_image","twitter_misc":{"Est. reading time":"1 minute"},"schema":{"@context":"https:\/\/schema.org","@graph":[{"@type":"WebPage","@id":"https:\/\/jucarii-lemn-online.ro\/produs\/joc-strategic-moara-sau-tintar\/","url":"https:\/\/jucarii-lemn-online.ro\/produs\/joc-strategic-moara-sau-tintar\/","name":"Joc strategic Moara sau Tintar - Juc\u0103rii din lemn fabricate \u00een Rom\u00e2nia!","isPartOf":{"@id":"https:\/\/jucarii-lemn-online.ro\/#website"},"primaryImageOfPage":{"@id":"https:\/\/jucarii-lemn-online.ro\/produs\/joc-strategic-moara-sau-tintar\/#primaryimage"},"image":{"@id":"https:\/\/jucarii-lemn-online.ro\/produs\/joc-strategic-moara-sau-tintar\/#primaryimage"},"thumbnailUrl":"https:\/\/jucarii-lemn-online.ro\/wp-content\/uploads\/2023\/09\/ChatGPT-Image-2026.-jan.-5.-10_51_32.png","datePublished":"2023-09-20T12:37:32+00:00","dateModified":"2026-03-15T12:36:29+00:00","description":"Este un joc de strategie, pentru doi jucatori.Contine o tabla gravata cu dim. de 15x15 cm si 19 pioni cu diam. de 1 cm si inaltimea de 4 cm plus un saculet pentru depozitare.Recomandat atat copiilor cu varsta de 5 ani plus cat si adultilor:)","breadcrumb":{"@id":"https:\/\/jucarii-lemn-online.ro\/produs\/joc-strategic-moara-sau-tintar\/#breadcrumb"},"inLanguage":"en-US","potentialAction":[{"@type":"ReadAction","target":["https:\/\/jucarii-lemn-online.ro\/produs\/joc-strategic-moara-sau-tintar\/"]}]},{"@type":"ImageObject","inLanguage":"en-US","@id":"https:\/\/jucarii-lemn-online.ro\/produs\/joc-strategic-moara-sau-tintar\/#primaryimage","url":"https:\/\/jucarii-lemn-online.ro\/wp-content\/uploads\/2023\/09\/ChatGPT-Image-2026.-jan.-5.-10_51_32.png","contentUrl":"https:\/\/jucarii-lemn-online.ro\/wp-content\/uploads\/2023\/09\/ChatGPT-Image-2026.-jan.-5.-10_51_32.png","width":1536,"height":1024},{"@type":"BreadcrumbList","@id":"https:\/\/jucarii-lemn-online.ro\/produs\/joc-strategic-moara-sau-tintar\/#breadcrumb","itemListElement":[{"@type":"ListItem","position":1,"name":"Prima pagin\u0103","item":"https:\/\/jucarii-lemn-online.ro\/en\/"},{"@type":"ListItem","position":2,"name":"Shop","item":"https:\/\/jucarii-lemn-online.ro\/en\/shop-2\/"},{"@type":"ListItem","position":3,"name":"Joc strategic Moara sau Tintar"}]},{"@type":"WebSite","@id":"https:\/\/jucarii-lemn-online.ro\/#website","url":"https:\/\/jucarii-lemn-online.ro\/","name":"Juc\u0103rii din lemn fabricate \u00een Rom\u00e2nia!","description":"Juc\u0103rii din lemn fabricate \u00een Rom\u00e2nia!","potentialAction":[{"@type":"SearchAction","target":{"@type":"EntryPoint","urlTemplate":"https:\/\/jucarii-lemn-online.ro\/?s={search_term_string}"},"query-input":{"@type":"PropertyValueSpecification","valueRequired":true,"valueName":"search_term_string"}}],"inLanguage":"en-US"}]}},"_links":{"self":[{"href":"https:\/\/jucarii-lemn-online.ro\/en\/wp-json\/wp\/v2\/product\/3811","targetHints":{"allow":["GET"]}}],"collection":[{"href":"https:\/\/jucarii-lemn-online.ro\/en\/wp-json\/wp\/v2\/product"}],"about":[{"href":"https:\/\/jucarii-lemn-online.ro\/en\/wp-json\/wp\/v2\/types\/product"}],"wp:featuredmedia":[{"embeddable":true,"href":"https:\/\/jucarii-lemn-online.ro\/en\/wp-json\/wp\/v2\/media\/5323"}],"wp:attachment":[{"href":"https:\/\/jucarii-lemn-online.ro\/en\/wp-json\/wp\/v2\/media?parent=3811"}],"wp:term":[{"taxonomy":"product_brand","embeddable":true,"href":"https:\/\/jucarii-lemn-online.ro\/en\/wp-json\/wp\/v2\/product_brand?post=3811"},{"taxonomy":"product_cat","embeddable":true,"href":"https:\/\/jucarii-lemn-online.ro\/en\/wp-json\/wp\/v2\/product_cat?post=3811"},{"taxonomy":"product_tag","embeddable":true,"href":"https:\/\/jucarii-lemn-online.ro\/en\/wp-json\/wp\/v2\/product_tag?post=3811"}],"curies":[{"name":"wp","href":"https:\/\/api.w.org\/{rel}","templated":true}]}}