{"id":3801,"date":"2023-09-15T10:11:54","date_gmt":"2023-09-15T10:11:54","guid":{"rendered":"https:\/\/jucarii-lemn-online.ro\/?post_type=product&#038;p=3801"},"modified":"2026-04-29T20:35:28","modified_gmt":"2026-04-29T18:35:28","slug":"joc-echilibru-univers","status":"publish","type":"product","link":"https:\/\/jucarii-lemn-online.ro\/en\/produs\/joc-echilibru-univers\/","title":{"rendered":"Joc echilibru \u0219i \u00eendem\u00e2nare &#8211; Univers de la Lemnivor"},"content":{"rendered":"<div class=\"std\">\n<p data-start=\"106\" data-end=\"507\">Realizat manual din lemn de esen\u021b\u0103 tare \u2013 salcie argintie, meranti, ulm, dud, nuc \u0219i fag \u2013 fiecare pies\u0103 poart\u0103 unicitatea fibrei naturale.<br data-start=\"245\" data-end=\"248\" \/>Finisajul este ob\u021binut cu ulei de m\u0103sline \u0219i cear\u0103 de albine, oferind o textur\u0103 pl\u0103cut\u0103 \u0219i protec\u021bie delicat\u0103.<br data-start=\"358\" data-end=\"361\" \/>Dimensiuni aproximative: 18\u00d710 cm (semilun\u0103)<br data-start=\"405\" data-end=\"408\" \/>Cercuri: diametru 3 cm \u0219i 4 cm.<br data-start=\"439\" data-end=\"442\" \/>Un produs original <strong data-start=\"461\" data-end=\"473\">Lemnivor<\/strong>, creat cu grij\u0103 pentru detaliu.<\/p>\n<\/div>\n","protected":false},"excerpt":{"rendered":"<div class=\"std\">\n<p data-start=\"1220\" data-end=\"1380\">Un produs realizat cu migal\u0103, manual, din lemn de esen\u021b\u0103 tare (salcie argintie, meranti, ulm, dud, nuc \u0219i fag).<br data-start=\"1111\" data-end=\"1114\" \/>Finisat doar cu ingrediente naturale \u2013 ulei de m\u0103sline \u0219i cear\u0103 de albine \u2013 pentru un aspect elegant \u0219i durabil.<br data-start=\"1226\" data-end=\"1229\" \/>Dimensiuni: 18\u00d710 cm (semilun\u0103).<br data-start=\"1261\" data-end=\"1264\" \/>Cercuri: 3 cm \u0219i 4 cm diametru.<\/p>\n<\/div>\n","protected":false},"featured_media":3805,"template":"","meta":[],"product_brand":[],"product_cat":[89],"product_tag":[135,137,138],"class_list":{"0":"post-3801","1":"product","2":"type-product","3":"status-publish","4":"has-post-thumbnail","6":"product_cat-lemnivor","7":"product_tag-joc-echilibru","8":"product_tag-lemn-natur","9":"product_tag-univers","11":"first","12":"instock","13":"shipping-taxable","14":"purchasable","15":"product-type-simple"},"yoast_head":"<!-- This site is optimized with the Yoast SEO plugin v24.5 - https:\/\/yoast.com\/wordpress\/plugins\/seo\/ -->\n<title>Joc echilibru \u0219i \u00eendem\u00e2nare - Univers de la Lemnivor - Juc\u0103rii din lemn fabricate \u00een Rom\u00e2nia!<\/title>\n<meta name=\"description\" content=\"Un produs realizat cu migal\u0103, manual, din lemn de esen\u021b\u0103 tare (salcie argintie, meranti, ulm, dud, nuc \u0219i fag).Finisat doar cu ingrediente naturale \u2013 ulei de m\u0103sline \u0219i cear\u0103 de albine \u2013 pentru un aspect elegant \u0219i durabil.Dimensiuni: 18\u00d710 cm (semilun\u0103).Cercuri: 3 cm \u0219i 4 cm diametru.\" \/>\n<meta name=\"robots\" content=\"index, follow, max-snippet:-1, max-image-preview:large, max-video-preview:-1\" \/>\n<link rel=\"canonical\" href=\"https:\/\/jucarii-lemn-online.ro\/produs\/joc-echilibru-univers\/\" \/>\n<meta property=\"og:locale\" content=\"en_US\" \/>\n<meta property=\"og:type\" content=\"article\" \/>\n<meta property=\"og:title\" content=\"Joc echilibru \u0219i \u00eendem\u00e2nare - Univers de la Lemnivor - Juc\u0103rii din lemn fabricate \u00een Rom\u00e2nia!\" \/>\n<meta property=\"og:description\" content=\"Un produs realizat cu migal\u0103, manual, din lemn de esen\u021b\u0103 tare (salcie argintie, meranti, ulm, dud, nuc \u0219i fag).Finisat doar cu ingrediente naturale \u2013 ulei de m\u0103sline \u0219i cear\u0103 de albine \u2013 pentru un aspect elegant \u0219i durabil.Dimensiuni: 18\u00d710 cm (semilun\u0103).Cercuri: 3 cm \u0219i 4 cm diametru.\" \/>\n<meta property=\"og:url\" content=\"https:\/\/jucarii-lemn-online.ro\/produs\/joc-echilibru-univers\/\" \/>\n<meta property=\"og:site_name\" content=\"Juc\u0103rii din lemn fabricate \u00een Rom\u00e2nia!\" \/>\n<meta property=\"article:modified_time\" content=\"2026-04-29T18:35:28+00:00\" \/>\n<meta property=\"og:image\" content=\"https:\/\/jucarii-lemn-online.ro\/wp-content\/uploads\/2023\/09\/univ-in-echilibru-lemnivor3.webp\" \/>\n\t<meta property=\"og:image:width\" content=\"1024\" \/>\n\t<meta property=\"og:image:height\" content=\"1024\" \/>\n\t<meta property=\"og:image:type\" content=\"image\/webp\" \/>\n<meta name=\"twitter:card\" content=\"summary_large_image\" \/>\n<meta name=\"twitter:label1\" content=\"Est. reading time\" \/>\n\t<meta name=\"twitter:data1\" content=\"1 minute\" \/>\n<script type=\"application\/ld+json\" class=\"yoast-schema-graph\">{\"@context\":\"https:\/\/schema.org\",\"@graph\":[{\"@type\":\"WebPage\",\"@id\":\"https:\/\/jucarii-lemn-online.ro\/produs\/joc-echilibru-univers\/\",\"url\":\"https:\/\/jucarii-lemn-online.ro\/produs\/joc-echilibru-univers\/\",\"name\":\"Joc echilibru \u0219i \u00eendem\u00e2nare - Univers de la Lemnivor - Juc\u0103rii din lemn fabricate \u00een Rom\u00e2nia!\",\"isPartOf\":{\"@id\":\"https:\/\/jucarii-lemn-online.ro\/#website\"},\"primaryImageOfPage\":{\"@id\":\"https:\/\/jucarii-lemn-online.ro\/produs\/joc-echilibru-univers\/#primaryimage\"},\"image\":{\"@id\":\"https:\/\/jucarii-lemn-online.ro\/produs\/joc-echilibru-univers\/#primaryimage\"},\"thumbnailUrl\":\"https:\/\/jucarii-lemn-online.ro\/wp-content\/uploads\/2023\/09\/univ-in-echilibru-lemnivor3.webp\",\"datePublished\":\"2023-09-15T10:11:54+00:00\",\"dateModified\":\"2026-04-29T18:35:28+00:00\",\"description\":\"Un produs realizat cu migal\u0103, manual, din lemn de esen\u021b\u0103 tare (salcie argintie, meranti, ulm, dud, nuc \u0219i fag).Finisat doar cu ingrediente naturale \u2013 ulei de m\u0103sline \u0219i cear\u0103 de albine \u2013 pentru un aspect elegant \u0219i durabil.Dimensiuni: 18\u00d710 cm (semilun\u0103).Cercuri: 3 cm \u0219i 4 cm diametru.\",\"breadcrumb\":{\"@id\":\"https:\/\/jucarii-lemn-online.ro\/produs\/joc-echilibru-univers\/#breadcrumb\"},\"inLanguage\":\"en-US\",\"potentialAction\":[{\"@type\":\"ReadAction\",\"target\":[\"https:\/\/jucarii-lemn-online.ro\/produs\/joc-echilibru-univers\/\"]}]},{\"@type\":\"ImageObject\",\"inLanguage\":\"en-US\",\"@id\":\"https:\/\/jucarii-lemn-online.ro\/produs\/joc-echilibru-univers\/#primaryimage\",\"url\":\"https:\/\/jucarii-lemn-online.ro\/wp-content\/uploads\/2023\/09\/univ-in-echilibru-lemnivor3.webp\",\"contentUrl\":\"https:\/\/jucarii-lemn-online.ro\/wp-content\/uploads\/2023\/09\/univ-in-echilibru-lemnivor3.webp\",\"width\":1024,\"height\":1024},{\"@type\":\"BreadcrumbList\",\"@id\":\"https:\/\/jucarii-lemn-online.ro\/produs\/joc-echilibru-univers\/#breadcrumb\",\"itemListElement\":[{\"@type\":\"ListItem\",\"position\":1,\"name\":\"Prima pagin\u0103\",\"item\":\"https:\/\/jucarii-lemn-online.ro\/en\/\"},{\"@type\":\"ListItem\",\"position\":2,\"name\":\"Shop\",\"item\":\"https:\/\/jucarii-lemn-online.ro\/en\/shop-2\/\"},{\"@type\":\"ListItem\",\"position\":3,\"name\":\"Joc echilibru \u0219i \u00eendem\u00e2nare &#8211; Univers de la Lemnivor\"}]},{\"@type\":\"WebSite\",\"@id\":\"https:\/\/jucarii-lemn-online.ro\/#website\",\"url\":\"https:\/\/jucarii-lemn-online.ro\/\",\"name\":\"Juc\u0103rii din lemn fabricate \u00een Rom\u00e2nia!\",\"description\":\"Juc\u0103rii din lemn fabricate \u00een Rom\u00e2nia!\",\"potentialAction\":[{\"@type\":\"SearchAction\",\"target\":{\"@type\":\"EntryPoint\",\"urlTemplate\":\"https:\/\/jucarii-lemn-online.ro\/?s={search_term_string}\"},\"query-input\":{\"@type\":\"PropertyValueSpecification\",\"valueRequired\":true,\"valueName\":\"search_term_string\"}}],\"inLanguage\":\"en-US\"}]}<\/script>\n<!-- \/ Yoast SEO plugin. -->","yoast_head_json":{"title":"Joc echilibru \u0219i \u00eendem\u00e2nare - Univers de la Lemnivor - Juc\u0103rii din lemn fabricate \u00een Rom\u00e2nia!","description":"Un produs realizat cu migal\u0103, manual, din lemn de esen\u021b\u0103 tare (salcie argintie, meranti, ulm, dud, nuc \u0219i fag).Finisat doar cu ingrediente naturale \u2013 ulei de m\u0103sline \u0219i cear\u0103 de albine \u2013 pentru un aspect elegant \u0219i durabil.Dimensiuni: 18\u00d710 cm (semilun\u0103).Cercuri: 3 cm \u0219i 4 cm diametru.","robots":{"index":"index","follow":"follow","max-snippet":"max-snippet:-1","max-image-preview":"max-image-preview:large","max-video-preview":"max-video-preview:-1"},"canonical":"https:\/\/jucarii-lemn-online.ro\/produs\/joc-echilibru-univers\/","og_locale":"en_US","og_type":"article","og_title":"Joc echilibru \u0219i \u00eendem\u00e2nare - Univers de la Lemnivor - Juc\u0103rii din lemn fabricate \u00een Rom\u00e2nia!","og_description":"Un produs realizat cu migal\u0103, manual, din lemn de esen\u021b\u0103 tare (salcie argintie, meranti, ulm, dud, nuc \u0219i fag).Finisat doar cu ingrediente naturale \u2013 ulei de m\u0103sline \u0219i cear\u0103 de albine \u2013 pentru un aspect elegant \u0219i durabil.Dimensiuni: 18\u00d710 cm (semilun\u0103).Cercuri: 3 cm \u0219i 4 cm diametru.","og_url":"https:\/\/jucarii-lemn-online.ro\/produs\/joc-echilibru-univers\/","og_site_name":"Juc\u0103rii din lemn fabricate \u00een Rom\u00e2nia!","article_modified_time":"2026-04-29T18:35:28+00:00","og_image":[{"width":1024,"height":1024,"url":"https:\/\/jucarii-lemn-online.ro\/wp-content\/uploads\/2023\/09\/univ-in-echilibru-lemnivor3.webp","type":"image\/webp"}],"twitter_card":"summary_large_image","twitter_misc":{"Est. reading time":"1 minute"},"schema":{"@context":"https:\/\/schema.org","@graph":[{"@type":"WebPage","@id":"https:\/\/jucarii-lemn-online.ro\/produs\/joc-echilibru-univers\/","url":"https:\/\/jucarii-lemn-online.ro\/produs\/joc-echilibru-univers\/","name":"Joc echilibru \u0219i \u00eendem\u00e2nare - Univers de la Lemnivor - Juc\u0103rii din lemn fabricate \u00een Rom\u00e2nia!","isPartOf":{"@id":"https:\/\/jucarii-lemn-online.ro\/#website"},"primaryImageOfPage":{"@id":"https:\/\/jucarii-lemn-online.ro\/produs\/joc-echilibru-univers\/#primaryimage"},"image":{"@id":"https:\/\/jucarii-lemn-online.ro\/produs\/joc-echilibru-univers\/#primaryimage"},"thumbnailUrl":"https:\/\/jucarii-lemn-online.ro\/wp-content\/uploads\/2023\/09\/univ-in-echilibru-lemnivor3.webp","datePublished":"2023-09-15T10:11:54+00:00","dateModified":"2026-04-29T18:35:28+00:00","description":"Un produs realizat cu migal\u0103, manual, din lemn de esen\u021b\u0103 tare (salcie argintie, meranti, ulm, dud, nuc \u0219i fag).Finisat doar cu ingrediente naturale \u2013 ulei de m\u0103sline \u0219i cear\u0103 de albine \u2013 pentru un aspect elegant \u0219i durabil.Dimensiuni: 18\u00d710 cm (semilun\u0103).Cercuri: 3 cm \u0219i 4 cm diametru.","breadcrumb":{"@id":"https:\/\/jucarii-lemn-online.ro\/produs\/joc-echilibru-univers\/#breadcrumb"},"inLanguage":"en-US","potentialAction":[{"@type":"ReadAction","target":["https:\/\/jucarii-lemn-online.ro\/produs\/joc-echilibru-univers\/"]}]},{"@type":"ImageObject","inLanguage":"en-US","@id":"https:\/\/jucarii-lemn-online.ro\/produs\/joc-echilibru-univers\/#primaryimage","url":"https:\/\/jucarii-lemn-online.ro\/wp-content\/uploads\/2023\/09\/univ-in-echilibru-lemnivor3.webp","contentUrl":"https:\/\/jucarii-lemn-online.ro\/wp-content\/uploads\/2023\/09\/univ-in-echilibru-lemnivor3.webp","width":1024,"height":1024},{"@type":"BreadcrumbList","@id":"https:\/\/jucarii-lemn-online.ro\/produs\/joc-echilibru-univers\/#breadcrumb","itemListElement":[{"@type":"ListItem","position":1,"name":"Prima pagin\u0103","item":"https:\/\/jucarii-lemn-online.ro\/en\/"},{"@type":"ListItem","position":2,"name":"Shop","item":"https:\/\/jucarii-lemn-online.ro\/en\/shop-2\/"},{"@type":"ListItem","position":3,"name":"Joc echilibru \u0219i \u00eendem\u00e2nare &#8211; Univers de la Lemnivor"}]},{"@type":"WebSite","@id":"https:\/\/jucarii-lemn-online.ro\/#website","url":"https:\/\/jucarii-lemn-online.ro\/","name":"Juc\u0103rii din lemn fabricate \u00een Rom\u00e2nia!","description":"Juc\u0103rii din lemn fabricate \u00een Rom\u00e2nia!","potentialAction":[{"@type":"SearchAction","target":{"@type":"EntryPoint","urlTemplate":"https:\/\/jucarii-lemn-online.ro\/?s={search_term_string}"},"query-input":{"@type":"PropertyValueSpecification","valueRequired":true,"valueName":"search_term_string"}}],"inLanguage":"en-US"}]}},"_links":{"self":[{"href":"https:\/\/jucarii-lemn-online.ro\/en\/wp-json\/wp\/v2\/product\/3801","targetHints":{"allow":["GET"]}}],"collection":[{"href":"https:\/\/jucarii-lemn-online.ro\/en\/wp-json\/wp\/v2\/product"}],"about":[{"href":"https:\/\/jucarii-lemn-online.ro\/en\/wp-json\/wp\/v2\/types\/product"}],"wp:featuredmedia":[{"embeddable":true,"href":"https:\/\/jucarii-lemn-online.ro\/en\/wp-json\/wp\/v2\/media\/3805"}],"wp:attachment":[{"href":"https:\/\/jucarii-lemn-online.ro\/en\/wp-json\/wp\/v2\/media?parent=3801"}],"wp:term":[{"taxonomy":"product_brand","embeddable":true,"href":"https:\/\/jucarii-lemn-online.ro\/en\/wp-json\/wp\/v2\/product_brand?post=3801"},{"taxonomy":"product_cat","embeddable":true,"href":"https:\/\/jucarii-lemn-online.ro\/en\/wp-json\/wp\/v2\/product_cat?post=3801"},{"taxonomy":"product_tag","embeddable":true,"href":"https:\/\/jucarii-lemn-online.ro\/en\/wp-json\/wp\/v2\/product_tag?post=3801"}],"curies":[{"name":"wp","href":"https:\/\/api.w.org\/{rel}","templated":true}]}}