{"id":3797,"date":"2023-09-15T10:05:07","date_gmt":"2023-09-15T10:05:07","guid":{"rendered":"https:\/\/jucarii-lemn-online.ro\/?post_type=product&#038;p=3797"},"modified":"2023-09-15T10:05:07","modified_gmt":"2023-09-15T10:05:07","slug":"puzzle-din-lemn-patratul-imposibil","status":"publish","type":"product","link":"https:\/\/jucarii-lemn-online.ro\/en\/produs\/puzzle-din-lemn-patratul-imposibil\/","title":{"rendered":"Puzzle din lemn: patratul imposibil"},"content":{"rendered":"<div class=\"std\">\n<p>Jocul presupune rezolvarea puzzle-ului in 2 feluri, cu si fara patratul mic in acelasi chenar fix.<\/p>\n<p>Realizat din lemn de esenta tare.<\/p>\n<p>Finisat cu lac acrilic.<\/p>\n<p>Marime: 14,5 x 18,5 cm .<\/p>\n<p>Un produs Lemnivor.<\/p>\n<p>Fabricat in Romania!<\/p>\n<\/div>\n","protected":false},"excerpt":{"rendered":"<div class=\"std\">\n<p>Jocul presupune rezolvarea puzzle-ului in 2 feluri, cu si fara patratul mic in acelasi chenar fix.<\/p>\n<p>Realizat din lemn de esenta tare.<\/p>\n<p>Finisat cu lac acrilic.<\/p>\n<p>Marime: 14,5 x 18,5 cm .<\/p>\n<p>Un produs Lemnivor.<\/p>\n<\/div>\n","protected":false},"featured_media":3798,"template":"","meta":[],"product_brand":[],"product_cat":[89],"product_tag":[137,136,118],"class_list":{"0":"post-3797","1":"product","2":"type-product","3":"status-publish","4":"has-post-thumbnail","6":"product_cat-lemnivor","7":"product_tag-lemn-natur","8":"product_tag-patratul-imposibil","9":"product_tag-puzzle","11":"first","12":"instock","13":"shipping-taxable","14":"purchasable","15":"product-type-simple"},"yoast_head":"<!-- This site is optimized with the Yoast SEO plugin v24.5 - https:\/\/yoast.com\/wordpress\/plugins\/seo\/ -->\n<title>Puzzle din lemn: patratul imposibil - Juc\u0103rii din lemn fabricate \u00een Rom\u00e2nia!<\/title>\n<meta name=\"description\" content=\"Jocul presupune rezolvarea puzzle-ului in 2 feluri, cu si fara patratul mic in acelasi chenar fix. Realizat din lemn de esenta tare.\" \/>\n<meta name=\"robots\" content=\"index, follow, max-snippet:-1, max-image-preview:large, max-video-preview:-1\" \/>\n<link rel=\"canonical\" href=\"https:\/\/jucarii-lemn-online.ro\/produs\/puzzle-din-lemn-patratul-imposibil\/\" \/>\n<meta property=\"og:locale\" content=\"en_US\" \/>\n<meta property=\"og:type\" content=\"article\" \/>\n<meta property=\"og:title\" content=\"Puzzle din lemn: patratul imposibil - Juc\u0103rii din lemn fabricate \u00een Rom\u00e2nia!\" \/>\n<meta property=\"og:description\" content=\"Jocul presupune rezolvarea puzzle-ului in 2 feluri, cu si fara patratul mic in acelasi chenar fix. Realizat din lemn de esenta tare.\" \/>\n<meta property=\"og:url\" content=\"https:\/\/jucarii-lemn-online.ro\/produs\/puzzle-din-lemn-patratul-imposibil\/\" \/>\n<meta property=\"og:site_name\" content=\"Juc\u0103rii din lemn fabricate \u00een Rom\u00e2nia!\" \/>\n<meta property=\"og:image\" content=\"https:\/\/jucarii-lemn-online.ro\/wp-content\/uploads\/2023\/09\/lmv14_patratul_imposibil_01.jpg\" \/>\n\t<meta property=\"og:image:width\" content=\"800\" \/>\n\t<meta property=\"og:image:height\" content=\"667\" \/>\n\t<meta property=\"og:image:type\" content=\"image\/jpeg\" \/>\n<meta name=\"twitter:card\" content=\"summary_large_image\" \/>\n<meta name=\"twitter:label1\" content=\"Est. reading time\" \/>\n\t<meta name=\"twitter:data1\" content=\"1 minute\" \/>\n<script type=\"application\/ld+json\" class=\"yoast-schema-graph\">{\"@context\":\"https:\/\/schema.org\",\"@graph\":[{\"@type\":\"WebPage\",\"@id\":\"https:\/\/jucarii-lemn-online.ro\/produs\/puzzle-din-lemn-patratul-imposibil\/\",\"url\":\"https:\/\/jucarii-lemn-online.ro\/produs\/puzzle-din-lemn-patratul-imposibil\/\",\"name\":\"Puzzle din lemn: patratul imposibil - Juc\u0103rii din lemn fabricate \u00een Rom\u00e2nia!\",\"isPartOf\":{\"@id\":\"https:\/\/jucarii-lemn-online.ro\/#website\"},\"primaryImageOfPage\":{\"@id\":\"https:\/\/jucarii-lemn-online.ro\/produs\/puzzle-din-lemn-patratul-imposibil\/#primaryimage\"},\"image\":{\"@id\":\"https:\/\/jucarii-lemn-online.ro\/produs\/puzzle-din-lemn-patratul-imposibil\/#primaryimage\"},\"thumbnailUrl\":\"https:\/\/jucarii-lemn-online.ro\/wp-content\/uploads\/2023\/09\/lmv14_patratul_imposibil_01.jpg\",\"datePublished\":\"2023-09-15T10:05:07+00:00\",\"description\":\"Jocul presupune rezolvarea puzzle-ului in 2 feluri, cu si fara patratul mic in acelasi chenar fix. Realizat din lemn de esenta tare.\",\"breadcrumb\":{\"@id\":\"https:\/\/jucarii-lemn-online.ro\/produs\/puzzle-din-lemn-patratul-imposibil\/#breadcrumb\"},\"inLanguage\":\"en-US\",\"potentialAction\":[{\"@type\":\"ReadAction\",\"target\":[\"https:\/\/jucarii-lemn-online.ro\/produs\/puzzle-din-lemn-patratul-imposibil\/\"]}]},{\"@type\":\"ImageObject\",\"inLanguage\":\"en-US\",\"@id\":\"https:\/\/jucarii-lemn-online.ro\/produs\/puzzle-din-lemn-patratul-imposibil\/#primaryimage\",\"url\":\"https:\/\/jucarii-lemn-online.ro\/wp-content\/uploads\/2023\/09\/lmv14_patratul_imposibil_01.jpg\",\"contentUrl\":\"https:\/\/jucarii-lemn-online.ro\/wp-content\/uploads\/2023\/09\/lmv14_patratul_imposibil_01.jpg\",\"width\":800,\"height\":667},{\"@type\":\"BreadcrumbList\",\"@id\":\"https:\/\/jucarii-lemn-online.ro\/produs\/puzzle-din-lemn-patratul-imposibil\/#breadcrumb\",\"itemListElement\":[{\"@type\":\"ListItem\",\"position\":1,\"name\":\"Prima pagin\u0103\",\"item\":\"https:\/\/jucarii-lemn-online.ro\/en\/\"},{\"@type\":\"ListItem\",\"position\":2,\"name\":\"Shop\",\"item\":\"https:\/\/jucarii-lemn-online.ro\/en\/shop-2\/\"},{\"@type\":\"ListItem\",\"position\":3,\"name\":\"Puzzle din lemn: patratul imposibil\"}]},{\"@type\":\"WebSite\",\"@id\":\"https:\/\/jucarii-lemn-online.ro\/#website\",\"url\":\"https:\/\/jucarii-lemn-online.ro\/\",\"name\":\"Juc\u0103rii din lemn fabricate \u00een Rom\u00e2nia!\",\"description\":\"Juc\u0103rii din lemn fabricate \u00een Rom\u00e2nia!\",\"potentialAction\":[{\"@type\":\"SearchAction\",\"target\":{\"@type\":\"EntryPoint\",\"urlTemplate\":\"https:\/\/jucarii-lemn-online.ro\/?s={search_term_string}\"},\"query-input\":{\"@type\":\"PropertyValueSpecification\",\"valueRequired\":true,\"valueName\":\"search_term_string\"}}],\"inLanguage\":\"en-US\"}]}<\/script>\n<!-- \/ Yoast SEO plugin. -->","yoast_head_json":{"title":"Puzzle din lemn: patratul imposibil - Juc\u0103rii din lemn fabricate \u00een Rom\u00e2nia!","description":"Jocul presupune rezolvarea puzzle-ului in 2 feluri, cu si fara patratul mic in acelasi chenar fix. Realizat din lemn de esenta tare.","robots":{"index":"index","follow":"follow","max-snippet":"max-snippet:-1","max-image-preview":"max-image-preview:large","max-video-preview":"max-video-preview:-1"},"canonical":"https:\/\/jucarii-lemn-online.ro\/produs\/puzzle-din-lemn-patratul-imposibil\/","og_locale":"en_US","og_type":"article","og_title":"Puzzle din lemn: patratul imposibil - Juc\u0103rii din lemn fabricate \u00een Rom\u00e2nia!","og_description":"Jocul presupune rezolvarea puzzle-ului in 2 feluri, cu si fara patratul mic in acelasi chenar fix. Realizat din lemn de esenta tare.","og_url":"https:\/\/jucarii-lemn-online.ro\/produs\/puzzle-din-lemn-patratul-imposibil\/","og_site_name":"Juc\u0103rii din lemn fabricate \u00een Rom\u00e2nia!","og_image":[{"width":800,"height":667,"url":"https:\/\/jucarii-lemn-online.ro\/wp-content\/uploads\/2023\/09\/lmv14_patratul_imposibil_01.jpg","type":"image\/jpeg"}],"twitter_card":"summary_large_image","twitter_misc":{"Est. reading time":"1 minute"},"schema":{"@context":"https:\/\/schema.org","@graph":[{"@type":"WebPage","@id":"https:\/\/jucarii-lemn-online.ro\/produs\/puzzle-din-lemn-patratul-imposibil\/","url":"https:\/\/jucarii-lemn-online.ro\/produs\/puzzle-din-lemn-patratul-imposibil\/","name":"Puzzle din lemn: patratul imposibil - Juc\u0103rii din lemn fabricate \u00een Rom\u00e2nia!","isPartOf":{"@id":"https:\/\/jucarii-lemn-online.ro\/#website"},"primaryImageOfPage":{"@id":"https:\/\/jucarii-lemn-online.ro\/produs\/puzzle-din-lemn-patratul-imposibil\/#primaryimage"},"image":{"@id":"https:\/\/jucarii-lemn-online.ro\/produs\/puzzle-din-lemn-patratul-imposibil\/#primaryimage"},"thumbnailUrl":"https:\/\/jucarii-lemn-online.ro\/wp-content\/uploads\/2023\/09\/lmv14_patratul_imposibil_01.jpg","datePublished":"2023-09-15T10:05:07+00:00","description":"Jocul presupune rezolvarea puzzle-ului in 2 feluri, cu si fara patratul mic in acelasi chenar fix. Realizat din lemn de esenta tare.","breadcrumb":{"@id":"https:\/\/jucarii-lemn-online.ro\/produs\/puzzle-din-lemn-patratul-imposibil\/#breadcrumb"},"inLanguage":"en-US","potentialAction":[{"@type":"ReadAction","target":["https:\/\/jucarii-lemn-online.ro\/produs\/puzzle-din-lemn-patratul-imposibil\/"]}]},{"@type":"ImageObject","inLanguage":"en-US","@id":"https:\/\/jucarii-lemn-online.ro\/produs\/puzzle-din-lemn-patratul-imposibil\/#primaryimage","url":"https:\/\/jucarii-lemn-online.ro\/wp-content\/uploads\/2023\/09\/lmv14_patratul_imposibil_01.jpg","contentUrl":"https:\/\/jucarii-lemn-online.ro\/wp-content\/uploads\/2023\/09\/lmv14_patratul_imposibil_01.jpg","width":800,"height":667},{"@type":"BreadcrumbList","@id":"https:\/\/jucarii-lemn-online.ro\/produs\/puzzle-din-lemn-patratul-imposibil\/#breadcrumb","itemListElement":[{"@type":"ListItem","position":1,"name":"Prima pagin\u0103","item":"https:\/\/jucarii-lemn-online.ro\/en\/"},{"@type":"ListItem","position":2,"name":"Shop","item":"https:\/\/jucarii-lemn-online.ro\/en\/shop-2\/"},{"@type":"ListItem","position":3,"name":"Puzzle din lemn: patratul imposibil"}]},{"@type":"WebSite","@id":"https:\/\/jucarii-lemn-online.ro\/#website","url":"https:\/\/jucarii-lemn-online.ro\/","name":"Juc\u0103rii din lemn fabricate \u00een Rom\u00e2nia!","description":"Juc\u0103rii din lemn fabricate \u00een Rom\u00e2nia!","potentialAction":[{"@type":"SearchAction","target":{"@type":"EntryPoint","urlTemplate":"https:\/\/jucarii-lemn-online.ro\/?s={search_term_string}"},"query-input":{"@type":"PropertyValueSpecification","valueRequired":true,"valueName":"search_term_string"}}],"inLanguage":"en-US"}]}},"_links":{"self":[{"href":"https:\/\/jucarii-lemn-online.ro\/en\/wp-json\/wp\/v2\/product\/3797","targetHints":{"allow":["GET"]}}],"collection":[{"href":"https:\/\/jucarii-lemn-online.ro\/en\/wp-json\/wp\/v2\/product"}],"about":[{"href":"https:\/\/jucarii-lemn-online.ro\/en\/wp-json\/wp\/v2\/types\/product"}],"wp:featuredmedia":[{"embeddable":true,"href":"https:\/\/jucarii-lemn-online.ro\/en\/wp-json\/wp\/v2\/media\/3798"}],"wp:attachment":[{"href":"https:\/\/jucarii-lemn-online.ro\/en\/wp-json\/wp\/v2\/media?parent=3797"}],"wp:term":[{"taxonomy":"product_brand","embeddable":true,"href":"https:\/\/jucarii-lemn-online.ro\/en\/wp-json\/wp\/v2\/product_brand?post=3797"},{"taxonomy":"product_cat","embeddable":true,"href":"https:\/\/jucarii-lemn-online.ro\/en\/wp-json\/wp\/v2\/product_cat?post=3797"},{"taxonomy":"product_tag","embeddable":true,"href":"https:\/\/jucarii-lemn-online.ro\/en\/wp-json\/wp\/v2\/product_tag?post=3797"}],"curies":[{"name":"wp","href":"https:\/\/api.w.org\/{rel}","templated":true}]}}