{"id":3655,"date":"2023-06-15T18:18:58","date_gmt":"2023-06-15T16:18:58","guid":{"rendered":"https:\/\/jucarii-lemn-online.ro\/?post_type=product&#038;p=3655"},"modified":"2024-07-15T12:21:35","modified_gmt":"2024-07-15T10:21:35","slug":"puzzle-frunza-de-stejar-verde","status":"publish","type":"product","link":"https:\/\/jucarii-lemn-online.ro\/en\/produs\/puzzle-frunza-de-stejar-verde\/","title":{"rendered":"Puzzle &#8220;Frunza de stejar&#8221; verde"},"content":{"rendered":"<p>Din tabla din lemn masiv si frunze din esente diferite (salcam, fag, corcodus, prun, dud, nuc si meranti), pictat cu tus verde si portocaliu.<br \/>\nEste finisat cu ulei de masline si ceara de albine.<br \/>\nPuzzle-ul in forma de frunza de stejar contine 10 piese.<br \/>\nMarime aproximativa: 18 x 13,5 x 1,5 cm<br \/>\nDimensiunea frunzelor variaza de la 1,5 cm la 8,5 cm.<br \/>\nEste recomandat copiilor cu varsta mai mare de 3 ani, pentru antrenarea atentiei.<br \/>\nUn produs Lemnivor.<br \/>\nFabricat in Romania!<\/p>\n","protected":false},"excerpt":{"rendered":"<p>Din tabla din lemn masiv si frunze din esente diferite (salcam, fag, corcodus, prun, dud, nuc si meranti), pictat cu tus verde si portocaliu.<br \/>\nEste finisat cu ulei de masline si ceara de albine.<br \/>\nPuzzle-ul in forma de frunza de stejar contine 10 piese.<br \/>\nMarime aproximativa: 18 x 13,5 x 1,5 cm<br \/>\nDimensiunea frunzelor variaza de la 1,5 cm la 8,5 cm.<\/p>\n","protected":false},"featured_media":3656,"template":"","meta":[],"product_brand":[],"product_cat":[89],"product_tag":[119,118],"class_list":{"0":"post-3655","1":"product","2":"type-product","3":"status-publish","4":"has-post-thumbnail","6":"product_cat-lemnivor","7":"product_tag-frunza","8":"product_tag-puzzle","10":"first","11":"outofstock","12":"shipping-taxable","13":"purchasable","14":"product-type-simple"},"yoast_head":"<!-- This site is optimized with the Yoast SEO plugin v24.5 - https:\/\/yoast.com\/wordpress\/plugins\/seo\/ -->\n<title>Puzzle &quot;Frunza de stejar&quot; verde - Juc\u0103rii din lemn fabricate \u00een Rom\u00e2nia!<\/title>\n<meta name=\"robots\" content=\"index, follow, max-snippet:-1, max-image-preview:large, max-video-preview:-1\" \/>\n<link rel=\"canonical\" href=\"https:\/\/jucarii-lemn-online.ro\/produs\/puzzle-frunza-de-stejar-verde\/\" \/>\n<meta property=\"og:locale\" content=\"en_US\" \/>\n<meta property=\"og:type\" content=\"article\" \/>\n<meta property=\"og:title\" content=\"Puzzle &quot;Frunza de stejar&quot; verde - Juc\u0103rii din lemn fabricate \u00een Rom\u00e2nia!\" \/>\n<meta property=\"og:description\" content=\"Din tabla din lemn masiv si frunze din esente diferite (salcam, fag, corcodus, prun, dud, nuc si meranti), pictat cu tus verde si portocaliu. Este finisat cu ulei de masline si ceara de albine. Puzzle-ul in forma de frunza de stejar contine 10 piese. Marime aproximativa: 18 x 13,5 x 1,5 cm Dimensiunea frunzelor variaza de la 1,5 cm la 8,5 cm.\" \/>\n<meta property=\"og:url\" content=\"https:\/\/jucarii-lemn-online.ro\/produs\/puzzle-frunza-de-stejar-verde\/\" \/>\n<meta property=\"og:site_name\" content=\"Juc\u0103rii din lemn fabricate \u00een Rom\u00e2nia!\" \/>\n<meta property=\"article:modified_time\" content=\"2024-07-15T10:21:35+00:00\" \/>\n<meta property=\"og:image\" content=\"https:\/\/jucarii-lemn-online.ro\/wp-content\/uploads\/2023\/06\/194829150_876198326298263_396937345898906220_n.jpg\" \/>\n\t<meta property=\"og:image:width\" content=\"800\" \/>\n\t<meta property=\"og:image:height\" content=\"667\" \/>\n\t<meta property=\"og:image:type\" content=\"image\/jpeg\" \/>\n<meta name=\"twitter:card\" content=\"summary_large_image\" \/>\n<script type=\"application\/ld+json\" class=\"yoast-schema-graph\">{\"@context\":\"https:\/\/schema.org\",\"@graph\":[{\"@type\":\"WebPage\",\"@id\":\"https:\/\/jucarii-lemn-online.ro\/produs\/puzzle-frunza-de-stejar-verde\/\",\"url\":\"https:\/\/jucarii-lemn-online.ro\/produs\/puzzle-frunza-de-stejar-verde\/\",\"name\":\"Puzzle \\\"Frunza de stejar\\\" verde - Juc\u0103rii din lemn fabricate \u00een Rom\u00e2nia!\",\"isPartOf\":{\"@id\":\"https:\/\/jucarii-lemn-online.ro\/#website\"},\"primaryImageOfPage\":{\"@id\":\"https:\/\/jucarii-lemn-online.ro\/produs\/puzzle-frunza-de-stejar-verde\/#primaryimage\"},\"image\":{\"@id\":\"https:\/\/jucarii-lemn-online.ro\/produs\/puzzle-frunza-de-stejar-verde\/#primaryimage\"},\"thumbnailUrl\":\"https:\/\/jucarii-lemn-online.ro\/wp-content\/uploads\/2023\/06\/194829150_876198326298263_396937345898906220_n.jpg\",\"datePublished\":\"2023-06-15T16:18:58+00:00\",\"dateModified\":\"2024-07-15T10:21:35+00:00\",\"breadcrumb\":{\"@id\":\"https:\/\/jucarii-lemn-online.ro\/produs\/puzzle-frunza-de-stejar-verde\/#breadcrumb\"},\"inLanguage\":\"en-US\",\"potentialAction\":[{\"@type\":\"ReadAction\",\"target\":[\"https:\/\/jucarii-lemn-online.ro\/produs\/puzzle-frunza-de-stejar-verde\/\"]}]},{\"@type\":\"ImageObject\",\"inLanguage\":\"en-US\",\"@id\":\"https:\/\/jucarii-lemn-online.ro\/produs\/puzzle-frunza-de-stejar-verde\/#primaryimage\",\"url\":\"https:\/\/jucarii-lemn-online.ro\/wp-content\/uploads\/2023\/06\/194829150_876198326298263_396937345898906220_n.jpg\",\"contentUrl\":\"https:\/\/jucarii-lemn-online.ro\/wp-content\/uploads\/2023\/06\/194829150_876198326298263_396937345898906220_n.jpg\",\"width\":800,\"height\":667},{\"@type\":\"BreadcrumbList\",\"@id\":\"https:\/\/jucarii-lemn-online.ro\/produs\/puzzle-frunza-de-stejar-verde\/#breadcrumb\",\"itemListElement\":[{\"@type\":\"ListItem\",\"position\":1,\"name\":\"Prima pagin\u0103\",\"item\":\"https:\/\/jucarii-lemn-online.ro\/en\/\"},{\"@type\":\"ListItem\",\"position\":2,\"name\":\"Shop\",\"item\":\"https:\/\/jucarii-lemn-online.ro\/en\/shop-2\/\"},{\"@type\":\"ListItem\",\"position\":3,\"name\":\"Puzzle &#8222;Frunza de stejar&#8221; verde\"}]},{\"@type\":\"WebSite\",\"@id\":\"https:\/\/jucarii-lemn-online.ro\/#website\",\"url\":\"https:\/\/jucarii-lemn-online.ro\/\",\"name\":\"Juc\u0103rii din lemn fabricate \u00een Rom\u00e2nia!\",\"description\":\"Juc\u0103rii din lemn fabricate \u00een Rom\u00e2nia!\",\"potentialAction\":[{\"@type\":\"SearchAction\",\"target\":{\"@type\":\"EntryPoint\",\"urlTemplate\":\"https:\/\/jucarii-lemn-online.ro\/?s={search_term_string}\"},\"query-input\":{\"@type\":\"PropertyValueSpecification\",\"valueRequired\":true,\"valueName\":\"search_term_string\"}}],\"inLanguage\":\"en-US\"}]}<\/script>\n<!-- \/ Yoast SEO plugin. -->","yoast_head_json":{"title":"Puzzle \"Frunza de stejar\" verde - Juc\u0103rii din lemn fabricate \u00een Rom\u00e2nia!","robots":{"index":"index","follow":"follow","max-snippet":"max-snippet:-1","max-image-preview":"max-image-preview:large","max-video-preview":"max-video-preview:-1"},"canonical":"https:\/\/jucarii-lemn-online.ro\/produs\/puzzle-frunza-de-stejar-verde\/","og_locale":"en_US","og_type":"article","og_title":"Puzzle \"Frunza de stejar\" verde - Juc\u0103rii din lemn fabricate \u00een Rom\u00e2nia!","og_description":"Din tabla din lemn masiv si frunze din esente diferite (salcam, fag, corcodus, prun, dud, nuc si meranti), pictat cu tus verde si portocaliu. Este finisat cu ulei de masline si ceara de albine. Puzzle-ul in forma de frunza de stejar contine 10 piese. Marime aproximativa: 18 x 13,5 x 1,5 cm Dimensiunea frunzelor variaza de la 1,5 cm la 8,5 cm.","og_url":"https:\/\/jucarii-lemn-online.ro\/produs\/puzzle-frunza-de-stejar-verde\/","og_site_name":"Juc\u0103rii din lemn fabricate \u00een Rom\u00e2nia!","article_modified_time":"2024-07-15T10:21:35+00:00","og_image":[{"width":800,"height":667,"url":"https:\/\/jucarii-lemn-online.ro\/wp-content\/uploads\/2023\/06\/194829150_876198326298263_396937345898906220_n.jpg","type":"image\/jpeg"}],"twitter_card":"summary_large_image","schema":{"@context":"https:\/\/schema.org","@graph":[{"@type":"WebPage","@id":"https:\/\/jucarii-lemn-online.ro\/produs\/puzzle-frunza-de-stejar-verde\/","url":"https:\/\/jucarii-lemn-online.ro\/produs\/puzzle-frunza-de-stejar-verde\/","name":"Puzzle \"Frunza de stejar\" verde - Juc\u0103rii din lemn fabricate \u00een Rom\u00e2nia!","isPartOf":{"@id":"https:\/\/jucarii-lemn-online.ro\/#website"},"primaryImageOfPage":{"@id":"https:\/\/jucarii-lemn-online.ro\/produs\/puzzle-frunza-de-stejar-verde\/#primaryimage"},"image":{"@id":"https:\/\/jucarii-lemn-online.ro\/produs\/puzzle-frunza-de-stejar-verde\/#primaryimage"},"thumbnailUrl":"https:\/\/jucarii-lemn-online.ro\/wp-content\/uploads\/2023\/06\/194829150_876198326298263_396937345898906220_n.jpg","datePublished":"2023-06-15T16:18:58+00:00","dateModified":"2024-07-15T10:21:35+00:00","breadcrumb":{"@id":"https:\/\/jucarii-lemn-online.ro\/produs\/puzzle-frunza-de-stejar-verde\/#breadcrumb"},"inLanguage":"en-US","potentialAction":[{"@type":"ReadAction","target":["https:\/\/jucarii-lemn-online.ro\/produs\/puzzle-frunza-de-stejar-verde\/"]}]},{"@type":"ImageObject","inLanguage":"en-US","@id":"https:\/\/jucarii-lemn-online.ro\/produs\/puzzle-frunza-de-stejar-verde\/#primaryimage","url":"https:\/\/jucarii-lemn-online.ro\/wp-content\/uploads\/2023\/06\/194829150_876198326298263_396937345898906220_n.jpg","contentUrl":"https:\/\/jucarii-lemn-online.ro\/wp-content\/uploads\/2023\/06\/194829150_876198326298263_396937345898906220_n.jpg","width":800,"height":667},{"@type":"BreadcrumbList","@id":"https:\/\/jucarii-lemn-online.ro\/produs\/puzzle-frunza-de-stejar-verde\/#breadcrumb","itemListElement":[{"@type":"ListItem","position":1,"name":"Prima pagin\u0103","item":"https:\/\/jucarii-lemn-online.ro\/en\/"},{"@type":"ListItem","position":2,"name":"Shop","item":"https:\/\/jucarii-lemn-online.ro\/en\/shop-2\/"},{"@type":"ListItem","position":3,"name":"Puzzle &#8222;Frunza de stejar&#8221; verde"}]},{"@type":"WebSite","@id":"https:\/\/jucarii-lemn-online.ro\/#website","url":"https:\/\/jucarii-lemn-online.ro\/","name":"Juc\u0103rii din lemn fabricate \u00een Rom\u00e2nia!","description":"Juc\u0103rii din lemn fabricate \u00een Rom\u00e2nia!","potentialAction":[{"@type":"SearchAction","target":{"@type":"EntryPoint","urlTemplate":"https:\/\/jucarii-lemn-online.ro\/?s={search_term_string}"},"query-input":{"@type":"PropertyValueSpecification","valueRequired":true,"valueName":"search_term_string"}}],"inLanguage":"en-US"}]}},"_links":{"self":[{"href":"https:\/\/jucarii-lemn-online.ro\/en\/wp-json\/wp\/v2\/product\/3655","targetHints":{"allow":["GET"]}}],"collection":[{"href":"https:\/\/jucarii-lemn-online.ro\/en\/wp-json\/wp\/v2\/product"}],"about":[{"href":"https:\/\/jucarii-lemn-online.ro\/en\/wp-json\/wp\/v2\/types\/product"}],"wp:featuredmedia":[{"embeddable":true,"href":"https:\/\/jucarii-lemn-online.ro\/en\/wp-json\/wp\/v2\/media\/3656"}],"wp:attachment":[{"href":"https:\/\/jucarii-lemn-online.ro\/en\/wp-json\/wp\/v2\/media?parent=3655"}],"wp:term":[{"taxonomy":"product_brand","embeddable":true,"href":"https:\/\/jucarii-lemn-online.ro\/en\/wp-json\/wp\/v2\/product_brand?post=3655"},{"taxonomy":"product_cat","embeddable":true,"href":"https:\/\/jucarii-lemn-online.ro\/en\/wp-json\/wp\/v2\/product_cat?post=3655"},{"taxonomy":"product_tag","embeddable":true,"href":"https:\/\/jucarii-lemn-online.ro\/en\/wp-json\/wp\/v2\/product_tag?post=3655"}],"curies":[{"name":"wp","href":"https:\/\/api.w.org\/{rel}","templated":true}]}}