{"id":3497,"date":"2023-05-02T19:42:47","date_gmt":"2023-05-02T19:42:47","guid":{"rendered":"https:\/\/jucarii-lemn-online.ro\/?post_type=product&#038;p=3497"},"modified":"2025-10-03T09:34:10","modified_gmt":"2025-10-03T07:34:10","slug":"tabla-caligrafica-din-lemn-litere-de-mana","status":"publish","type":"product","link":"https:\/\/jucarii-lemn-online.ro\/en\/produs\/tabla-caligrafica-din-lemn-litere-de-mana\/","title":{"rendered":"Tabl\u0103 caligrafic\u0103 din lemn &#8211; litere de m\u00e2n\u0103"},"content":{"rendered":"<p>Tabla caligrafic\u0103 este un instrument ideal pentru exersarea \u0219i perfec\u021bionarea scrisului de m\u00e2n\u0103.<\/p>\n<p>Modelul are dou\u0103 fe\u021be utilizabile (fa\u021b\u0103\/verso) \u0219i dimensiunea de 30 x 40 cm, cu grosime de 2 cm, oferind spa\u021biu suficient pentru antrenament repetat \u0219i durabilitate \u00een timp.<\/p>\n","protected":false},"excerpt":{"rendered":"<p>Tabla caligrafic\u0103 este un instrument ideal pentru exersarea \u0219i perfec\u021bionarea scrisului de m\u00e2n\u0103. Modelul are dou\u0103 fe\u021be utilizabile (fa\u021b\u0103\/verso) \u0219i dimensiunea de 30 x 40 cm, cu grosime de 2 cm, oferind spa\u021biu suficient pentru antrenament repetat \u0219i durabilitate \u00een timp.<\/p>\n","protected":false},"featured_media":3498,"template":"","meta":[],"product_brand":[],"product_cat":[92],"product_tag":[],"class_list":{"0":"post-3497","1":"product","2":"type-product","3":"status-publish","4":"has-post-thumbnail","6":"product_cat-ingenioplay","8":"first","9":"outofstock","10":"shipping-taxable","11":"purchasable","12":"product-type-simple"},"yoast_head":"<!-- This site is optimized with the Yoast SEO plugin v24.5 - https:\/\/yoast.com\/wordpress\/plugins\/seo\/ -->\n<title>Tabl\u0103 caligrafic\u0103 din lemn - litere de m\u00e2n\u0103 - Juc\u0103rii din lemn fabricate \u00een Rom\u00e2nia!<\/title>\n<meta name=\"robots\" content=\"index, follow, max-snippet:-1, max-image-preview:large, max-video-preview:-1\" \/>\n<link rel=\"canonical\" href=\"https:\/\/jucarii-lemn-online.ro\/produs\/tabla-caligrafica-din-lemn-litere-de-mana\/\" \/>\n<meta property=\"og:locale\" content=\"en_US\" \/>\n<meta property=\"og:type\" content=\"article\" \/>\n<meta property=\"og:title\" content=\"Tabl\u0103 caligrafic\u0103 din lemn - litere de m\u00e2n\u0103 - Juc\u0103rii din lemn fabricate \u00een Rom\u00e2nia!\" \/>\n<meta property=\"og:description\" content=\"Tabla caligrafic\u0103 este un instrument ideal pentru exersarea \u0219i perfec\u021bionarea scrisului de m\u00e2n\u0103. Modelul are dou\u0103 fe\u021be utilizabile (fa\u021b\u0103\/verso) \u0219i dimensiunea de 30 x 40 cm, cu grosime de 2 cm, oferind spa\u021biu suficient pentru antrenament repetat \u0219i durabilitate \u00een timp.\" \/>\n<meta property=\"og:url\" content=\"https:\/\/jucarii-lemn-online.ro\/produs\/tabla-caligrafica-din-lemn-litere-de-mana\/\" \/>\n<meta property=\"og:site_name\" content=\"Juc\u0103rii din lemn fabricate \u00een Rom\u00e2nia!\" \/>\n<meta property=\"article:modified_time\" content=\"2025-10-03T07:34:10+00:00\" \/>\n<meta property=\"og:image\" content=\"https:\/\/jucarii-lemn-online.ro\/wp-content\/uploads\/2023\/05\/67402186_2334092120242539_8947503792056696832_n.jpg\" \/>\n\t<meta property=\"og:image:width\" content=\"2048\" \/>\n\t<meta property=\"og:image:height\" content=\"1365\" \/>\n\t<meta property=\"og:image:type\" content=\"image\/jpeg\" \/>\n<meta name=\"twitter:card\" content=\"summary_large_image\" \/>\n<meta name=\"twitter:label1\" content=\"Est. reading time\" \/>\n\t<meta name=\"twitter:data1\" content=\"1 minute\" \/>\n<script type=\"application\/ld+json\" class=\"yoast-schema-graph\">{\"@context\":\"https:\/\/schema.org\",\"@graph\":[{\"@type\":\"WebPage\",\"@id\":\"https:\/\/jucarii-lemn-online.ro\/produs\/tabla-caligrafica-din-lemn-litere-de-mana\/\",\"url\":\"https:\/\/jucarii-lemn-online.ro\/produs\/tabla-caligrafica-din-lemn-litere-de-mana\/\",\"name\":\"Tabl\u0103 caligrafic\u0103 din lemn - litere de m\u00e2n\u0103 - Juc\u0103rii din lemn fabricate \u00een Rom\u00e2nia!\",\"isPartOf\":{\"@id\":\"https:\/\/jucarii-lemn-online.ro\/#website\"},\"primaryImageOfPage\":{\"@id\":\"https:\/\/jucarii-lemn-online.ro\/produs\/tabla-caligrafica-din-lemn-litere-de-mana\/#primaryimage\"},\"image\":{\"@id\":\"https:\/\/jucarii-lemn-online.ro\/produs\/tabla-caligrafica-din-lemn-litere-de-mana\/#primaryimage\"},\"thumbnailUrl\":\"https:\/\/jucarii-lemn-online.ro\/wp-content\/uploads\/2023\/05\/67402186_2334092120242539_8947503792056696832_n.jpg\",\"datePublished\":\"2023-05-02T19:42:47+00:00\",\"dateModified\":\"2025-10-03T07:34:10+00:00\",\"breadcrumb\":{\"@id\":\"https:\/\/jucarii-lemn-online.ro\/produs\/tabla-caligrafica-din-lemn-litere-de-mana\/#breadcrumb\"},\"inLanguage\":\"en-US\",\"potentialAction\":[{\"@type\":\"ReadAction\",\"target\":[\"https:\/\/jucarii-lemn-online.ro\/produs\/tabla-caligrafica-din-lemn-litere-de-mana\/\"]}]},{\"@type\":\"ImageObject\",\"inLanguage\":\"en-US\",\"@id\":\"https:\/\/jucarii-lemn-online.ro\/produs\/tabla-caligrafica-din-lemn-litere-de-mana\/#primaryimage\",\"url\":\"https:\/\/jucarii-lemn-online.ro\/wp-content\/uploads\/2023\/05\/67402186_2334092120242539_8947503792056696832_n.jpg\",\"contentUrl\":\"https:\/\/jucarii-lemn-online.ro\/wp-content\/uploads\/2023\/05\/67402186_2334092120242539_8947503792056696832_n.jpg\",\"width\":2048,\"height\":1365},{\"@type\":\"BreadcrumbList\",\"@id\":\"https:\/\/jucarii-lemn-online.ro\/produs\/tabla-caligrafica-din-lemn-litere-de-mana\/#breadcrumb\",\"itemListElement\":[{\"@type\":\"ListItem\",\"position\":1,\"name\":\"Prima pagin\u0103\",\"item\":\"https:\/\/jucarii-lemn-online.ro\/en\/\"},{\"@type\":\"ListItem\",\"position\":2,\"name\":\"Shop\",\"item\":\"https:\/\/jucarii-lemn-online.ro\/en\/shop-2\/\"},{\"@type\":\"ListItem\",\"position\":3,\"name\":\"Tabl\u0103 caligrafic\u0103 din lemn &#8211; litere de m\u00e2n\u0103\"}]},{\"@type\":\"WebSite\",\"@id\":\"https:\/\/jucarii-lemn-online.ro\/#website\",\"url\":\"https:\/\/jucarii-lemn-online.ro\/\",\"name\":\"Juc\u0103rii din lemn fabricate \u00een Rom\u00e2nia!\",\"description\":\"Juc\u0103rii din lemn fabricate \u00een Rom\u00e2nia!\",\"potentialAction\":[{\"@type\":\"SearchAction\",\"target\":{\"@type\":\"EntryPoint\",\"urlTemplate\":\"https:\/\/jucarii-lemn-online.ro\/?s={search_term_string}\"},\"query-input\":{\"@type\":\"PropertyValueSpecification\",\"valueRequired\":true,\"valueName\":\"search_term_string\"}}],\"inLanguage\":\"en-US\"}]}<\/script>\n<!-- \/ Yoast SEO plugin. -->","yoast_head_json":{"title":"Tabl\u0103 caligrafic\u0103 din lemn - litere de m\u00e2n\u0103 - Juc\u0103rii din lemn fabricate \u00een Rom\u00e2nia!","robots":{"index":"index","follow":"follow","max-snippet":"max-snippet:-1","max-image-preview":"max-image-preview:large","max-video-preview":"max-video-preview:-1"},"canonical":"https:\/\/jucarii-lemn-online.ro\/produs\/tabla-caligrafica-din-lemn-litere-de-mana\/","og_locale":"en_US","og_type":"article","og_title":"Tabl\u0103 caligrafic\u0103 din lemn - litere de m\u00e2n\u0103 - Juc\u0103rii din lemn fabricate \u00een Rom\u00e2nia!","og_description":"Tabla caligrafic\u0103 este un instrument ideal pentru exersarea \u0219i perfec\u021bionarea scrisului de m\u00e2n\u0103. Modelul are dou\u0103 fe\u021be utilizabile (fa\u021b\u0103\/verso) \u0219i dimensiunea de 30 x 40 cm, cu grosime de 2 cm, oferind spa\u021biu suficient pentru antrenament repetat \u0219i durabilitate \u00een timp.","og_url":"https:\/\/jucarii-lemn-online.ro\/produs\/tabla-caligrafica-din-lemn-litere-de-mana\/","og_site_name":"Juc\u0103rii din lemn fabricate \u00een Rom\u00e2nia!","article_modified_time":"2025-10-03T07:34:10+00:00","og_image":[{"width":2048,"height":1365,"url":"https:\/\/jucarii-lemn-online.ro\/wp-content\/uploads\/2023\/05\/67402186_2334092120242539_8947503792056696832_n.jpg","type":"image\/jpeg"}],"twitter_card":"summary_large_image","twitter_misc":{"Est. reading time":"1 minute"},"schema":{"@context":"https:\/\/schema.org","@graph":[{"@type":"WebPage","@id":"https:\/\/jucarii-lemn-online.ro\/produs\/tabla-caligrafica-din-lemn-litere-de-mana\/","url":"https:\/\/jucarii-lemn-online.ro\/produs\/tabla-caligrafica-din-lemn-litere-de-mana\/","name":"Tabl\u0103 caligrafic\u0103 din lemn - litere de m\u00e2n\u0103 - Juc\u0103rii din lemn fabricate \u00een Rom\u00e2nia!","isPartOf":{"@id":"https:\/\/jucarii-lemn-online.ro\/#website"},"primaryImageOfPage":{"@id":"https:\/\/jucarii-lemn-online.ro\/produs\/tabla-caligrafica-din-lemn-litere-de-mana\/#primaryimage"},"image":{"@id":"https:\/\/jucarii-lemn-online.ro\/produs\/tabla-caligrafica-din-lemn-litere-de-mana\/#primaryimage"},"thumbnailUrl":"https:\/\/jucarii-lemn-online.ro\/wp-content\/uploads\/2023\/05\/67402186_2334092120242539_8947503792056696832_n.jpg","datePublished":"2023-05-02T19:42:47+00:00","dateModified":"2025-10-03T07:34:10+00:00","breadcrumb":{"@id":"https:\/\/jucarii-lemn-online.ro\/produs\/tabla-caligrafica-din-lemn-litere-de-mana\/#breadcrumb"},"inLanguage":"en-US","potentialAction":[{"@type":"ReadAction","target":["https:\/\/jucarii-lemn-online.ro\/produs\/tabla-caligrafica-din-lemn-litere-de-mana\/"]}]},{"@type":"ImageObject","inLanguage":"en-US","@id":"https:\/\/jucarii-lemn-online.ro\/produs\/tabla-caligrafica-din-lemn-litere-de-mana\/#primaryimage","url":"https:\/\/jucarii-lemn-online.ro\/wp-content\/uploads\/2023\/05\/67402186_2334092120242539_8947503792056696832_n.jpg","contentUrl":"https:\/\/jucarii-lemn-online.ro\/wp-content\/uploads\/2023\/05\/67402186_2334092120242539_8947503792056696832_n.jpg","width":2048,"height":1365},{"@type":"BreadcrumbList","@id":"https:\/\/jucarii-lemn-online.ro\/produs\/tabla-caligrafica-din-lemn-litere-de-mana\/#breadcrumb","itemListElement":[{"@type":"ListItem","position":1,"name":"Prima pagin\u0103","item":"https:\/\/jucarii-lemn-online.ro\/en\/"},{"@type":"ListItem","position":2,"name":"Shop","item":"https:\/\/jucarii-lemn-online.ro\/en\/shop-2\/"},{"@type":"ListItem","position":3,"name":"Tabl\u0103 caligrafic\u0103 din lemn &#8211; litere de m\u00e2n\u0103"}]},{"@type":"WebSite","@id":"https:\/\/jucarii-lemn-online.ro\/#website","url":"https:\/\/jucarii-lemn-online.ro\/","name":"Juc\u0103rii din lemn fabricate \u00een Rom\u00e2nia!","description":"Juc\u0103rii din lemn fabricate \u00een Rom\u00e2nia!","potentialAction":[{"@type":"SearchAction","target":{"@type":"EntryPoint","urlTemplate":"https:\/\/jucarii-lemn-online.ro\/?s={search_term_string}"},"query-input":{"@type":"PropertyValueSpecification","valueRequired":true,"valueName":"search_term_string"}}],"inLanguage":"en-US"}]}},"_links":{"self":[{"href":"https:\/\/jucarii-lemn-online.ro\/en\/wp-json\/wp\/v2\/product\/3497","targetHints":{"allow":["GET"]}}],"collection":[{"href":"https:\/\/jucarii-lemn-online.ro\/en\/wp-json\/wp\/v2\/product"}],"about":[{"href":"https:\/\/jucarii-lemn-online.ro\/en\/wp-json\/wp\/v2\/types\/product"}],"wp:featuredmedia":[{"embeddable":true,"href":"https:\/\/jucarii-lemn-online.ro\/en\/wp-json\/wp\/v2\/media\/3498"}],"wp:attachment":[{"href":"https:\/\/jucarii-lemn-online.ro\/en\/wp-json\/wp\/v2\/media?parent=3497"}],"wp:term":[{"taxonomy":"product_brand","embeddable":true,"href":"https:\/\/jucarii-lemn-online.ro\/en\/wp-json\/wp\/v2\/product_brand?post=3497"},{"taxonomy":"product_cat","embeddable":true,"href":"https:\/\/jucarii-lemn-online.ro\/en\/wp-json\/wp\/v2\/product_cat?post=3497"},{"taxonomy":"product_tag","embeddable":true,"href":"https:\/\/jucarii-lemn-online.ro\/en\/wp-json\/wp\/v2\/product_tag?post=3497"}],"curies":[{"name":"wp","href":"https:\/\/api.w.org\/{rel}","templated":true}]}}