{"id":3477,"date":"2023-04-30T16:25:27","date_gmt":"2023-04-30T16:25:27","guid":{"rendered":"https:\/\/jucarii-lemn-online.ro\/?post_type=product&#038;p=3477"},"modified":"2026-01-28T15:45:10","modified_gmt":"2026-01-28T13:45:10","slug":"set-matematica-ingenio","status":"publish","type":"product","link":"https:\/\/jucarii-lemn-online.ro\/en\/produs\/set-matematica-ingenio\/","title":{"rendered":"Set matematica Ingenio"},"content":{"rendered":"<p><span class=\"x193iq5w xeuugli x13faqbe x1vvkbs x1xmvt09 x1lliihq x1s928wv xhkezso x1gmr53x x1cpjm7i x1fgarty x1943h6x xudqn12 x3x7a5m x6prxxf xvq8zen xo1l8bm xzsf02u x1yc453h\" dir=\"auto\">Cu ajutorul lui, cei mici, pot \u00eenv\u0103\u021ba cu o mai mare u\u0219urin\u021b\u0103 tabla \u00eenmul\u021birii, tabla \u00eemp\u0103r\u021birii, adunarea \u0219i sc\u0103derea, frac\u021biile \u0219i ceasul.<\/span><\/p>\n","protected":false},"excerpt":{"rendered":"<p><span class=\"x193iq5w xeuugli x13faqbe x1vvkbs x1xmvt09 x1lliihq x1s928wv xhkezso x1gmr53x x1cpjm7i x1fgarty x1943h6x xudqn12 x3x7a5m x6prxxf xvq8zen xo1l8bm xzsf02u x1yc453h\" dir=\"auto\">Cu ajutorul lui, cei mici, pot \u00eenv\u0103\u021ba cu o mai mare u\u0219urin\u021b\u0103 tabla \u00eenmul\u021birii, tabla \u00eemp\u0103r\u021birii, adunarea \u0219i sc\u0103derea, frac\u021biile \u0219i ceasul.<\/span><\/p>\n","protected":false},"featured_media":3487,"template":"","meta":[],"product_brand":[],"product_cat":[92],"product_tag":[188,190,187,186,189,185],"class_list":{"0":"post-3477","1":"product","2":"type-product","3":"status-publish","4":"has-post-thumbnail","6":"product_cat-ingenioplay","7":"product_tag-adunare","8":"product_tag-ceas","9":"product_tag-imaprtire","10":"product_tag-inmultire","11":"product_tag-scadere","12":"product_tag-set-matematica","14":"first","15":"instock","16":"shipping-taxable","17":"purchasable","18":"product-type-simple"},"yoast_head":"<!-- This site is optimized with the Yoast SEO plugin v24.5 - https:\/\/yoast.com\/wordpress\/plugins\/seo\/ -->\n<title>Set matematica Ingenio - Juc\u0103rii din lemn fabricate \u00een Rom\u00e2nia!<\/title>\n<meta name=\"description\" content=\"Cu ajutorul lui, cei mici, pot \u00eenv\u0103\u021ba cu o mai mare u\u0219urin\u021b\u0103 tabla \u00eenmul\u021birii, tabla \u00eemp\u0103r\u021birii, adunarea \u0219i sc\u0103derea, frac\u021biile \u0219i ceasul.\" \/>\n<meta name=\"robots\" content=\"index, follow, max-snippet:-1, max-image-preview:large, max-video-preview:-1\" \/>\n<link rel=\"canonical\" href=\"https:\/\/jucarii-lemn-online.ro\/produs\/set-matematica-ingenio\/\" \/>\n<meta property=\"og:locale\" content=\"en_US\" \/>\n<meta property=\"og:type\" content=\"article\" \/>\n<meta property=\"og:title\" content=\"Set matematica Ingenio - Juc\u0103rii din lemn fabricate \u00een Rom\u00e2nia!\" \/>\n<meta property=\"og:description\" content=\"Cu ajutorul lui, cei mici, pot \u00eenv\u0103\u021ba cu o mai mare u\u0219urin\u021b\u0103 tabla \u00eenmul\u021birii, tabla \u00eemp\u0103r\u021birii, adunarea \u0219i sc\u0103derea, frac\u021biile \u0219i ceasul.\" \/>\n<meta property=\"og:url\" content=\"https:\/\/jucarii-lemn-online.ro\/produs\/set-matematica-ingenio\/\" \/>\n<meta property=\"og:site_name\" content=\"Juc\u0103rii din lemn fabricate \u00een Rom\u00e2nia!\" \/>\n<meta property=\"article:modified_time\" content=\"2026-01-28T13:45:10+00:00\" \/>\n<meta property=\"og:image\" content=\"https:\/\/jucarii-lemn-online.ro\/wp-content\/uploads\/2023\/04\/335588584_690033702900067_7586092832414251597_n.jpg\" \/>\n\t<meta property=\"og:image:width\" content=\"1080\" \/>\n\t<meta property=\"og:image:height\" content=\"1080\" \/>\n\t<meta property=\"og:image:type\" content=\"image\/jpeg\" \/>\n<meta name=\"twitter:card\" content=\"summary_large_image\" \/>\n<meta name=\"twitter:label1\" content=\"Est. reading time\" \/>\n\t<meta name=\"twitter:data1\" content=\"1 minute\" \/>\n<script type=\"application\/ld+json\" class=\"yoast-schema-graph\">{\"@context\":\"https:\/\/schema.org\",\"@graph\":[{\"@type\":\"WebPage\",\"@id\":\"https:\/\/jucarii-lemn-online.ro\/produs\/set-matematica-ingenio\/\",\"url\":\"https:\/\/jucarii-lemn-online.ro\/produs\/set-matematica-ingenio\/\",\"name\":\"Set matematica Ingenio - Juc\u0103rii din lemn fabricate \u00een Rom\u00e2nia!\",\"isPartOf\":{\"@id\":\"https:\/\/jucarii-lemn-online.ro\/#website\"},\"primaryImageOfPage\":{\"@id\":\"https:\/\/jucarii-lemn-online.ro\/produs\/set-matematica-ingenio\/#primaryimage\"},\"image\":{\"@id\":\"https:\/\/jucarii-lemn-online.ro\/produs\/set-matematica-ingenio\/#primaryimage\"},\"thumbnailUrl\":\"https:\/\/jucarii-lemn-online.ro\/wp-content\/uploads\/2023\/04\/335588584_690033702900067_7586092832414251597_n.jpg\",\"datePublished\":\"2023-04-30T16:25:27+00:00\",\"dateModified\":\"2026-01-28T13:45:10+00:00\",\"description\":\"Cu ajutorul lui, cei mici, pot \u00eenv\u0103\u021ba cu o mai mare u\u0219urin\u021b\u0103 tabla \u00eenmul\u021birii, tabla \u00eemp\u0103r\u021birii, adunarea \u0219i sc\u0103derea, frac\u021biile \u0219i ceasul.\",\"breadcrumb\":{\"@id\":\"https:\/\/jucarii-lemn-online.ro\/produs\/set-matematica-ingenio\/#breadcrumb\"},\"inLanguage\":\"en-US\",\"potentialAction\":[{\"@type\":\"ReadAction\",\"target\":[\"https:\/\/jucarii-lemn-online.ro\/produs\/set-matematica-ingenio\/\"]}]},{\"@type\":\"ImageObject\",\"inLanguage\":\"en-US\",\"@id\":\"https:\/\/jucarii-lemn-online.ro\/produs\/set-matematica-ingenio\/#primaryimage\",\"url\":\"https:\/\/jucarii-lemn-online.ro\/wp-content\/uploads\/2023\/04\/335588584_690033702900067_7586092832414251597_n.jpg\",\"contentUrl\":\"https:\/\/jucarii-lemn-online.ro\/wp-content\/uploads\/2023\/04\/335588584_690033702900067_7586092832414251597_n.jpg\",\"width\":1080,\"height\":1080},{\"@type\":\"BreadcrumbList\",\"@id\":\"https:\/\/jucarii-lemn-online.ro\/produs\/set-matematica-ingenio\/#breadcrumb\",\"itemListElement\":[{\"@type\":\"ListItem\",\"position\":1,\"name\":\"Prima pagin\u0103\",\"item\":\"https:\/\/jucarii-lemn-online.ro\/en\/\"},{\"@type\":\"ListItem\",\"position\":2,\"name\":\"Shop\",\"item\":\"https:\/\/jucarii-lemn-online.ro\/en\/shop-2\/\"},{\"@type\":\"ListItem\",\"position\":3,\"name\":\"Set matematica Ingenio\"}]},{\"@type\":\"WebSite\",\"@id\":\"https:\/\/jucarii-lemn-online.ro\/#website\",\"url\":\"https:\/\/jucarii-lemn-online.ro\/\",\"name\":\"Juc\u0103rii din lemn fabricate \u00een Rom\u00e2nia!\",\"description\":\"Juc\u0103rii din lemn fabricate \u00een Rom\u00e2nia!\",\"potentialAction\":[{\"@type\":\"SearchAction\",\"target\":{\"@type\":\"EntryPoint\",\"urlTemplate\":\"https:\/\/jucarii-lemn-online.ro\/?s={search_term_string}\"},\"query-input\":{\"@type\":\"PropertyValueSpecification\",\"valueRequired\":true,\"valueName\":\"search_term_string\"}}],\"inLanguage\":\"en-US\"}]}<\/script>\n<!-- \/ Yoast SEO plugin. -->","yoast_head_json":{"title":"Set matematica Ingenio - Juc\u0103rii din lemn fabricate \u00een Rom\u00e2nia!","description":"Cu ajutorul lui, cei mici, pot \u00eenv\u0103\u021ba cu o mai mare u\u0219urin\u021b\u0103 tabla \u00eenmul\u021birii, tabla \u00eemp\u0103r\u021birii, adunarea \u0219i sc\u0103derea, frac\u021biile \u0219i ceasul.","robots":{"index":"index","follow":"follow","max-snippet":"max-snippet:-1","max-image-preview":"max-image-preview:large","max-video-preview":"max-video-preview:-1"},"canonical":"https:\/\/jucarii-lemn-online.ro\/produs\/set-matematica-ingenio\/","og_locale":"en_US","og_type":"article","og_title":"Set matematica Ingenio - Juc\u0103rii din lemn fabricate \u00een Rom\u00e2nia!","og_description":"Cu ajutorul lui, cei mici, pot \u00eenv\u0103\u021ba cu o mai mare u\u0219urin\u021b\u0103 tabla \u00eenmul\u021birii, tabla \u00eemp\u0103r\u021birii, adunarea \u0219i sc\u0103derea, frac\u021biile \u0219i ceasul.","og_url":"https:\/\/jucarii-lemn-online.ro\/produs\/set-matematica-ingenio\/","og_site_name":"Juc\u0103rii din lemn fabricate \u00een Rom\u00e2nia!","article_modified_time":"2026-01-28T13:45:10+00:00","og_image":[{"width":1080,"height":1080,"url":"https:\/\/jucarii-lemn-online.ro\/wp-content\/uploads\/2023\/04\/335588584_690033702900067_7586092832414251597_n.jpg","type":"image\/jpeg"}],"twitter_card":"summary_large_image","twitter_misc":{"Est. reading time":"1 minute"},"schema":{"@context":"https:\/\/schema.org","@graph":[{"@type":"WebPage","@id":"https:\/\/jucarii-lemn-online.ro\/produs\/set-matematica-ingenio\/","url":"https:\/\/jucarii-lemn-online.ro\/produs\/set-matematica-ingenio\/","name":"Set matematica Ingenio - Juc\u0103rii din lemn fabricate \u00een Rom\u00e2nia!","isPartOf":{"@id":"https:\/\/jucarii-lemn-online.ro\/#website"},"primaryImageOfPage":{"@id":"https:\/\/jucarii-lemn-online.ro\/produs\/set-matematica-ingenio\/#primaryimage"},"image":{"@id":"https:\/\/jucarii-lemn-online.ro\/produs\/set-matematica-ingenio\/#primaryimage"},"thumbnailUrl":"https:\/\/jucarii-lemn-online.ro\/wp-content\/uploads\/2023\/04\/335588584_690033702900067_7586092832414251597_n.jpg","datePublished":"2023-04-30T16:25:27+00:00","dateModified":"2026-01-28T13:45:10+00:00","description":"Cu ajutorul lui, cei mici, pot \u00eenv\u0103\u021ba cu o mai mare u\u0219urin\u021b\u0103 tabla \u00eenmul\u021birii, tabla \u00eemp\u0103r\u021birii, adunarea \u0219i sc\u0103derea, frac\u021biile \u0219i ceasul.","breadcrumb":{"@id":"https:\/\/jucarii-lemn-online.ro\/produs\/set-matematica-ingenio\/#breadcrumb"},"inLanguage":"en-US","potentialAction":[{"@type":"ReadAction","target":["https:\/\/jucarii-lemn-online.ro\/produs\/set-matematica-ingenio\/"]}]},{"@type":"ImageObject","inLanguage":"en-US","@id":"https:\/\/jucarii-lemn-online.ro\/produs\/set-matematica-ingenio\/#primaryimage","url":"https:\/\/jucarii-lemn-online.ro\/wp-content\/uploads\/2023\/04\/335588584_690033702900067_7586092832414251597_n.jpg","contentUrl":"https:\/\/jucarii-lemn-online.ro\/wp-content\/uploads\/2023\/04\/335588584_690033702900067_7586092832414251597_n.jpg","width":1080,"height":1080},{"@type":"BreadcrumbList","@id":"https:\/\/jucarii-lemn-online.ro\/produs\/set-matematica-ingenio\/#breadcrumb","itemListElement":[{"@type":"ListItem","position":1,"name":"Prima pagin\u0103","item":"https:\/\/jucarii-lemn-online.ro\/en\/"},{"@type":"ListItem","position":2,"name":"Shop","item":"https:\/\/jucarii-lemn-online.ro\/en\/shop-2\/"},{"@type":"ListItem","position":3,"name":"Set matematica Ingenio"}]},{"@type":"WebSite","@id":"https:\/\/jucarii-lemn-online.ro\/#website","url":"https:\/\/jucarii-lemn-online.ro\/","name":"Juc\u0103rii din lemn fabricate \u00een Rom\u00e2nia!","description":"Juc\u0103rii din lemn fabricate \u00een Rom\u00e2nia!","potentialAction":[{"@type":"SearchAction","target":{"@type":"EntryPoint","urlTemplate":"https:\/\/jucarii-lemn-online.ro\/?s={search_term_string}"},"query-input":{"@type":"PropertyValueSpecification","valueRequired":true,"valueName":"search_term_string"}}],"inLanguage":"en-US"}]}},"_links":{"self":[{"href":"https:\/\/jucarii-lemn-online.ro\/en\/wp-json\/wp\/v2\/product\/3477","targetHints":{"allow":["GET"]}}],"collection":[{"href":"https:\/\/jucarii-lemn-online.ro\/en\/wp-json\/wp\/v2\/product"}],"about":[{"href":"https:\/\/jucarii-lemn-online.ro\/en\/wp-json\/wp\/v2\/types\/product"}],"wp:featuredmedia":[{"embeddable":true,"href":"https:\/\/jucarii-lemn-online.ro\/en\/wp-json\/wp\/v2\/media\/3487"}],"wp:attachment":[{"href":"https:\/\/jucarii-lemn-online.ro\/en\/wp-json\/wp\/v2\/media?parent=3477"}],"wp:term":[{"taxonomy":"product_brand","embeddable":true,"href":"https:\/\/jucarii-lemn-online.ro\/en\/wp-json\/wp\/v2\/product_brand?post=3477"},{"taxonomy":"product_cat","embeddable":true,"href":"https:\/\/jucarii-lemn-online.ro\/en\/wp-json\/wp\/v2\/product_cat?post=3477"},{"taxonomy":"product_tag","embeddable":true,"href":"https:\/\/jucarii-lemn-online.ro\/en\/wp-json\/wp\/v2\/product_tag?post=3477"}],"curies":[{"name":"wp","href":"https:\/\/api.w.org\/{rel}","templated":true}]}}