{"id":3463,"date":"2023-04-30T15:38:39","date_gmt":"2023-04-30T15:38:39","guid":{"rendered":"https:\/\/jucarii-lemn-online.ro\/?post_type=product&#038;p=3463"},"modified":"2026-04-14T11:03:40","modified_gmt":"2026-04-14T09:03:40","slug":"alfabetul-litera-cu-litera","status":"publish","type":"product","link":"https:\/\/jucarii-lemn-online.ro\/en\/produs\/alfabetul-litera-cu-litera\/","title":{"rendered":"Alfabetul &#8211; Liter\u0103 cu liter\u0103"},"content":{"rendered":"<p data-start=\"108\" data-end=\"706\"><strong data-start=\"125\" data-end=\"161\">Alfabet cu t\u0103vi\u021b\u0103 pentru sortare<\/strong><br data-start=\"161\" data-end=\"164\" \/>Acest set educativ este realizat special pentru copiii de v\u00e2rst\u0103 pre\u0219colar\u0103 \u0219i \u0219colar\u0103, fiind o modalitate juc\u0103u\u0219\u0103 \u0219i practic\u0103 de a descoperi alfabetul \u0219i de a forma primele cuvinte. Copilul poate construi cuvinte folosindu-se de litere \u0219i de imaginile alese, ceea ce transform\u0103 \u00eenv\u0103\u021barea \u00eentr-o experien\u021b\u0103 distractiv\u0103.<br data-start=\"483\" data-end=\"486\" \/>Setul include 3 serii de litere (dou\u0103 cu litere mici \u0219i una cu litere mari), cartona\u0219e laminate cu imagini, suport pentru formarea cuvintelor, o t\u0103vi\u021b\u0103 pentru sortarea literelor \u0219i un s\u0103cule\u021b practic pentru depozitare.<\/p>\n<p>Fabricat in Romania!<\/p>\n","protected":false},"excerpt":{"rendered":"<p data-start=\"108\" data-end=\"706\"><strong data-start=\"730\" data-end=\"775\">Set educativ Alfabet cu t\u0103vi\u021b\u0103 de sortare<\/strong><br data-start=\"775\" data-end=\"778\" \/>Un material didactic creat pentru cei mici, care \u00eembin\u0103 joaca \u0219i \u00eenv\u0103\u021barea. Copiii pot \u00eenv\u0103\u021ba s\u0103 recunoasc\u0103 literele \u0219i s\u0103 compun\u0103 cuvinte, a\u0219ez\u00e2ndu-le corespunz\u0103tor imaginilor ilustrate.<\/p>\n","protected":false},"featured_media":3464,"template":"","meta":[],"product_brand":[],"product_cat":[92,174],"product_tag":[198,262,263,232],"class_list":{"0":"post-3463","1":"product","2":"type-product","3":"status-publish","4":"has-post-thumbnail","6":"product_cat-ingenioplay","7":"product_cat-pagina-principala","8":"product_tag-abc","9":"product_tag-alfabet","10":"product_tag-educativ","11":"product_tag-litere","13":"first","14":"instock","15":"shipping-taxable","16":"purchasable","17":"product-type-simple"},"yoast_head":"<!-- This site is optimized with the Yoast SEO plugin v24.5 - https:\/\/yoast.com\/wordpress\/plugins\/seo\/ -->\n<title>Alfabetul - Liter\u0103 cu liter\u0103 - Juc\u0103rii din lemn fabricate \u00een Rom\u00e2nia!<\/title>\n<meta name=\"description\" content=\"Alfabet cu t\u0103vi\u021b\u0103 pentru sortareAcest set educativ este realizat special pentru copiii de v\u00e2rst\u0103 pre\u0219colar\u0103 \u0219i \u0219colar\u0103, fiind o modalitate juc\u0103u\u0219\u0103 \u0219i practic\u0103 de a descoperi alfabetul \u0219i de a forma primele cuvinte. Copilul poate construi cuvinte folosindu-se de litere \u0219i de imaginile alese, ceea ce transform\u0103 \u00eenv\u0103\u021barea \u00eentr-o experien\u021b\u0103 distractiv\u0103.Setul include 3 serii de litere (dou\u0103 cu litere mici \u0219i una cu litere mari), cartona\u0219e laminate cu imagini, suport pentru formarea cuvintelor, o t\u0103vi\u021b\u0103 pentru sortarea literelor \u0219i un s\u0103cule\u021b practic pentru depozitare.\" \/>\n<meta name=\"robots\" content=\"index, follow, max-snippet:-1, max-image-preview:large, max-video-preview:-1\" \/>\n<link rel=\"canonical\" href=\"https:\/\/jucarii-lemn-online.ro\/produs\/alfabetul-litera-cu-litera\/\" \/>\n<meta property=\"og:locale\" content=\"en_US\" \/>\n<meta property=\"og:type\" content=\"article\" \/>\n<meta property=\"og:title\" content=\"Alfabetul - Liter\u0103 cu liter\u0103 - Juc\u0103rii din lemn fabricate \u00een Rom\u00e2nia!\" \/>\n<meta property=\"og:description\" content=\"Alfabet cu t\u0103vi\u021b\u0103 pentru sortareAcest set educativ este realizat special pentru copiii de v\u00e2rst\u0103 pre\u0219colar\u0103 \u0219i \u0219colar\u0103, fiind o modalitate juc\u0103u\u0219\u0103 \u0219i practic\u0103 de a descoperi alfabetul \u0219i de a forma primele cuvinte. Copilul poate construi cuvinte folosindu-se de litere \u0219i de imaginile alese, ceea ce transform\u0103 \u00eenv\u0103\u021barea \u00eentr-o experien\u021b\u0103 distractiv\u0103.Setul include 3 serii de litere (dou\u0103 cu litere mici \u0219i una cu litere mari), cartona\u0219e laminate cu imagini, suport pentru formarea cuvintelor, o t\u0103vi\u021b\u0103 pentru sortarea literelor \u0219i un s\u0103cule\u021b practic pentru depozitare.\" \/>\n<meta property=\"og:url\" content=\"https:\/\/jucarii-lemn-online.ro\/produs\/alfabetul-litera-cu-litera\/\" \/>\n<meta property=\"og:site_name\" content=\"Juc\u0103rii din lemn fabricate \u00een Rom\u00e2nia!\" \/>\n<meta property=\"article:modified_time\" content=\"2026-04-14T09:03:40+00:00\" \/>\n<meta property=\"og:image\" content=\"https:\/\/jucarii-lemn-online.ro\/wp-content\/uploads\/2023\/04\/131247077_666643944010987_4466685021159363248_n-scaled.jpg\" \/>\n\t<meta property=\"og:image:width\" content=\"2560\" \/>\n\t<meta property=\"og:image:height\" content=\"1706\" \/>\n\t<meta property=\"og:image:type\" content=\"image\/jpeg\" \/>\n<meta name=\"twitter:card\" content=\"summary_large_image\" \/>\n<meta name=\"twitter:label1\" content=\"Est. reading time\" \/>\n\t<meta name=\"twitter:data1\" content=\"1 minute\" \/>\n<script type=\"application\/ld+json\" class=\"yoast-schema-graph\">{\"@context\":\"https:\/\/schema.org\",\"@graph\":[{\"@type\":\"WebPage\",\"@id\":\"https:\/\/jucarii-lemn-online.ro\/produs\/alfabetul-litera-cu-litera\/\",\"url\":\"https:\/\/jucarii-lemn-online.ro\/produs\/alfabetul-litera-cu-litera\/\",\"name\":\"Alfabetul - Liter\u0103 cu liter\u0103 - Juc\u0103rii din lemn fabricate \u00een Rom\u00e2nia!\",\"isPartOf\":{\"@id\":\"https:\/\/jucarii-lemn-online.ro\/#website\"},\"primaryImageOfPage\":{\"@id\":\"https:\/\/jucarii-lemn-online.ro\/produs\/alfabetul-litera-cu-litera\/#primaryimage\"},\"image\":{\"@id\":\"https:\/\/jucarii-lemn-online.ro\/produs\/alfabetul-litera-cu-litera\/#primaryimage\"},\"thumbnailUrl\":\"https:\/\/jucarii-lemn-online.ro\/wp-content\/uploads\/2023\/04\/131247077_666643944010987_4466685021159363248_n-scaled.jpg\",\"datePublished\":\"2023-04-30T15:38:39+00:00\",\"dateModified\":\"2026-04-14T09:03:40+00:00\",\"description\":\"Alfabet cu t\u0103vi\u021b\u0103 pentru sortareAcest set educativ este realizat special pentru copiii de v\u00e2rst\u0103 pre\u0219colar\u0103 \u0219i \u0219colar\u0103, fiind o modalitate juc\u0103u\u0219\u0103 \u0219i practic\u0103 de a descoperi alfabetul \u0219i de a forma primele cuvinte. Copilul poate construi cuvinte folosindu-se de litere \u0219i de imaginile alese, ceea ce transform\u0103 \u00eenv\u0103\u021barea \u00eentr-o experien\u021b\u0103 distractiv\u0103.Setul include 3 serii de litere (dou\u0103 cu litere mici \u0219i una cu litere mari), cartona\u0219e laminate cu imagini, suport pentru formarea cuvintelor, o t\u0103vi\u021b\u0103 pentru sortarea literelor \u0219i un s\u0103cule\u021b practic pentru depozitare.\",\"breadcrumb\":{\"@id\":\"https:\/\/jucarii-lemn-online.ro\/produs\/alfabetul-litera-cu-litera\/#breadcrumb\"},\"inLanguage\":\"en-US\",\"potentialAction\":[{\"@type\":\"ReadAction\",\"target\":[\"https:\/\/jucarii-lemn-online.ro\/produs\/alfabetul-litera-cu-litera\/\"]}]},{\"@type\":\"ImageObject\",\"inLanguage\":\"en-US\",\"@id\":\"https:\/\/jucarii-lemn-online.ro\/produs\/alfabetul-litera-cu-litera\/#primaryimage\",\"url\":\"https:\/\/jucarii-lemn-online.ro\/wp-content\/uploads\/2023\/04\/131247077_666643944010987_4466685021159363248_n-scaled.jpg\",\"contentUrl\":\"https:\/\/jucarii-lemn-online.ro\/wp-content\/uploads\/2023\/04\/131247077_666643944010987_4466685021159363248_n-scaled.jpg\",\"width\":2560,\"height\":1706},{\"@type\":\"BreadcrumbList\",\"@id\":\"https:\/\/jucarii-lemn-online.ro\/produs\/alfabetul-litera-cu-litera\/#breadcrumb\",\"itemListElement\":[{\"@type\":\"ListItem\",\"position\":1,\"name\":\"Prima pagin\u0103\",\"item\":\"https:\/\/jucarii-lemn-online.ro\/en\/\"},{\"@type\":\"ListItem\",\"position\":2,\"name\":\"Shop\",\"item\":\"https:\/\/jucarii-lemn-online.ro\/en\/shop-2\/\"},{\"@type\":\"ListItem\",\"position\":3,\"name\":\"Alfabetul &#8211; Liter\u0103 cu liter\u0103\"}]},{\"@type\":\"WebSite\",\"@id\":\"https:\/\/jucarii-lemn-online.ro\/#website\",\"url\":\"https:\/\/jucarii-lemn-online.ro\/\",\"name\":\"Juc\u0103rii din lemn fabricate \u00een Rom\u00e2nia!\",\"description\":\"Juc\u0103rii din lemn fabricate \u00een Rom\u00e2nia!\",\"potentialAction\":[{\"@type\":\"SearchAction\",\"target\":{\"@type\":\"EntryPoint\",\"urlTemplate\":\"https:\/\/jucarii-lemn-online.ro\/?s={search_term_string}\"},\"query-input\":{\"@type\":\"PropertyValueSpecification\",\"valueRequired\":true,\"valueName\":\"search_term_string\"}}],\"inLanguage\":\"en-US\"}]}<\/script>\n<!-- \/ Yoast SEO plugin. -->","yoast_head_json":{"title":"Alfabetul - Liter\u0103 cu liter\u0103 - Juc\u0103rii din lemn fabricate \u00een Rom\u00e2nia!","description":"Alfabet cu t\u0103vi\u021b\u0103 pentru sortareAcest set educativ este realizat special pentru copiii de v\u00e2rst\u0103 pre\u0219colar\u0103 \u0219i \u0219colar\u0103, fiind o modalitate juc\u0103u\u0219\u0103 \u0219i practic\u0103 de a descoperi alfabetul \u0219i de a forma primele cuvinte. Copilul poate construi cuvinte folosindu-se de litere \u0219i de imaginile alese, ceea ce transform\u0103 \u00eenv\u0103\u021barea \u00eentr-o experien\u021b\u0103 distractiv\u0103.Setul include 3 serii de litere (dou\u0103 cu litere mici \u0219i una cu litere mari), cartona\u0219e laminate cu imagini, suport pentru formarea cuvintelor, o t\u0103vi\u021b\u0103 pentru sortarea literelor \u0219i un s\u0103cule\u021b practic pentru depozitare.","robots":{"index":"index","follow":"follow","max-snippet":"max-snippet:-1","max-image-preview":"max-image-preview:large","max-video-preview":"max-video-preview:-1"},"canonical":"https:\/\/jucarii-lemn-online.ro\/produs\/alfabetul-litera-cu-litera\/","og_locale":"en_US","og_type":"article","og_title":"Alfabetul - Liter\u0103 cu liter\u0103 - Juc\u0103rii din lemn fabricate \u00een Rom\u00e2nia!","og_description":"Alfabet cu t\u0103vi\u021b\u0103 pentru sortareAcest set educativ este realizat special pentru copiii de v\u00e2rst\u0103 pre\u0219colar\u0103 \u0219i \u0219colar\u0103, fiind o modalitate juc\u0103u\u0219\u0103 \u0219i practic\u0103 de a descoperi alfabetul \u0219i de a forma primele cuvinte. Copilul poate construi cuvinte folosindu-se de litere \u0219i de imaginile alese, ceea ce transform\u0103 \u00eenv\u0103\u021barea \u00eentr-o experien\u021b\u0103 distractiv\u0103.Setul include 3 serii de litere (dou\u0103 cu litere mici \u0219i una cu litere mari), cartona\u0219e laminate cu imagini, suport pentru formarea cuvintelor, o t\u0103vi\u021b\u0103 pentru sortarea literelor \u0219i un s\u0103cule\u021b practic pentru depozitare.","og_url":"https:\/\/jucarii-lemn-online.ro\/produs\/alfabetul-litera-cu-litera\/","og_site_name":"Juc\u0103rii din lemn fabricate \u00een Rom\u00e2nia!","article_modified_time":"2026-04-14T09:03:40+00:00","og_image":[{"width":2560,"height":1706,"url":"https:\/\/jucarii-lemn-online.ro\/wp-content\/uploads\/2023\/04\/131247077_666643944010987_4466685021159363248_n-scaled.jpg","type":"image\/jpeg"}],"twitter_card":"summary_large_image","twitter_misc":{"Est. reading time":"1 minute"},"schema":{"@context":"https:\/\/schema.org","@graph":[{"@type":"WebPage","@id":"https:\/\/jucarii-lemn-online.ro\/produs\/alfabetul-litera-cu-litera\/","url":"https:\/\/jucarii-lemn-online.ro\/produs\/alfabetul-litera-cu-litera\/","name":"Alfabetul - Liter\u0103 cu liter\u0103 - Juc\u0103rii din lemn fabricate \u00een Rom\u00e2nia!","isPartOf":{"@id":"https:\/\/jucarii-lemn-online.ro\/#website"},"primaryImageOfPage":{"@id":"https:\/\/jucarii-lemn-online.ro\/produs\/alfabetul-litera-cu-litera\/#primaryimage"},"image":{"@id":"https:\/\/jucarii-lemn-online.ro\/produs\/alfabetul-litera-cu-litera\/#primaryimage"},"thumbnailUrl":"https:\/\/jucarii-lemn-online.ro\/wp-content\/uploads\/2023\/04\/131247077_666643944010987_4466685021159363248_n-scaled.jpg","datePublished":"2023-04-30T15:38:39+00:00","dateModified":"2026-04-14T09:03:40+00:00","description":"Alfabet cu t\u0103vi\u021b\u0103 pentru sortareAcest set educativ este realizat special pentru copiii de v\u00e2rst\u0103 pre\u0219colar\u0103 \u0219i \u0219colar\u0103, fiind o modalitate juc\u0103u\u0219\u0103 \u0219i practic\u0103 de a descoperi alfabetul \u0219i de a forma primele cuvinte. Copilul poate construi cuvinte folosindu-se de litere \u0219i de imaginile alese, ceea ce transform\u0103 \u00eenv\u0103\u021barea \u00eentr-o experien\u021b\u0103 distractiv\u0103.Setul include 3 serii de litere (dou\u0103 cu litere mici \u0219i una cu litere mari), cartona\u0219e laminate cu imagini, suport pentru formarea cuvintelor, o t\u0103vi\u021b\u0103 pentru sortarea literelor \u0219i un s\u0103cule\u021b practic pentru depozitare.","breadcrumb":{"@id":"https:\/\/jucarii-lemn-online.ro\/produs\/alfabetul-litera-cu-litera\/#breadcrumb"},"inLanguage":"en-US","potentialAction":[{"@type":"ReadAction","target":["https:\/\/jucarii-lemn-online.ro\/produs\/alfabetul-litera-cu-litera\/"]}]},{"@type":"ImageObject","inLanguage":"en-US","@id":"https:\/\/jucarii-lemn-online.ro\/produs\/alfabetul-litera-cu-litera\/#primaryimage","url":"https:\/\/jucarii-lemn-online.ro\/wp-content\/uploads\/2023\/04\/131247077_666643944010987_4466685021159363248_n-scaled.jpg","contentUrl":"https:\/\/jucarii-lemn-online.ro\/wp-content\/uploads\/2023\/04\/131247077_666643944010987_4466685021159363248_n-scaled.jpg","width":2560,"height":1706},{"@type":"BreadcrumbList","@id":"https:\/\/jucarii-lemn-online.ro\/produs\/alfabetul-litera-cu-litera\/#breadcrumb","itemListElement":[{"@type":"ListItem","position":1,"name":"Prima pagin\u0103","item":"https:\/\/jucarii-lemn-online.ro\/en\/"},{"@type":"ListItem","position":2,"name":"Shop","item":"https:\/\/jucarii-lemn-online.ro\/en\/shop-2\/"},{"@type":"ListItem","position":3,"name":"Alfabetul &#8211; Liter\u0103 cu liter\u0103"}]},{"@type":"WebSite","@id":"https:\/\/jucarii-lemn-online.ro\/#website","url":"https:\/\/jucarii-lemn-online.ro\/","name":"Juc\u0103rii din lemn fabricate \u00een Rom\u00e2nia!","description":"Juc\u0103rii din lemn fabricate \u00een Rom\u00e2nia!","potentialAction":[{"@type":"SearchAction","target":{"@type":"EntryPoint","urlTemplate":"https:\/\/jucarii-lemn-online.ro\/?s={search_term_string}"},"query-input":{"@type":"PropertyValueSpecification","valueRequired":true,"valueName":"search_term_string"}}],"inLanguage":"en-US"}]}},"_links":{"self":[{"href":"https:\/\/jucarii-lemn-online.ro\/en\/wp-json\/wp\/v2\/product\/3463","targetHints":{"allow":["GET"]}}],"collection":[{"href":"https:\/\/jucarii-lemn-online.ro\/en\/wp-json\/wp\/v2\/product"}],"about":[{"href":"https:\/\/jucarii-lemn-online.ro\/en\/wp-json\/wp\/v2\/types\/product"}],"wp:featuredmedia":[{"embeddable":true,"href":"https:\/\/jucarii-lemn-online.ro\/en\/wp-json\/wp\/v2\/media\/3464"}],"wp:attachment":[{"href":"https:\/\/jucarii-lemn-online.ro\/en\/wp-json\/wp\/v2\/media?parent=3463"}],"wp:term":[{"taxonomy":"product_brand","embeddable":true,"href":"https:\/\/jucarii-lemn-online.ro\/en\/wp-json\/wp\/v2\/product_brand?post=3463"},{"taxonomy":"product_cat","embeddable":true,"href":"https:\/\/jucarii-lemn-online.ro\/en\/wp-json\/wp\/v2\/product_cat?post=3463"},{"taxonomy":"product_tag","embeddable":true,"href":"https:\/\/jucarii-lemn-online.ro\/en\/wp-json\/wp\/v2\/product_tag?post=3463"}],"curies":[{"name":"wp","href":"https:\/\/api.w.org\/{rel}","templated":true}]}}